{"id":1266,"date":"2026-04-09T00:59:23","date_gmt":"2026-04-09T00:59:23","guid":{"rendered":"https:\/\/www.southvillabath.com\/?post_type=product&#038;p=1266"},"modified":"2026-04-09T03:36:02","modified_gmt":"2026-04-09T03:36:02","slug":"wholesale-wall-hung-toilets-for-multiple-applications","status":"publish","type":"product","link":"https:\/\/www.southvillabath.com\/es\/product\/wholesale-wall-hung-toilets-for-multiple-applications\/","title":{"rendered":"Suministro de f\u00e1brica Inodoro mural lavable SH-002 - Adecuado para una amplia gama de escenarios de aplicaci\u00f3n y proyectos"},"content":{"rendered":"<div class=\"wp-block-columns is-layout-flex wp-container-core-columns-is-layout-9d6595d7 wp-block-columns-is-layout-flex\">\n<div class=\"wp-block-column is-layout-flow wp-block-column-is-layout-flow\">\n<h3 class=\"wp-block-heading\">Inodoro suspendido Caracter\u00edsticas<\/h3>\n\n\n\n<ul class=\"wp-block-list\">\n<li><strong>Adaptabilidad vers\u00e1til a los proyectos<\/strong>: El inodoro suspendido SH-002 es adecuado para una amplia variedad de escenarios y proyectos, desde apartamentos de gran altura hasta hoteles Four Seasons, ya que ofrece comodidad para ahorrar espacio y una limpieza sencilla.<\/li>\n\n\n\n<li><strong>M\u00e1xima eficiencia del espacio: <\/strong>La configuraci\u00f3n suspendida es ideal para renovaciones de peque\u00f1as dimensiones y microapartamentos. Al elevar la unidad del suelo, se crea una sensaci\u00f3n de apertura y se simplifica el mantenimiento del ba\u00f1o para los responsables de instalaciones comerciales.<\/li>\n\n\n\n<li><strong>Fiabilidad a granel B2B:<\/strong> Proporcionamos un suministro constante y de gran volumen a importadores y distribuidores. Nuestra f\u00e1brica garantiza que cada unidad cumpla las estrictas normas CE, ofreciendo la integridad estructural necesaria para su uso a largo plazo en entornos de hosteler\u00eda y venta al por menor de alto tr\u00e1fico.<\/li>\n<\/ul>\n<\/div>\n\n\n\n<div class=\"wp-block-column is-layout-flow wp-block-column-is-layout-flow\">\n<figure class=\"wp-block-image size-full\"><img decoding=\"async\" width=\"1211\" height=\"750\" src=\"https:\/\/www.southvillabath.com\/wp-content\/uploads\/2026\/04\/Wholesale-Wall-hung-Toilet-SH-002-2.jpg\" alt=\"\" class=\"wp-image-1269\" srcset=\"https:\/\/www.southvillabath.com\/wp-content\/uploads\/2026\/04\/Wholesale-Wall-hung-Toilet-SH-002-2.jpg 1211w, https:\/\/www.southvillabath.com\/wp-content\/uploads\/2026\/04\/Wholesale-Wall-hung-Toilet-SH-002-2-300x186.jpg 300w, https:\/\/www.southvillabath.com\/wp-content\/uploads\/2026\/04\/Wholesale-Wall-hung-Toilet-SH-002-2-768x476.jpg 768w, https:\/\/www.southvillabath.com\/wp-content\/uploads\/2026\/04\/Wholesale-Wall-hung-Toilet-SH-002-2-18x12.jpg 18w, https:\/\/www.southvillabath.com\/wp-content\/uploads\/2026\/04\/Wholesale-Wall-hung-Toilet-SH-002-2-1200x743.jpg 1200w, https:\/\/www.southvillabath.com\/wp-content\/uploads\/2026\/04\/Wholesale-Wall-hung-Toilet-SH-002-2-600x372.jpg 600w\" sizes=\"(max-width: 1211px) 100vw, 1211px\" \/><\/figure>\n<\/div>\n<\/div>","protected":false},"excerpt":{"rendered":"<p>Wholesale Inodoros suspendidos Washdown - Directo de f\u00e1brica. El SH-002 Rimless Wall-Hung Toilet es ideal para desarrollos residenciales urbanos de alta densidad. Su dise\u00f1o \u201cflotante\u201d facilita la limpieza r\u00e1pida del suelo, mientras que la taza sin borde garantiza un nivel de higiene superior en las habitaciones de los hoteles. P\u00f3ngase en contacto con nosotros para solicitar un presupuesto.<\/p>\n<h2><strong><b>Inodoro suspendido <\/b><\/strong><strong><b>Especificaci\u00f3n<\/b><\/strong><\/h2>\n<table>\n<tbody>\n<tr>\n<td><strong><b>Especificaci\u00f3n<\/b><\/strong><\/td>\n<td><strong><b>Detalles<\/b><\/strong><\/td>\n<\/tr>\n<tr>\n<td>Modelo<\/td>\n<td>SH-002<\/td>\n<\/tr>\n<tr>\n<td>Tipo de inodoro<\/td>\n<td>Inodoro suspendido<\/td>\n<\/tr>\n<tr>\n<td>Talla<\/td>\n<td>490 mm x 360 mm x 360 mm<\/td>\n<\/tr>\n<tr>\n<td>Sistema de descarga<\/td>\n<td>Lavado sin borde<\/td>\n<\/tr>\n<tr>\n<td>Asiento<\/td>\n<td>Asiento de cierre suave<\/td>\n<\/tr>\n<tr>\n<td>Servicio OEM y ODM<\/td>\n<td>Posibilidad de personalizar el logotipo, los colores, el embalaje, la forma y las caracter\u00edsticas del producto<\/td>\n<\/tr>\n<tr>\n<td>Tipo de drenaje<\/td>\n<td>P-trap: 180mm<\/td>\n<\/tr>\n<tr>\n<td>MOQ<\/td>\n<td>50 piezas, flexible para m\u00e1s discusi\u00f3n<\/td>\n<\/tr>\n<\/tbody>\n<\/table>\n<p>\n<script src=\"chrome-extension:\/\/fpelahbljekknahkcaegamhcndkfpfnc\/iFrame.js\" type=\"text\/javascript\"><\/script><\/p>","protected":false},"featured_media":1267,"comment_status":"closed","ping_status":"closed","template":"","meta":{"_acf_changed":false},"product_brand":[],"product_cat":[19],"product_tag":[],"class_list":{"0":"post-1266","1":"product","2":"type-product","3":"status-publish","4":"has-post-thumbnail","6":"product_cat-wholesale-wall-hung-toilets","8":"first","9":"instock","10":"shipping-taxable","11":"product-type-simple"},"acf":[],"_links":{"self":[{"href":"https:\/\/www.southvillabath.com\/es\/wp-json\/wp\/v2\/product\/1266","targetHints":{"allow":["GET"]}}],"collection":[{"href":"https:\/\/www.southvillabath.com\/es\/wp-json\/wp\/v2\/product"}],"about":[{"href":"https:\/\/www.southvillabath.com\/es\/wp-json\/wp\/v2\/types\/product"}],"replies":[{"embeddable":true,"href":"https:\/\/www.southvillabath.com\/es\/wp-json\/wp\/v2\/comments?post=1266"}],"wp:featuredmedia":[{"embeddable":true,"href":"https:\/\/www.southvillabath.com\/es\/wp-json\/wp\/v2\/media\/1267"}],"wp:attachment":[{"href":"https:\/\/www.southvillabath.com\/es\/wp-json\/wp\/v2\/media?parent=1266"}],"wp:term":[{"taxonomy":"product_brand","embeddable":true,"href":"https:\/\/www.southvillabath.com\/es\/wp-json\/wp\/v2\/product_brand?post=1266"},{"taxonomy":"product_cat","embeddable":true,"href":"https:\/\/www.southvillabath.com\/es\/wp-json\/wp\/v2\/product_cat?post=1266"},{"taxonomy":"product_tag","embeddable":true,"href":"https:\/\/www.southvillabath.com\/es\/wp-json\/wp\/v2\/product_tag?post=1266"}],"curies":[{"name":"wp","href":"https:\/\/api.w.org\/{rel}","templated":true}]}}