{"id":1261,"date":"2026-04-08T09:06:26","date_gmt":"2026-04-08T09:06:26","guid":{"rendered":"https:\/\/www.southvillabath.com\/?post_type=product&#038;p=1261"},"modified":"2026-04-09T01:42:03","modified_gmt":"2026-04-09T01:42:03","slug":"wholesale-high-value-high-performance-toilet-factory","status":"publish","type":"product","link":"https:\/\/www.southvillabath.com\/es\/product\/wholesale-high-value-high-performance-toilet-factory\/","title":{"rendered":"Mayorista Inodoro de dos piezas SH-5102 - Alto rendimiento, alta rentabilidad, f\u00e1cil de promocionar"},"content":{"rendered":"<div class=\"wp-block-columns is-layout-flex wp-container-core-columns-is-layout-9d6595d7 wp-block-columns-is-layout-flex\">\n<div class=\"wp-block-column is-layout-flow wp-block-column-is-layout-flow\">\n<h3 class=\"wp-block-heading\">Inodoro de dos piezas Caracter\u00edsticas<\/h3>\n\n\n\n<ul class=\"wp-block-list\">\n<li><strong>Rentabilidad l\u00edder del mercado:<\/strong> Gracias a unos procesos de fabricaci\u00f3n optimizados, ofrecemos el SH-5102, un inodoro sin borde de gama media-alta dise\u00f1ado para ofrecer la mejor relaci\u00f3n calidad-precio del sector. Como f\u00e1brica de inodoros de dos piezas, ofrecemos precios de f\u00e1brica competitivos.<\/li>\n\n\n\n<li><strong>Enjuague sin borde de alto rendimiento:<\/strong> Equipado con un avanzado sistema de lavado, este modelo proporciona una descarga potente, silenciosa y de bajo consumo de agua.<\/li>\n\n\n\n<li><strong>Est\u00e9tica f\u00e1cil de promocionar:<\/strong> Con su dise\u00f1o minimalista, el SH-5102 es intr\u00ednsecamente atractivo y se alinea con las tendencias actuales de dise\u00f1o de interiores. Su dise\u00f1o de dos piezas ofrece un precio m\u00e1s competitivo en comparaci\u00f3n con los inodoros de una pieza y simplifica el mantenimiento.<\/li>\n\n\n\n<li><strong>Higiene total con acristalamiento antibacteriano: <\/strong>El inodoro cuenta con cristal antibacteriano autolimpiable en todas las superficies interiores y exteriores. Esta caracter\u00edstica de bajo mantenimiento es un factor clave para nuestros clientes B2B que prestan servicio a hoteles, hospitales y apartamentos de lujo.<\/li>\n\n\n\n<li><strong>Cumplimiento global listo para el env\u00edo: <\/strong>Con las marcas WaterMark y CE, esta unidad est\u00e1 homologada para los principales mercados internacionales.<\/li>\n<\/ul>\n<\/div>\n\n\n\n<div class=\"wp-block-column is-layout-flow wp-block-column-is-layout-flow\">\n<figure class=\"wp-block-image size-full\"><img decoding=\"async\" width=\"728\" height=\"924\" src=\"https:\/\/www.southvillabath.com\/wp-content\/uploads\/2026\/04\/wholesale-two-piece-toilet-SH-5102-2.jpg\" alt=\"\" class=\"wp-image-1263\" srcset=\"https:\/\/www.southvillabath.com\/wp-content\/uploads\/2026\/04\/wholesale-two-piece-toilet-SH-5102-2.jpg 728w, https:\/\/www.southvillabath.com\/wp-content\/uploads\/2026\/04\/wholesale-two-piece-toilet-SH-5102-2-236x300.jpg 236w, https:\/\/www.southvillabath.com\/wp-content\/uploads\/2026\/04\/wholesale-two-piece-toilet-SH-5102-2-9x12.jpg 9w, https:\/\/www.southvillabath.com\/wp-content\/uploads\/2026\/04\/wholesale-two-piece-toilet-SH-5102-2-600x762.jpg 600w\" sizes=\"(max-width: 728px) 100vw, 728px\" \/><\/figure>\n<\/div>\n<\/div>","protected":false},"excerpt":{"rendered":"<p>El inodoro de dos piezas sin borde SH-5102 est\u00e1 dise\u00f1ado espec\u00edficamente para los mercados mayoristas y minoristas de cuartos de ba\u00f1o altamente competitivos. Este producto consigue un equilibrio \u00f3ptimo entre un alto rendimiento y un valor excepcional. Como profesional <a href=\"https:\/\/www.southvillabath.com\/es\/categoria-producto\/wholesale-two-piece-toilets\/\" target=\"_blank\" rel=\"noopener\"><strong>fabricante al por mayor de inodoros de dos piezas<\/strong><\/a>, Con nuestra pol\u00edtica de precios al por mayor, permitimos a los compradores al por mayor ofrecer precios al por menor competitivos, manteniendo al mismo tiempo unos m\u00e1rgenes de beneficio al por mayor saludables.<\/p>\n<h2><strong><b>Inodoro de dos piezas <\/b><\/strong><strong><b>Especificaci\u00f3n<\/b><\/strong><\/h2>\n<table>\n<tbody>\n<tr>\n<td><strong><b>Especificaci\u00f3n<\/b><\/strong><\/td>\n<td><strong><b>Detalles<\/b><\/strong><\/td>\n<\/tr>\n<tr>\n<td>Modelo<\/td>\n<td>SH-5102<\/td>\n<\/tr>\n<tr>\n<td>Tipo de inodoro<\/td>\n<td>Inodoro de dos piezas<\/td>\n<\/tr>\n<tr>\n<td>Talla<\/td>\n<td>620 mm x 365 mm x 830 mm<\/td>\n<\/tr>\n<tr>\n<td>Sistema de descarga<\/td>\n<td>\n<p>Lavado sin borde<\/p>\n<\/td>\n<\/tr>\n<tr>\n<td>Asiento<\/td>\n<td>Asiento de cierre suave<\/td>\n<\/tr>\n<tr>\n<td>Servicio OEM y ODM<\/td>\n<td>Posibilidad de personalizar el logotipo, los colores, el embalaje, la forma y las caracter\u00edsticas del producto<\/td>\n<\/tr>\n<tr>\n<td>Tipo de drenaje<\/td>\n<td>Trampa P: 180 mm; Trampa S: 100\/250 mm<\/td>\n<\/tr>\n<tr>\n<td>MOQ<\/td>\n<td>50 piezas, flexible para m\u00e1s discusi\u00f3n<\/td>\n<\/tr>\n<\/tbody>\n<\/table>\n<p>&nbsp;<\/p>\n<p>\n<script src=\"chrome-extension:\/\/fpelahbljekknahkcaegamhcndkfpfnc\/iFrame.js\" type=\"text\/javascript\"><\/script><\/p>","protected":false},"featured_media":1262,"comment_status":"closed","ping_status":"closed","template":"","meta":{"_acf_changed":false},"product_brand":[],"product_cat":[18],"product_tag":[],"class_list":{"0":"post-1261","1":"product","2":"type-product","3":"status-publish","4":"has-post-thumbnail","6":"product_cat-wholesale-two-piece-toilets","8":"first","9":"instock","10":"shipping-taxable","11":"product-type-simple"},"acf":[],"_links":{"self":[{"href":"https:\/\/www.southvillabath.com\/es\/wp-json\/wp\/v2\/product\/1261","targetHints":{"allow":["GET"]}}],"collection":[{"href":"https:\/\/www.southvillabath.com\/es\/wp-json\/wp\/v2\/product"}],"about":[{"href":"https:\/\/www.southvillabath.com\/es\/wp-json\/wp\/v2\/types\/product"}],"replies":[{"embeddable":true,"href":"https:\/\/www.southvillabath.com\/es\/wp-json\/wp\/v2\/comments?post=1261"}],"wp:featuredmedia":[{"embeddable":true,"href":"https:\/\/www.southvillabath.com\/es\/wp-json\/wp\/v2\/media\/1262"}],"wp:attachment":[{"href":"https:\/\/www.southvillabath.com\/es\/wp-json\/wp\/v2\/media?parent=1261"}],"wp:term":[{"taxonomy":"product_brand","embeddable":true,"href":"https:\/\/www.southvillabath.com\/es\/wp-json\/wp\/v2\/product_brand?post=1261"},{"taxonomy":"product_cat","embeddable":true,"href":"https:\/\/www.southvillabath.com\/es\/wp-json\/wp\/v2\/product_cat?post=1261"},{"taxonomy":"product_tag","embeddable":true,"href":"https:\/\/www.southvillabath.com\/es\/wp-json\/wp\/v2\/product_tag?post=1261"}],"curies":[{"name":"wp","href":"https:\/\/api.w.org\/{rel}","templated":true}]}}