{"id":1258,"date":"2026-04-08T09:05:40","date_gmt":"2026-04-08T09:05:40","guid":{"rendered":"https:\/\/www.southvillabath.com\/?post_type=product&#038;p=1258"},"modified":"2026-04-09T01:23:34","modified_gmt":"2026-04-09T01:23:34","slug":"factory-wholesale-best-selling-two-piece-toilets","status":"publish","type":"product","link":"https:\/\/www.southvillabath.com\/es\/product\/factory-wholesale-best-selling-two-piece-toilets\/","title":{"rendered":"Mayorista Inodoro redondo de dos piezas SH-5101 - Inodoro Hot-selling"},"content":{"rendered":"<div class=\"wp-block-columns is-layout-flex wp-container-core-columns-is-layout-9d6595d7 wp-block-columns-is-layout-flex\">\n<div class=\"wp-block-column is-layout-flow wp-block-column-is-layout-flow\">\n<h3 class=\"wp-block-heading\">Inodoro de dos piezas Caracter\u00edsticas<\/h3>\n\n\n\n<ul class=\"wp-block-list\">\n<li><strong>Un \u00e9xito de ventas probado en el mercado: <\/strong>El SH-5101 es nuestro modelo de mayor demanda en todo el mundo, ya que ofrece a los mayoristas una opci\u00f3n de inventario de bajo riesgo y alta rentabilidad con un historial probado de ventas r\u00e1pidas tanto en el canal minorista como en el de proyectos.<\/li>\n\n\n\n<li><strong>Tecnolog\u00eda sin montura de alta eficiencia:<\/strong> El dise\u00f1o sin borde es el principal impulsor de la popularidad de la SH-5101, ya que ofrece una descarga de 360 grados que alcanza cada cent\u00edmetro de la taza. Esto elimina las trampas de bacterias y reduce la necesidad de utilizar limpiadores qu\u00edmicos agresivos.<\/li>\n\n\n\n<li><strong>Acristalamiento antibacteriano de primera calidad: <\/strong>Cada unidad est\u00e1 acabada con un esmalte autolimpiante especializado y tuber\u00edas internas con revestimiento antibacteriano. Esto evita que los residuos se adhieran y garantiza que el inodoro se mantenga higi\u00e9nico y sin olores, incluso en entornos p\u00fablicos o comerciales de uso intensivo.<\/li>\n\n\n\n<li><strong>Producci\u00f3n en f\u00e1brica escalable y OEM: <\/strong>Como fabricantes de inodoros, mantenemos una alta capacidad de producci\u00f3n para el SH-5101, lo que garantiza un suministro estable para pedidos al por mayor.<\/li>\n<\/ul>\n<\/div>\n\n\n\n<div class=\"wp-block-column is-layout-flow wp-block-column-is-layout-flow\">\n<figure class=\"wp-block-image size-full\"><img decoding=\"async\" width=\"728\" height=\"924\" src=\"https:\/\/www.southvillabath.com\/wp-content\/uploads\/2026\/04\/wholesale-two-piece-toilet-SH-5101-2.jpg\" alt=\"\" class=\"wp-image-1260\" srcset=\"https:\/\/www.southvillabath.com\/wp-content\/uploads\/2026\/04\/wholesale-two-piece-toilet-SH-5101-2.jpg 728w, https:\/\/www.southvillabath.com\/wp-content\/uploads\/2026\/04\/wholesale-two-piece-toilet-SH-5101-2-236x300.jpg 236w, https:\/\/www.southvillabath.com\/wp-content\/uploads\/2026\/04\/wholesale-two-piece-toilet-SH-5101-2-9x12.jpg 9w, https:\/\/www.southvillabath.com\/wp-content\/uploads\/2026\/04\/wholesale-two-piece-toilet-SH-5101-2-600x762.jpg 600w\" sizes=\"(max-width: 728px) 100vw, 728px\" \/><\/figure>\n<\/div>\n<\/div>","protected":false},"excerpt":{"rendered":"<p>Inodoro de dos piezas al por mayor. Como una de nuestras series m\u00e1s vendidas, el SH-5101 Washdown Toilet sigue estableciendo nuevos r\u00e9cords de volumen de exportaci\u00f3n mundial. Gracias a su excepcional tecnolog\u00eda Rimless de gama alta, su dise\u00f1o de sif\u00f3n interno con revestimiento de cristal y sus caracter\u00edsticas de ahorro de agua, este producto ha cosechado una gran popularidad entre los compradores B2B de todo el mundo. El SH-5101 es una opci\u00f3n ideal para importadores y mayoristas de todo el mundo, y tambi\u00e9n resulta atractivo para contratistas de reformas y promotores inmobiliarios a gran escala. Si tiene alg\u00fan proyecto, no dude en ponerse en contacto con nosotros.<\/p>\n<h2><strong><b>Inodoro de dos piezas <\/b><\/strong><strong><b>Especificaci\u00f3n<\/b><\/strong><\/h2>\n<table>\n<tbody>\n<tr>\n<td><strong><b>Especificaci\u00f3n<\/b><\/strong><\/td>\n<td><strong><b>Detalles<\/b><\/strong><\/td>\n<\/tr>\n<tr>\n<td>Modelo<\/td>\n<td>SH-5101<\/td>\n<\/tr>\n<tr>\n<td>Tipo de inodoro<\/td>\n<td>Inodoro de dos piezas<\/td>\n<\/tr>\n<tr>\n<td>Talla<\/td>\n<td>620 mm x 365 mm x 830 mm<\/td>\n<\/tr>\n<tr>\n<td>Sistema de descarga<\/td>\n<td>\n<p>Lavado sin borde<\/p>\n<\/td>\n<\/tr>\n<tr>\n<td>Asiento<\/td>\n<td>Asiento de cierre suave<\/td>\n<\/tr>\n<tr>\n<td>Servicio OEM y ODM<\/td>\n<td>Posibilidad de personalizar el logotipo, los colores, el embalaje, la forma y las caracter\u00edsticas del producto<\/td>\n<\/tr>\n<tr>\n<td>Tipo de drenaje<\/td>\n<td>P-trap: 180mm \/ S-trap: 100\/250mm<\/td>\n<\/tr>\n<tr>\n<td>MOQ<\/td>\n<td>50 piezas, flexible para m\u00e1s discusi\u00f3n<\/td>\n<\/tr>\n<\/tbody>\n<\/table>\n<p>&nbsp;<\/p>\n<p>&nbsp;<\/p>\n<p>\n<script src=\"chrome-extension:\/\/fpelahbljekknahkcaegamhcndkfpfnc\/iFrame.js\" type=\"text\/javascript\"><\/script><\/p>","protected":false},"featured_media":1259,"comment_status":"closed","ping_status":"closed","template":"","meta":{"_acf_changed":false},"product_brand":[],"product_cat":[18],"product_tag":[],"class_list":{"0":"post-1258","1":"product","2":"type-product","3":"status-publish","4":"has-post-thumbnail","6":"product_cat-wholesale-two-piece-toilets","8":"first","9":"instock","10":"shipping-taxable","11":"product-type-simple"},"acf":[],"_links":{"self":[{"href":"https:\/\/www.southvillabath.com\/es\/wp-json\/wp\/v2\/product\/1258","targetHints":{"allow":["GET"]}}],"collection":[{"href":"https:\/\/www.southvillabath.com\/es\/wp-json\/wp\/v2\/product"}],"about":[{"href":"https:\/\/www.southvillabath.com\/es\/wp-json\/wp\/v2\/types\/product"}],"replies":[{"embeddable":true,"href":"https:\/\/www.southvillabath.com\/es\/wp-json\/wp\/v2\/comments?post=1258"}],"wp:featuredmedia":[{"embeddable":true,"href":"https:\/\/www.southvillabath.com\/es\/wp-json\/wp\/v2\/media\/1259"}],"wp:attachment":[{"href":"https:\/\/www.southvillabath.com\/es\/wp-json\/wp\/v2\/media?parent=1258"}],"wp:term":[{"taxonomy":"product_brand","embeddable":true,"href":"https:\/\/www.southvillabath.com\/es\/wp-json\/wp\/v2\/product_brand?post=1258"},{"taxonomy":"product_cat","embeddable":true,"href":"https:\/\/www.southvillabath.com\/es\/wp-json\/wp\/v2\/product_cat?post=1258"},{"taxonomy":"product_tag","embeddable":true,"href":"https:\/\/www.southvillabath.com\/es\/wp-json\/wp\/v2\/product_tag?post=1258"}],"curies":[{"name":"wp","href":"https:\/\/api.w.org\/{rel}","templated":true}]}}