{"id":1252,"date":"2026-04-09T01:00:53","date_gmt":"2026-04-09T01:00:53","guid":{"rendered":"https:\/\/www.southvillabath.com\/?post_type=product&#038;p=1252"},"modified":"2026-04-09T03:35:30","modified_gmt":"2026-04-09T03:35:30","slug":"wholesale-wall-hung-toilet-factory","status":"publish","type":"product","link":"https:\/\/www.southvillabath.com\/es\/product\/wholesale-wall-hung-toilet-factory\/","title":{"rendered":"Wholesale Washdown Wall-hung Toilet SH-001 - Suministro de f\u00e1brica de inodoros que reduce los costes de adquisici\u00f3n B2B"},"content":{"rendered":"<div class=\"wp-block-columns is-layout-flex wp-container-core-columns-is-layout-9d6595d7 wp-block-columns-is-layout-flex\">\n<div class=\"wp-block-column is-layout-flow wp-block-column-is-layout-flow\">\n<h3 class=\"wp-block-heading\">Inodoro suspendido Caracter\u00edsticas<\/h3>\n\n\n\n<ul class=\"wp-block-list\">\n<li><strong>Suministro directo de f\u00e1brica: <\/strong>Comprar inodoros a granel directamente a nuestra f\u00e1brica le permite reducir considerablemente los costes y mantener unos m\u00e1rgenes de beneficio saludables.<\/li>\n\n\n\n<li><strong>Competitiva selecci\u00f3n de colores:<\/strong> El inodoro de pared SH-001 est\u00e1 disponible en varios colores, como negro mate, gris, verde y caqui, lo que a\u00f1ade m\u00e1s opciones a su inventario de productos.<\/li>\n\n\n\n<li><strong>Soporte OEM y ODM: <\/strong>Ofrecemos opciones de personalizaci\u00f3n profesionales -desde la impresi\u00f3n de logotipos personalizados hasta embalajes de exportaci\u00f3n a medida- para garantizar que su marca destaque en el mercado local.<\/li>\n\n\n\n<li><strong>S\u00f3lida capacidad de producci\u00f3n y apoyo log\u00edstico: <\/strong>Nuestra f\u00e1brica tiene capacidad para gestionar grandes vol\u00famenes de pedidos, lo que garantiza plazos de entrega fiables y constantes.<\/li>\n<\/ul>\n<\/div>\n\n\n\n<div class=\"wp-block-column is-layout-flow wp-block-column-is-layout-flow\">\n<figure class=\"wp-block-image size-full\"><img decoding=\"async\" width=\"1211\" height=\"750\" src=\"https:\/\/www.southvillabath.com\/wp-content\/uploads\/2026\/04\/Wholesale-Wall-hung-Toilet-SH-001-1.jpg\" alt=\"\" class=\"wp-image-1265\" srcset=\"https:\/\/www.southvillabath.com\/wp-content\/uploads\/2026\/04\/Wholesale-Wall-hung-Toilet-SH-001-1.jpg 1211w, https:\/\/www.southvillabath.com\/wp-content\/uploads\/2026\/04\/Wholesale-Wall-hung-Toilet-SH-001-1-300x186.jpg 300w, https:\/\/www.southvillabath.com\/wp-content\/uploads\/2026\/04\/Wholesale-Wall-hung-Toilet-SH-001-1-768x476.jpg 768w, https:\/\/www.southvillabath.com\/wp-content\/uploads\/2026\/04\/Wholesale-Wall-hung-Toilet-SH-001-1-18x12.jpg 18w, https:\/\/www.southvillabath.com\/wp-content\/uploads\/2026\/04\/Wholesale-Wall-hung-Toilet-SH-001-1-1200x743.jpg 1200w, https:\/\/www.southvillabath.com\/wp-content\/uploads\/2026\/04\/Wholesale-Wall-hung-Toilet-SH-001-1-600x372.jpg 600w\" sizes=\"(max-width: 1211px) 100vw, 1211px\" \/><\/figure>\n<\/div>\n<\/div>","protected":false},"excerpt":{"rendered":"<p>Como especialista <a href=\"https:\/\/www.southvillabath.com\/es\/\" target=\"_blank\" rel=\"noopener\"><strong>fabricante de inodoros<\/strong><\/a>, nos centramos en un<strong> \u201cModelo de \u201dfuente directa<\/strong>, Nuestra f\u00e1brica le permite adquirir inodoros colgantes de pared de alta calidad a precios directos de f\u00e1brica. Nuestra f\u00e1brica le permite adquirir de alta calidad, inodoros colgados de la pared de grado de dise\u00f1o al por mayor a precios directos de f\u00e1brica, asegurando que sigue siendo altamente competitivo en el mercado global.<\/p>\n<p>Todos nuestros inodoros suspendidos est\u00e1n equipados con un sistema de lavado sin borde de alto rendimiento y cuentan con la certificaci\u00f3n CE. Adem\u00e1s de nuestras ventajas de precios, nuestros servicios de proveedor incluyen un completo soporte OEM\/ODM para ayudarle a desarrollar sus propios productos de marca propia. Le invitamos a ponerse en contacto con nosotros.<\/p>\n<h2><strong><b>Inodoro suspendido <\/b><\/strong><strong><b>Especificaci\u00f3n<\/b><\/strong><\/h2>\n<table>\n<tbody>\n<tr>\n<td><strong><b>Especificaci\u00f3n<\/b><\/strong><\/td>\n<td><strong><b>Detalles<\/b><\/strong><\/td>\n<\/tr>\n<tr>\n<td>Modelo<\/td>\n<td>SH-001<\/td>\n<\/tr>\n<tr>\n<td>Tipo de inodoro<\/td>\n<td>Inodoro suspendido<\/td>\n<\/tr>\n<tr>\n<td>Talla<\/td>\n<td>490 mm x 360 mm x 360 mm<\/td>\n<\/tr>\n<tr>\n<td>Sistema de descarga<\/td>\n<td>Lavado sin borde<\/td>\n<\/tr>\n<tr>\n<td>Asiento<\/td>\n<td>Asiento de cierre suave<\/td>\n<\/tr>\n<tr>\n<td>Servicio OEM y ODM<\/td>\n<td>Posibilidad de personalizar el logotipo, los colores, el embalaje, la forma y las caracter\u00edsticas del producto<\/td>\n<\/tr>\n<tr>\n<td>Tipo de drenaje<\/td>\n<td>P-trap: 180mm<\/td>\n<\/tr>\n<tr>\n<td>MOQ<\/td>\n<td>50 piezas, flexible para m\u00e1s discusi\u00f3n<\/td>\n<\/tr>\n<\/tbody>\n<\/table>\n<p>\n<script src=\"chrome-extension:\/\/fpelahbljekknahkcaegamhcndkfpfnc\/iFrame.js\" type=\"text\/javascript\"><\/script><\/p>","protected":false},"featured_media":1264,"comment_status":"closed","ping_status":"closed","template":"","meta":{"_acf_changed":false},"product_brand":[],"product_cat":[19],"product_tag":[],"class_list":{"0":"post-1252","1":"product","2":"type-product","3":"status-publish","4":"has-post-thumbnail","6":"product_cat-wholesale-wall-hung-toilets","8":"first","9":"instock","10":"shipping-taxable","11":"product-type-simple"},"acf":[],"_links":{"self":[{"href":"https:\/\/www.southvillabath.com\/es\/wp-json\/wp\/v2\/product\/1252","targetHints":{"allow":["GET"]}}],"collection":[{"href":"https:\/\/www.southvillabath.com\/es\/wp-json\/wp\/v2\/product"}],"about":[{"href":"https:\/\/www.southvillabath.com\/es\/wp-json\/wp\/v2\/types\/product"}],"replies":[{"embeddable":true,"href":"https:\/\/www.southvillabath.com\/es\/wp-json\/wp\/v2\/comments?post=1252"}],"wp:featuredmedia":[{"embeddable":true,"href":"https:\/\/www.southvillabath.com\/es\/wp-json\/wp\/v2\/media\/1264"}],"wp:attachment":[{"href":"https:\/\/www.southvillabath.com\/es\/wp-json\/wp\/v2\/media?parent=1252"}],"wp:term":[{"taxonomy":"product_brand","embeddable":true,"href":"https:\/\/www.southvillabath.com\/es\/wp-json\/wp\/v2\/product_brand?post=1252"},{"taxonomy":"product_cat","embeddable":true,"href":"https:\/\/www.southvillabath.com\/es\/wp-json\/wp\/v2\/product_cat?post=1252"},{"taxonomy":"product_tag","embeddable":true,"href":"https:\/\/www.southvillabath.com\/es\/wp-json\/wp\/v2\/product_tag?post=1252"}],"curies":[{"name":"wp","href":"https:\/\/api.w.org\/{rel}","templated":true}]}}