{"id":1160,"date":"2026-04-08T09:06:46","date_gmt":"2026-04-08T09:06:46","guid":{"rendered":"https:\/\/www.southvillabath.com\/?post_type=product&#038;p=1160"},"modified":"2026-04-09T02:01:03","modified_gmt":"2026-04-09T02:01:03","slug":"wholesale-new-design-two-piece-toilets","status":"publish","type":"product","link":"https:\/\/www.southvillabath.com\/es\/product\/wholesale-new-design-two-piece-toilets\/","title":{"rendered":"Mayorista Nuevo dise\u00f1o Inodoro de dos piezas SH-5118 - Hot-selling Inodoro"},"content":{"rendered":"<div class=\"wp-block-columns is-layout-flex wp-container-core-columns-is-layout-9d6595d7 wp-block-columns-is-layout-flex\">\n<div class=\"wp-block-column is-layout-flow wp-block-column-is-layout-flow\">\n<h3 class=\"wp-block-heading\">Inodoro de dos piezas Caracter\u00edsticas<\/h3>\n\n\n\n<ul class=\"wp-block-list\">\n<li><strong>Innovador dise\u00f1o de falda acampanada:<\/strong> El SH-5118 cuenta con una exclusiva base acampanada que lo distingue de los modelos comerciales gen\u00e9ricos. Esta est\u00e9tica que marca tendencia proporciona un aspecto personalizado de gama alta que atrae a dise\u00f1adores de interiores y clientes minoristas de primera calidad.<\/li>\n\n\n\n<li><strong>Tecnolog\u00eda sin montura de \u00faltima generaci\u00f3n:<\/strong> Alej\u00e1ndose de las anticuadas cubetas con borde, este nuevo dise\u00f1o utiliza un sistema de lavado de alta eficiencia. El interior sin borde proporciona una descarga potente de 360 grados, lo que garantiza la m\u00e1xima higiene y una experiencia de usuario moderna m\u00e1s f\u00e1cil de vender en los mercados competitivos.<\/li>\n\n\n\n<li><strong>Marca exclusiva OEM\/ODM<\/strong>: Como nuevo dise\u00f1o, el SH-5118 es el candidato perfecto para el etiquetado privado. Nuestra f\u00e1brica de aseos puede personalizar la marca y el embalaje, lo que permite a los distribuidores mayoristas lanzar esta moderna silueta bajo su propia marca premium.<\/li>\n\n\n\n<li><strong>Precio directo de f\u00e1brica:<\/strong> \u00a0Al abastecerse directamente en nuestras instalaciones de producci\u00f3n, se ahorra los m\u00e1rgenes de las empresas comerciales. Este modelo directo a f\u00e1brica garantiza el precio al por mayor m\u00e1s competitivo.<\/li>\n<\/ul>\n<\/div>\n\n\n\n<div class=\"wp-block-column is-layout-flow wp-block-column-is-layout-flow\">\n<figure class=\"wp-block-image size-full\"><img decoding=\"async\" width=\"750\" height=\"1662\" src=\"https:\/\/www.southvillabath.com\/wp-content\/uploads\/2026\/04\/wholesale-two-piece-toilet-2.jpg\" alt=\"\" class=\"wp-image-1246\" srcset=\"https:\/\/www.southvillabath.com\/wp-content\/uploads\/2026\/04\/wholesale-two-piece-toilet-2.jpg 750w, https:\/\/www.southvillabath.com\/wp-content\/uploads\/2026\/04\/wholesale-two-piece-toilet-2-135x300.jpg 135w, https:\/\/www.southvillabath.com\/wp-content\/uploads\/2026\/04\/wholesale-two-piece-toilet-2-5x12.jpg 5w, https:\/\/www.southvillabath.com\/wp-content\/uploads\/2026\/04\/wholesale-two-piece-toilet-2-600x1330.jpg 600w\" sizes=\"(max-width: 750px) 100vw, 750px\" \/><\/figure>\n<\/div>\n<\/div>","protected":false},"excerpt":{"rendered":"<p>Inodoro lavabo sin borde de dos piezas al por mayor, con nuestro \u00faltimo dise\u00f1o creativo. El SH-5118 rompe moldes con una silueta fresca y contempor\u00e1nea, caracterizada por su distintiva base acampanada con fald\u00f3n completo. El SH-5118 cuenta con un sif\u00f3n totalmente cubierto que elimina las l\u00edneas desordenadas de la fontaner\u00eda tradicional, creando una forma suave y escultural que es tan bella como f\u00e1cil de mantener.\u00a0<\/p>\n<p>Contacte con South Villa Toilet Factory para obtener el mejor precio de f\u00e1brica.<\/p>\n<h2><strong><b>Inodoro de dos piezas <\/b><\/strong><strong><b>Especificaci\u00f3n<\/b><\/strong><\/h2>\n<table>\n<tbody>\n<tr>\n<td><strong><b>Especificaci\u00f3n<\/b><\/strong><\/td>\n<td><strong><b>Detalles<\/b><\/strong><\/td>\n<\/tr>\n<tr>\n<td>Modelo<\/td>\n<td>SH-5118<\/td>\n<\/tr>\n<tr>\n<td>Tipo de inodoro<\/td>\n<td>Inodoro de dos piezas<\/td>\n<\/tr>\n<tr>\n<td>Talla<\/td>\n<td>650 mm x 340 mm x 770 mm<\/td>\n<\/tr>\n<tr>\n<td>Sistema de descarga<\/td>\n<td>\n<p>Lavado sin borde<\/p>\n<\/td>\n<\/tr>\n<tr>\n<td>Asiento<\/td>\n<td>Asiento de cierre suave<\/td>\n<\/tr>\n<tr>\n<td>Servicio OEM y ODM<\/td>\n<td>Posibilidad de personalizar el logotipo, los colores, el embalaje, la forma y las caracter\u00edsticas del producto<\/td>\n<\/tr>\n<tr>\n<td>Tipo de drenaje<\/td>\n<td>P-trap: 180mm \/ S-trap: 250mm<\/td>\n<\/tr>\n<tr>\n<td>MOQ<\/td>\n<td>50 piezas, flexible para m\u00e1s discusi\u00f3n<\/td>\n<\/tr>\n<\/tbody>\n<\/table>\n<p>&nbsp;<\/p>\n<p>\n<script src=\"chrome-extension:\/\/fpelahbljekknahkcaegamhcndkfpfnc\/iFrame.js\" type=\"text\/javascript\"><\/script><\/p>","protected":false},"featured_media":1123,"comment_status":"closed","ping_status":"closed","template":"","meta":{"_acf_changed":false},"product_brand":[],"product_cat":[18],"product_tag":[],"class_list":{"0":"post-1160","1":"product","2":"type-product","3":"status-publish","4":"has-post-thumbnail","6":"product_cat-wholesale-two-piece-toilets","8":"first","9":"instock","10":"shipping-taxable","11":"product-type-simple"},"acf":[],"_links":{"self":[{"href":"https:\/\/www.southvillabath.com\/es\/wp-json\/wp\/v2\/product\/1160","targetHints":{"allow":["GET"]}}],"collection":[{"href":"https:\/\/www.southvillabath.com\/es\/wp-json\/wp\/v2\/product"}],"about":[{"href":"https:\/\/www.southvillabath.com\/es\/wp-json\/wp\/v2\/types\/product"}],"replies":[{"embeddable":true,"href":"https:\/\/www.southvillabath.com\/es\/wp-json\/wp\/v2\/comments?post=1160"}],"wp:featuredmedia":[{"embeddable":true,"href":"https:\/\/www.southvillabath.com\/es\/wp-json\/wp\/v2\/media\/1123"}],"wp:attachment":[{"href":"https:\/\/www.southvillabath.com\/es\/wp-json\/wp\/v2\/media?parent=1160"}],"wp:term":[{"taxonomy":"product_brand","embeddable":true,"href":"https:\/\/www.southvillabath.com\/es\/wp-json\/wp\/v2\/product_brand?post=1160"},{"taxonomy":"product_cat","embeddable":true,"href":"https:\/\/www.southvillabath.com\/es\/wp-json\/wp\/v2\/product_cat?post=1160"},{"taxonomy":"product_tag","embeddable":true,"href":"https:\/\/www.southvillabath.com\/es\/wp-json\/wp\/v2\/product_tag?post=1160"}],"curies":[{"name":"wp","href":"https:\/\/api.w.org\/{rel}","templated":true}]}}