{"id":1099,"date":"2026-03-24T02:21:08","date_gmt":"2026-03-24T02:21:08","guid":{"rendered":"https:\/\/www.southvillabath.com\/?post_type=product&#038;p=1099"},"modified":"2026-04-06T07:29:50","modified_gmt":"2026-04-06T07:29:50","slug":"oem-and-odm-toilet-factory-supply","status":"publish","type":"product","link":"https:\/\/www.southvillabath.com\/es\/product\/oem-and-odm-toilet-factory-supply\/","title":{"rendered":"Suministro de f\u00e1brica de inodoros de dos piezas OEM y ODM: SH-5117 - Soporte T\u00e9cnico y Servicio Postventa Robusto"},"content":{"rendered":"<div class=\"wp-block-columns is-layout-flex wp-container-core-columns-is-layout-9d6595d7 wp-block-columns-is-layout-flex\">\n<div class=\"wp-block-column is-layout-flow wp-block-column-is-layout-flow\">\n<h3 class=\"wp-block-heading\">Inodoro de dos piezas Caracter\u00edsticas<\/h3>\n\n\n\n<ul class=\"wp-block-list\">\n<li><strong>Alta calidad: <\/strong>Nuestros inodoros se fabrican con materiales de primera calidad y normas de fabricaci\u00f3n precisas, lo que garantiza un rendimiento fiable y una funcionalidad estable. Esto infunde confianza tanto a los compradores B2B como a los usuarios finales en cuanto a seguridad y valor a largo plazo.<\/li>\n\n\n\n<li><strong>Dise\u00f1o de aseos a medida y asistencia de marca:<\/strong> SH-5117 admite servicios completos de OEM y ODM, lo que permite a las empresas personalizar el dise\u00f1o, los colores, los logotipos y las funciones de los inodoros para adaptarlos a su identidad de marca y satisfacer las necesidades espec\u00edficas del mercado.<\/li>\n\n\n\n<li><strong>Garant\u00eda completa: <\/strong>Ofrecemos una garant\u00eda de 5 a\u00f1os para el cuerpo cer\u00e1mico y de 2 a\u00f1os para los accesorios, incluidos el mecanismo de descarga y el asiento, lo que garantiza una fiabilidad a largo plazo.<\/li>\n\n\n\n<li><strong>Sistema de apoyo completo: <\/strong>Proporcionamos piezas de repuesto y asistencia t\u00e9cnica directa para ayudarle a usted o a sus clientes finales a resolver los problemas de forma eficaz, minimizando las interrupciones operativas.<\/li>\n<\/ul>\n<\/div>\n\n\n\n<div class=\"wp-block-column is-layout-flow wp-block-column-is-layout-flow\">\n<figure class=\"wp-block-image size-full\"><img decoding=\"async\" width=\"807\" height=\"1575\" src=\"https:\/\/www.southvillabath.com\/wp-content\/uploads\/2026\/03\/toilet-factory-supply-sh-5117-dimensiont.webp\" alt=\"aseo suministro de f\u00e1brica sh-5117 dimensiont\" class=\"wp-image-1101\" srcset=\"https:\/\/www.southvillabath.com\/wp-content\/uploads\/2026\/03\/toilet-factory-supply-sh-5117-dimensiont.webp 807w, https:\/\/www.southvillabath.com\/wp-content\/uploads\/2026\/03\/toilet-factory-supply-sh-5117-dimensiont-154x300.webp 154w, https:\/\/www.southvillabath.com\/wp-content\/uploads\/2026\/03\/toilet-factory-supply-sh-5117-dimensiont-768x1499.webp 768w, https:\/\/www.southvillabath.com\/wp-content\/uploads\/2026\/03\/toilet-factory-supply-sh-5117-dimensiont-6x12.webp 6w, https:\/\/www.southvillabath.com\/wp-content\/uploads\/2026\/03\/toilet-factory-supply-sh-5117-dimensiont-600x1171.webp 600w\" sizes=\"(max-width: 807px) 100vw, 807px\" \/><\/figure>\n<\/div>\n<\/div>","protected":false},"excerpt":{"rendered":"<p data-pm-slice=\"0 0 []\">Venta al por mayor de inodoros de alta calidad. Nuestra f\u00e1brica de inodoros ofrece un completo servicio posventa, que incluye garant\u00edas, piezas de repuesto y asistencia t\u00e9cnica especializada. Los compradores B2B disfrutan de una r\u00e1pida resoluci\u00f3n de problemas, m\u00ednima interrupci\u00f3n del proyecto y fiabilidad a largo plazo. P\u00f3ngase en contacto con nosotros para obtener un precio de f\u00e1brica.<\/p>\n<h2><strong><b>Inodoro de dos piezas <\/b><\/strong><strong><b>Especificaci\u00f3n<\/b><\/strong><\/h2>\n<table>\n<tbody>\n<tr>\n<td><strong><b>Especificaci\u00f3n<\/b><\/strong><\/td>\n<td><strong><b>Detalles<\/b><\/strong><\/td>\n<\/tr>\n<tr>\n<td>Modelo<\/td>\n<td>SH-5117<\/td>\n<\/tr>\n<tr>\n<td>Tipo de inodoro<\/td>\n<td>Inodoro de dos piezas<\/td>\n<\/tr>\n<tr>\n<td>Talla<\/td>\n<td>650 mm x 340 mm x 770 mm<\/td>\n<\/tr>\n<tr>\n<td>Sistema de descarga<\/td>\n<td>Lavado sin borde<\/td>\n<\/tr>\n<tr>\n<td>Asiento<\/td>\n<td>Asiento de cierre suave<\/td>\n<\/tr>\n<tr>\n<td>Servicio OEM y ODM<\/td>\n<td>Posibilidad de personalizar el logotipo, los colores, el embalaje, la forma y las caracter\u00edsticas del producto<\/td>\n<\/tr>\n<tr>\n<td>Tipo de drenaje<\/td>\n<td>P-trap: 180mm \/ S-trap: 250mm<\/td>\n<\/tr>\n<tr>\n<td>MOQ<\/td>\n<td>50 piezas, flexible para m\u00e1s discusi\u00f3n<\/td>\n<\/tr>\n<\/tbody>\n<\/table>\n<p>&nbsp;<\/p><\/p>","protected":false},"featured_media":1100,"comment_status":"closed","ping_status":"closed","template":"","meta":{"_acf_changed":false},"product_brand":[],"product_cat":[18],"product_tag":[],"class_list":{"0":"post-1099","1":"product","2":"type-product","3":"status-publish","4":"has-post-thumbnail","6":"product_cat-wholesale-two-piece-toilets","8":"first","9":"instock","10":"shipping-taxable","11":"product-type-simple"},"acf":[],"_links":{"self":[{"href":"https:\/\/www.southvillabath.com\/es\/wp-json\/wp\/v2\/product\/1099","targetHints":{"allow":["GET"]}}],"collection":[{"href":"https:\/\/www.southvillabath.com\/es\/wp-json\/wp\/v2\/product"}],"about":[{"href":"https:\/\/www.southvillabath.com\/es\/wp-json\/wp\/v2\/types\/product"}],"replies":[{"embeddable":true,"href":"https:\/\/www.southvillabath.com\/es\/wp-json\/wp\/v2\/comments?post=1099"}],"wp:featuredmedia":[{"embeddable":true,"href":"https:\/\/www.southvillabath.com\/es\/wp-json\/wp\/v2\/media\/1100"}],"wp:attachment":[{"href":"https:\/\/www.southvillabath.com\/es\/wp-json\/wp\/v2\/media?parent=1099"}],"wp:term":[{"taxonomy":"product_brand","embeddable":true,"href":"https:\/\/www.southvillabath.com\/es\/wp-json\/wp\/v2\/product_brand?post=1099"},{"taxonomy":"product_cat","embeddable":true,"href":"https:\/\/www.southvillabath.com\/es\/wp-json\/wp\/v2\/product_cat?post=1099"},{"taxonomy":"product_tag","embeddable":true,"href":"https:\/\/www.southvillabath.com\/es\/wp-json\/wp\/v2\/product_tag?post=1099"}],"curies":[{"name":"wp","href":"https:\/\/api.w.org\/{rel}","templated":true}]}}