{"id":1090,"date":"2026-03-24T00:55:33","date_gmt":"2026-03-24T00:55:33","guid":{"rendered":"https:\/\/www.southvillabath.com\/?post_type=product&#038;p=1090"},"modified":"2026-04-06T07:34:22","modified_gmt":"2026-04-06T07:34:22","slug":"factory-supply-washdown-two-piece-toilet","status":"publish","type":"product","link":"https:\/\/www.southvillabath.com\/es\/product\/factory-supply-washdown-two-piece-toilet\/","title":{"rendered":"Inodoro lavable de dos piezas SH-5114 - Ergon\u00f3mico y c\u00f3modo"},"content":{"rendered":"<div class=\"wp-block-columns is-layout-flex wp-container-core-columns-is-layout-9d6595d7 wp-block-columns-is-layout-flex\">\n<div class=\"wp-block-column is-layout-flow wp-block-column-is-layout-flow\">\n<h3 class=\"wp-block-heading\">Inodoro de dos piezas Caracter\u00edsticas<\/h3>\n\n\n\n<ul class=\"wp-block-list\">\n<li><strong>Mayor satisfacci\u00f3n del usuario:<\/strong> La c\u00f3moda altura del asiento y su dise\u00f1o ergon\u00f3mico proporcionan una experiencia relajante a los hu\u00e9spedes.<\/li>\n\n\n\n<li><strong>Una imagen de marca m\u00e1s fuerte:<\/strong> Nuestro inodoro de alto confort refleja la atenci\u00f3n por el detalle y la experiencia del usuario, mejorando la imagen de marca premium y fiable de su empresa mediante la personalizaci\u00f3n de la marca.<\/li>\n\n\n\n<li><strong>Descarga potente y eficaz: <\/strong>Equipado con un sistema Washdown Jet, proporciona una descarga fuerte y directa que elimina eficazmente los residuos a la vez que conserva el agua, equilibrando el rendimiento con la eficiencia.<\/li>\n\n\n\n<li><strong>Garant\u00eda de calidad fiable: <\/strong>Con certificaci\u00f3n CE, este inodoro cumple las estrictas normas europeas de seguridad, salud y medio ambiente, lo que ofrece a los compradores confianza en su durabilidad y rendimiento.<\/li>\n<\/ul>\n<\/div>\n\n\n\n<div class=\"wp-block-column is-layout-flow wp-block-column-is-layout-flow\">\n<figure class=\"wp-block-image size-full\"><img decoding=\"async\" width=\"1079\" height=\"1437\" src=\"https:\/\/www.southvillabath.com\/wp-content\/uploads\/2026\/03\/factory-supply-washdown-two-piece-toilet-dimension.webp\" alt=\"inodoro lavable de dos piezas suministrado de f\u00e1brica dimensi\u00f3n\" class=\"wp-image-1091\" srcset=\"https:\/\/www.southvillabath.com\/wp-content\/uploads\/2026\/03\/factory-supply-washdown-two-piece-toilet-dimension.webp 1079w, https:\/\/www.southvillabath.com\/wp-content\/uploads\/2026\/03\/factory-supply-washdown-two-piece-toilet-dimension-225x300.webp 225w, https:\/\/www.southvillabath.com\/wp-content\/uploads\/2026\/03\/factory-supply-washdown-two-piece-toilet-dimension-768x1023.webp 768w, https:\/\/www.southvillabath.com\/wp-content\/uploads\/2026\/03\/factory-supply-washdown-two-piece-toilet-dimension-9x12.webp 9w, https:\/\/www.southvillabath.com\/wp-content\/uploads\/2026\/03\/factory-supply-washdown-two-piece-toilet-dimension-600x799.webp 600w\" sizes=\"(max-width: 1079px) 100vw, 1079px\" \/><\/figure>\n<\/div>\n<\/div>","protected":false},"excerpt":{"rendered":"<p>El inodoro SH-5114 combina la comodidad ergon\u00f3mica con una higiene superior, proporcionando una experiencia relajante a todos los usuarios. La altura y los contornos de su asiento, cuidadosamente dise\u00f1ados, se adaptan a la postura natural al sentarse, garantizando una comodidad sin esfuerzo. Perfecto para compras B2B y personalizaci\u00f3n, ayuda a elevar su marca de inodoros con una imagen profesional y de primera calidad.<\/p>\n<h2><strong><b>Inodoro de dos piezas <\/b><\/strong><strong><b>Especificaci\u00f3n<\/b><\/strong><\/h2>\n<table>\n<tbody>\n<tr>\n<td><strong><b>Especificaci\u00f3n<\/b><\/strong><\/td>\n<td><strong><b>Detalles<\/b><\/strong><\/td>\n<\/tr>\n<tr>\n<td>Modelo<\/td>\n<td>SH-5114<\/td>\n<\/tr>\n<tr>\n<td>Tipo de inodoro<\/td>\n<td>Inodoro de dos piezas<\/td>\n<\/tr>\n<tr>\n<td>Talla<\/td>\n<td>690 mm x 390 mm x 810 mm<\/td>\n<\/tr>\n<tr>\n<td>Sistema de descarga<\/td>\n<td>Chorro de lavado<\/td>\n<\/tr>\n<tr>\n<td>Asiento<\/td>\n<td>Asiento de cierre suave<\/td>\n<\/tr>\n<tr>\n<td>Servicio OEM y ODM<\/td>\n<td>Posibilidad de personalizar el logotipo, los colores, el embalaje, la forma y las caracter\u00edsticas del producto<\/td>\n<\/tr>\n<tr>\n<td>Tipo de drenaje<\/td>\n<td>P-trap: 180mm \/ S-trap: 250mm<\/td>\n<\/tr>\n<tr>\n<td>MOQ<\/td>\n<td>50 piezas, flexible para m\u00e1s discusi\u00f3n<\/td>\n<\/tr>\n<\/tbody>\n<\/table>\n<p>&nbsp;<\/p>","protected":false},"featured_media":1092,"comment_status":"closed","ping_status":"closed","template":"","meta":{"_acf_changed":true},"product_brand":[],"product_cat":[18],"product_tag":[],"class_list":{"0":"post-1090","1":"product","2":"type-product","3":"status-publish","4":"has-post-thumbnail","6":"product_cat-wholesale-two-piece-toilets","8":"first","9":"instock","10":"shipping-taxable","11":"product-type-simple"},"acf":[],"_links":{"self":[{"href":"https:\/\/www.southvillabath.com\/es\/wp-json\/wp\/v2\/product\/1090","targetHints":{"allow":["GET"]}}],"collection":[{"href":"https:\/\/www.southvillabath.com\/es\/wp-json\/wp\/v2\/product"}],"about":[{"href":"https:\/\/www.southvillabath.com\/es\/wp-json\/wp\/v2\/types\/product"}],"replies":[{"embeddable":true,"href":"https:\/\/www.southvillabath.com\/es\/wp-json\/wp\/v2\/comments?post=1090"}],"wp:featuredmedia":[{"embeddable":true,"href":"https:\/\/www.southvillabath.com\/es\/wp-json\/wp\/v2\/media\/1092"}],"wp:attachment":[{"href":"https:\/\/www.southvillabath.com\/es\/wp-json\/wp\/v2\/media?parent=1090"}],"wp:term":[{"taxonomy":"product_brand","embeddable":true,"href":"https:\/\/www.southvillabath.com\/es\/wp-json\/wp\/v2\/product_brand?post=1090"},{"taxonomy":"product_cat","embeddable":true,"href":"https:\/\/www.southvillabath.com\/es\/wp-json\/wp\/v2\/product_cat?post=1090"},{"taxonomy":"product_tag","embeddable":true,"href":"https:\/\/www.southvillabath.com\/es\/wp-json\/wp\/v2\/product_tag?post=1090"}],"curies":[{"name":"wp","href":"https:\/\/api.w.org\/{rel}","templated":true}]}}