{"id":1078,"date":"2026-03-23T08:06:15","date_gmt":"2026-03-23T08:06:15","guid":{"rendered":"https:\/\/www.southvillabath.com\/?post_type=product&#038;p=1078"},"modified":"2026-04-06T08:06:20","modified_gmt":"2026-04-06T08:06:20","slug":"wholesale-two-piece-toilet-for-b2b-bulk-purchasing","status":"publish","type":"product","link":"https:\/\/www.southvillabath.com\/es\/product\/wholesale-two-piece-toilet-for-b2b-bulk-purchasing\/","title":{"rendered":"Mayorista Washdown Inodoro de dos piezas SH-5110 - Dise\u00f1o cl\u00e1sico, precio de f\u00e1brica - Ideal para compras al por mayor B2B"},"content":{"rendered":"<div class=\"wp-block-columns is-layout-flex wp-container-core-columns-is-layout-9d6595d7 wp-block-columns-is-layout-flex\">\n<div class=\"wp-block-column is-layout-flow wp-block-column-is-layout-flow\">\n<h3 class=\"wp-block-heading\">Inodoro lavable de dos piezas Caracter\u00edsticas<\/h3>\n\n\n\n<ul class=\"wp-block-list\">\n<li><strong>Dise\u00f1o moderno: <\/strong>El SH-5110 presenta una est\u00e9tica minimalista, id\u00f3nea para ba\u00f1os de lujo y hoteles boutique, que ayuda a los minoristas a mostrar opciones de estilo premium a los usuarios finales.<\/li>\n\n\n\n<li><strong>Dise\u00f1o innovador: <\/strong>La SH-5110 combina una taza sin borde con un sistema de descarga tornado que proporciona una limpieza potente y eficaz. Para los compradores B2B, es una caracter\u00edstica premium que ayuda a destacar en mercados competitivos.<\/li>\n\n\n\n<li><strong>Instalaci\u00f3n Global-Fit:<\/strong> El inodoro admite las configuraciones P-trap y S-trap, lo que ofrece la m\u00e1xima flexibilidad para los mercados internacionales. Las certificaciones CE y WaterMark garantizan el cumplimiento de las normas mundiales.<\/li>\n\n\n\n<li><strong>Oportunidades para mayoristas y marcas: <\/strong>Suministramos inodoros directamente desde nuestra f\u00e1brica y ofrecemos opciones de OEM\/etiqueta privada, lo que permite a distribuidores y minoristas personalizar eficazmente sus marcas y ampliar su inventario.<\/li>\n<\/ul>\n<\/div>\n\n\n\n<div class=\"wp-block-column is-layout-flow wp-block-column-is-layout-flow\">\n<figure class=\"wp-block-image size-full\"><img decoding=\"async\" width=\"1103\" height=\"1404\" src=\"https:\/\/www.southvillabath.com\/wp-content\/uploads\/2026\/03\/wholesale-washdown-two-piece-toilet-sh-5110-dimension.webp\" alt=\"mayorista inodoro lavable de dos piezas sh-5110 dimensi\u00f3n\" class=\"wp-image-1079\" srcset=\"https:\/\/www.southvillabath.com\/wp-content\/uploads\/2026\/03\/wholesale-washdown-two-piece-toilet-sh-5110-dimension.webp 1103w, https:\/\/www.southvillabath.com\/wp-content\/uploads\/2026\/03\/wholesale-washdown-two-piece-toilet-sh-5110-dimension-236x300.webp 236w, https:\/\/www.southvillabath.com\/wp-content\/uploads\/2026\/03\/wholesale-washdown-two-piece-toilet-sh-5110-dimension-768x978.webp 768w, https:\/\/www.southvillabath.com\/wp-content\/uploads\/2026\/03\/wholesale-washdown-two-piece-toilet-sh-5110-dimension-9x12.webp 9w, https:\/\/www.southvillabath.com\/wp-content\/uploads\/2026\/03\/wholesale-washdown-two-piece-toilet-sh-5110-dimension-600x764.webp 600w\" sizes=\"(max-width: 1103px) 100vw, 1103px\" \/><\/figure>\n<\/div>\n<\/div>","protected":false},"excerpt":{"rendered":"<p>El inodoro lavable de dos piezas para mayoristas est\u00e1 dise\u00f1ado para cuartos de ba\u00f1o modernos y proyectos comerciales de gama alta. Con certificaci\u00f3n CE y WaterMark, cumple las normas de calidad internacionales. Para compradores B2B, ofrecemos suministro a granel, opciones OEM\/etiqueta privada y personalizaci\u00f3n flexible, lo que permite a distribuidores, hoteles y promotores inmobiliarios ofrecer productos premium y diferenciados en mercados competitivos.<\/p>\n<h2><strong><b>Inodoro de dos piezas <\/b><\/strong><strong><b>Especificaci\u00f3n<\/b><\/strong><\/h2>\n<table>\n<tbody>\n<tr>\n<td><strong><b>Especificaci\u00f3n<\/b><\/strong><\/td>\n<td><strong><b>Detalles<\/b><\/strong><\/td>\n<\/tr>\n<tr>\n<td>Modelo<\/td>\n<td>SH-5110<\/td>\n<\/tr>\n<tr>\n<td>Tipo de inodoro<\/td>\n<td>Inodoro de dos piezas<\/td>\n<\/tr>\n<tr>\n<td>Talla<\/td>\n<td>620 mm x 360 mm x 800 mm<\/td>\n<\/tr>\n<tr>\n<td>Sistema de descarga<\/td>\n<td>Lavado sin borde<\/td>\n<\/tr>\n<tr>\n<td>Asiento<\/td>\n<td>Asiento de cierre suave<\/td>\n<\/tr>\n<tr>\n<td>Servicio OEM y ODM<\/td>\n<td>Posibilidad de personalizar el logotipo, los colores, el embalaje, la forma y las caracter\u00edsticas del producto<\/td>\n<\/tr>\n<tr>\n<td>Tipo de drenaje<\/td>\n<td>P-trap: 180mm; S-trap: 100 \/ 250mm<\/td>\n<\/tr>\n<tr>\n<td>MOQ<\/td>\n<td>50 piezas, flexible para m\u00e1s discusi\u00f3n<\/td>\n<\/tr>\n<\/tbody>\n<\/table>\n<p>&nbsp;<\/p>\n<p>&nbsp;<\/p>","protected":false},"featured_media":1080,"comment_status":"closed","ping_status":"closed","template":"","meta":{"_acf_changed":true},"product_brand":[],"product_cat":[18],"product_tag":[],"class_list":{"0":"post-1078","1":"product","2":"type-product","3":"status-publish","4":"has-post-thumbnail","6":"product_cat-wholesale-two-piece-toilets","8":"first","9":"instock","10":"shipping-taxable","11":"product-type-simple"},"acf":[],"_links":{"self":[{"href":"https:\/\/www.southvillabath.com\/es\/wp-json\/wp\/v2\/product\/1078","targetHints":{"allow":["GET"]}}],"collection":[{"href":"https:\/\/www.southvillabath.com\/es\/wp-json\/wp\/v2\/product"}],"about":[{"href":"https:\/\/www.southvillabath.com\/es\/wp-json\/wp\/v2\/types\/product"}],"replies":[{"embeddable":true,"href":"https:\/\/www.southvillabath.com\/es\/wp-json\/wp\/v2\/comments?post=1078"}],"wp:featuredmedia":[{"embeddable":true,"href":"https:\/\/www.southvillabath.com\/es\/wp-json\/wp\/v2\/media\/1080"}],"wp:attachment":[{"href":"https:\/\/www.southvillabath.com\/es\/wp-json\/wp\/v2\/media?parent=1078"}],"wp:term":[{"taxonomy":"product_brand","embeddable":true,"href":"https:\/\/www.southvillabath.com\/es\/wp-json\/wp\/v2\/product_brand?post=1078"},{"taxonomy":"product_cat","embeddable":true,"href":"https:\/\/www.southvillabath.com\/es\/wp-json\/wp\/v2\/product_cat?post=1078"},{"taxonomy":"product_tag","embeddable":true,"href":"https:\/\/www.southvillabath.com\/es\/wp-json\/wp\/v2\/product_tag?post=1078"}],"curies":[{"name":"wp","href":"https:\/\/api.w.org\/{rel}","templated":true}]}}