{"id":988,"date":"2026-04-09T00:55:38","date_gmt":"2026-04-09T00:55:38","guid":{"rendered":"https:\/\/www.southvillabath.com\/?post_type=product&#038;p=988"},"modified":"2026-04-09T03:37:07","modified_gmt":"2026-04-09T03:37:07","slug":"wholesale-wall-hung-toilet-manufacturer","status":"publish","type":"product","link":"https:\/\/www.southvillabath.com\/de\/product\/wholesale-wall-hung-toilet-manufacturer\/","title":{"rendered":"Gro\u00dfhandel Wandh\u00e4ngende Toilette Hersteller Supply: SH-005 - Langlebig, modernes Design, OEM &amp; ODM unterst\u00fctzt"},"content":{"rendered":"<div class=\"wp-block-columns is-layout-flex wp-container-core-columns-is-layout-9d6595d7 wp-block-columns-is-layout-flex\">\n<div class=\"wp-block-column is-layout-flow wp-block-column-is-layout-flow\">\n<h3 class=\"wp-block-heading\">Merkmale der wandh\u00e4ngenden Toilette<\/h3>\n\n\n\n<ul class=\"wp-block-list\">\n<li><strong>Platzsparend und stilvoll: <\/strong>Die wandh\u00e4ngende Toilette SH-005 zeichnet sich durch ein elegantes, quadratisches Design aus, das perfekt zu modernen B\u00e4dern passt.<\/li>\n\n\n\n<li><strong>Hygienisch und pflegeleicht:<\/strong> Hygiene und Wartung sind bei diesem Modell ein Kinderspiel. Durch die h\u00e4ngende Konstruktion gibt es keinen Boden, an dem sich Staub oder Schmutz ansammeln k\u00f6nnte, so dass man unter der Toilette leicht wischen oder staubsaugen kann.<\/li>\n\n\n\n<li><strong>Zertifiziert und umweltfreundlich: <\/strong>Diese mit Blick auf Qualit\u00e4t und Nachhaltigkeit gebaute Toilette ist CE-zertifiziert und erf\u00fcllt die europ\u00e4ischen Sicherheits-, Gesundheits- und Umweltstandards.<\/li>\n\n\n\n<li><strong>Gro\u00df angelegte Produktionskapazit\u00e4t: <\/strong>Als Fachmann <strong><a href=\"https:\/\/www.southvillabath.com\/de\/\" target=\"_blank\" rel=\"noreferrer noopener\">Toilettenhersteller<\/a><\/strong>, Wir sind mit fortschrittlichen Produktionslinien und automatisierten \u00d6fen ausgestattet, die uns eine stabile Massenproduktion, schnelle Lieferzeiten und die F\u00e4higkeit zur Abwicklung von Gro\u00dfauftr\u00e4gen erm\u00f6glichen.<\/li>\n<\/ul>\n<\/div>\n\n\n\n<div class=\"wp-block-column is-layout-flow wp-block-column-is-layout-flow\">\n<figure class=\"wp-block-image size-full\"><img decoding=\"async\" width=\"1211\" height=\"750\" src=\"https:\/\/www.southvillabath.com\/wp-content\/uploads\/2026\/03\/wall-hung-toilet-manufacturer-2.webp\" alt=\"Hersteller von wandh\u00e4ngenden Toiletten (2)\" class=\"wp-image-990\" srcset=\"https:\/\/www.southvillabath.com\/wp-content\/uploads\/2026\/03\/wall-hung-toilet-manufacturer-2.webp 1211w, https:\/\/www.southvillabath.com\/wp-content\/uploads\/2026\/03\/wall-hung-toilet-manufacturer-2-300x186.webp 300w, https:\/\/www.southvillabath.com\/wp-content\/uploads\/2026\/03\/wall-hung-toilet-manufacturer-2-768x476.webp 768w, https:\/\/www.southvillabath.com\/wp-content\/uploads\/2026\/03\/wall-hung-toilet-manufacturer-2-18x12.webp 18w, https:\/\/www.southvillabath.com\/wp-content\/uploads\/2026\/03\/wall-hung-toilet-manufacturer-2-1200x743.webp 1200w, https:\/\/www.southvillabath.com\/wp-content\/uploads\/2026\/03\/wall-hung-toilet-manufacturer-2-600x372.webp 600w\" sizes=\"(max-width: 1211px) 100vw, 1211px\" \/><\/figure>\n<\/div>\n<\/div>","protected":false},"excerpt":{"rendered":"<p>Die wandh\u00e4ngende Toilette SH-005 zeichnet sich durch ihr elegantes, quadratisches Design aus, das perfekt zu modernen B\u00e4dern passt. Die wandmontierte Struktur mit einem verdeckten Tank maximiert den Platz auf dem Boden und l\u00e4sst selbst kleinere Badezimmer offener und weniger \u00fcberladen wirken.<\/p>\n<p>Als professioneller Toilettenhersteller entsprechen unsere Produkte den globalen Standards und sind f\u00fcr verschiedene internationale M\u00e4rkte geeignet. Wir freuen uns, wenn Sie uns f\u00fcr Gro\u00dfbestellungen oder f\u00fcr eine OEM-Zusammenarbeit kontaktieren.<\/p>\n<h2><strong><b>Zweiteilige Toilette <\/b><\/strong><strong><b>Spezifikation<\/b><\/strong><\/h2>\n<table>\n<tbody>\n<tr>\n<td><strong><b>Spezifikation<\/b><\/strong><\/td>\n<td><strong><b>Einzelheiten<\/b><\/strong><\/td>\n<\/tr>\n<tr>\n<td>Modell<\/td>\n<td>SH-005<\/td>\n<\/tr>\n<tr>\n<td>Toilette Typ<\/td>\n<td>Wandh\u00e4ngende Toilette<\/td>\n<\/tr>\n<tr>\n<td>Gr\u00f6\u00dfe<\/td>\n<td>580mm x 350mm x 360mm<\/td>\n<\/tr>\n<tr>\n<td>Flush-System<\/td>\n<td>Waschanlage<\/td>\n<\/tr>\n<tr>\n<td>Merkmal Sitz<\/td>\n<td>Soft-Close-Sitz<\/td>\n<\/tr>\n<tr>\n<td>OEM- und ODM-Dienstleistungen<\/td>\n<td>Kundenspezifisches Logo, Farben, Verpackungen, Produktformen und Funktionen verf\u00fcgbar<\/td>\n<\/tr>\n<tr>\n<td>Entw\u00e4sserung Typ<\/td>\n<td>P-Falle: 180mm<\/td>\n<\/tr>\n<tr>\n<td>MOQ<\/td>\n<td>50 St\u00fcck, flexibel f\u00fcr weitere Diskussionen<\/td>\n<\/tr>\n<\/tbody>\n<\/table>\n<p>&nbsp;<\/p>\n<p><script src=\"chrome-extension:\/\/fpelahbljekknahkcaegamhcndkfpfnc\/iFrame.js\" type=\"text\/javascript\"><\/script><\/p>\n<p><script src=\"chrome-extension:\/\/fpelahbljekknahkcaegamhcndkfpfnc\/iFrame.js\" type=\"text\/javascript\"><\/script><\/p>","protected":false},"featured_media":989,"comment_status":"closed","ping_status":"closed","template":"","meta":{"_acf_changed":true},"product_brand":[],"product_cat":[19],"product_tag":[],"class_list":{"0":"post-988","1":"product","2":"type-product","3":"status-publish","4":"has-post-thumbnail","6":"product_cat-wholesale-wall-hung-toilets","8":"first","9":"instock","10":"shipping-taxable","11":"product-type-simple"},"acf":[],"_links":{"self":[{"href":"https:\/\/www.southvillabath.com\/de\/wp-json\/wp\/v2\/product\/988","targetHints":{"allow":["GET"]}}],"collection":[{"href":"https:\/\/www.southvillabath.com\/de\/wp-json\/wp\/v2\/product"}],"about":[{"href":"https:\/\/www.southvillabath.com\/de\/wp-json\/wp\/v2\/types\/product"}],"replies":[{"embeddable":true,"href":"https:\/\/www.southvillabath.com\/de\/wp-json\/wp\/v2\/comments?post=988"}],"wp:featuredmedia":[{"embeddable":true,"href":"https:\/\/www.southvillabath.com\/de\/wp-json\/wp\/v2\/media\/989"}],"wp:attachment":[{"href":"https:\/\/www.southvillabath.com\/de\/wp-json\/wp\/v2\/media?parent=988"}],"wp:term":[{"taxonomy":"product_brand","embeddable":true,"href":"https:\/\/www.southvillabath.com\/de\/wp-json\/wp\/v2\/product_brand?post=988"},{"taxonomy":"product_cat","embeddable":true,"href":"https:\/\/www.southvillabath.com\/de\/wp-json\/wp\/v2\/product_cat?post=988"},{"taxonomy":"product_tag","embeddable":true,"href":"https:\/\/www.southvillabath.com\/de\/wp-json\/wp\/v2\/product_tag?post=988"}],"curies":[{"name":"wp","href":"https:\/\/api.w.org\/{rel}","templated":true}]}}