{"id":987,"date":"2026-03-19T01:26:18","date_gmt":"2026-03-19T01:26:18","guid":{"rendered":"https:\/\/www.southvillabath.com\/?post_type=product&#038;p=987"},"modified":"2026-04-13T09:46:03","modified_gmt":"2026-04-13T09:46:03","slug":"wholesale-two-piece-toilet-manufacturer-rimless-hygienic-oem-odm-bathroom-solutions-copy","status":"publish","type":"product","link":"https:\/\/www.southvillabath.com\/de\/product\/wholesale-two-piece-toilet-manufacturer-rimless-hygienic-oem-odm-bathroom-solutions-copy\/","title":{"rendered":"Wholesale Round Shape Two-Piece Toilet SH-5202"},"content":{"rendered":"<div class=\"wp-block-columns is-layout-flex wp-container-core-columns-is-layout-9d6595d7 wp-block-columns-is-layout-flex\">\n<div class=\"wp-block-column is-layout-flow wp-block-column-is-layout-flow\">\n<h3 class=\"wp-block-heading\">Zweiteilige Toilette Merkmale<\/h3>\n\n\n\n<ul class=\"wp-block-list\">\n<li><strong>Vollst\u00e4ndig verglaste 360\u00b0-Oberfl\u00e4che:<\/strong>&nbsp;Die gesamte Innen- und Au\u00dfenfl\u00e4che ist vollst\u00e4ndig glasiert, was eine hohe Ebenheit, eine glatte Textur und eine reinwei\u00dfe Oberfl\u00e4che gew\u00e4hrleistet, die fleckenbest\u00e4ndig ist und die Reinigung erleichtert.<\/li>\n\n\n\n<li><strong>Leistungsstarke Abfallbeseitigung:<\/strong>&nbsp;Diese Toilette ist mit einer leistungsstarken Sp\u00fclung ausgestattet, die Handt\u00fccher, 100 PP-Kugeln oder sogar 12 Stapel Toilettenpapier effektiv wegsp\u00fclt.<\/li>\n\n\n\n<li><strong>Randloses Hygiene-Design:<\/strong>&nbsp;Es gibt keine versteckten Ecken, wodurch sich weniger Bakterien ablagern und die Reinigung einfacher wird.<\/li>\n\n\n\n<li><strong>Ger\u00e4uschloser Soft-Close-Sitz:<\/strong>&nbsp;The seat closes slowly and quietly, without disturbing your family\u2019s rest.<\/li>\n\n\n\n<li><strong>Kundenspezifische OEM- und ODM-Dienste:<\/strong>&nbsp;Als Toilettenhersteller unterst\u00fctzen wir kundenspezifische Logos, Farben, Verpackungen, Produktdesign, Sp\u00fclsystem\u00e4nderungen usw., um Marken- und Projektkunden zu helfen, sich auf dem Markt zu differenzieren.<\/li>\n<\/ul>\n<\/div>\n\n\n\n<div class=\"wp-block-column is-layout-flow wp-block-column-is-layout-flow\">\n<figure class=\"wp-block-image size-full\"><img decoding=\"async\" width=\"728\" height=\"924\" src=\"https:\/\/www.southvillabath.com\/wp-content\/uploads\/2026\/03\/Wholesale-Two-piece-Toilet-SH-5202-1.jpg\" alt=\"\" class=\"wp-image-1297\" srcset=\"https:\/\/www.southvillabath.com\/wp-content\/uploads\/2026\/03\/Wholesale-Two-piece-Toilet-SH-5202-1.jpg 728w, https:\/\/www.southvillabath.com\/wp-content\/uploads\/2026\/03\/Wholesale-Two-piece-Toilet-SH-5202-1-236x300.jpg 236w, https:\/\/www.southvillabath.com\/wp-content\/uploads\/2026\/03\/Wholesale-Two-piece-Toilet-SH-5202-1-9x12.jpg 9w, https:\/\/www.southvillabath.com\/wp-content\/uploads\/2026\/03\/Wholesale-Two-piece-Toilet-SH-5202-1-600x762.jpg 600w\" sizes=\"(max-width: 728px) 100vw, 728px\" \/><\/figure>\n<\/div>\n<\/div>\n\n\n\n<p><\/p>","protected":false},"excerpt":{"rendered":"<p>Featuring classic, elegant styling and high-performance flushing, this one-piece toilet is widely popular with end users. Its universally appealing design makes it easy for distributors and retailers to promote and sell. As a<a href=\"https:\/\/www.southvillabath.com\/de\/\" target=\"_blank\" rel=\"noopener\"><strong>\u00a0Toilettenhersteller<\/strong><\/a>, we provide wholesale supplies and competitive quotes to B2B buyers worldwide.<\/p>\n<h2><strong><b>Zweiteilige Toilette <\/b><\/strong><strong><b>Spezifikation<\/b><\/strong><\/h2>\n<table>\n<tbody>\n<tr>\n<td><strong><b>Spezifikation<\/b><\/strong><\/td>\n<td><strong><b>Einzelheiten<\/b><\/strong><\/td>\n<\/tr>\n<tr>\n<td>Modell<\/td>\n<td>SH-5202<\/td>\n<\/tr>\n<tr>\n<td>Toilette Typ<\/td>\n<td>Zweiteilige Toilette<\/td>\n<\/tr>\n<tr>\n<td>Gr\u00f6\u00dfe<\/td>\n<td>620mm x 365mm x 820mm<\/td>\n<\/tr>\n<tr>\n<td>Flush-System<\/td>\n<td>Abwasch-Tornado<\/td>\n<\/tr>\n<tr>\n<td>Merkmal Sitz<\/td>\n<td>Soft-Close-Sitz<\/td>\n<\/tr>\n<tr>\n<td>OEM- und ODM-Dienstleistungen<\/td>\n<td>Kundenspezifisches Logo, Farben, Verpackungen, Produktformen und Funktionen verf\u00fcgbar<\/td>\n<\/tr>\n<tr>\n<td>MOQ<\/td>\n<td>50 St\u00fcck, flexibel f\u00fcr weitere Diskussionen<\/td>\n<\/tr>\n<\/tbody>\n<\/table>\n<p>&nbsp;<\/p>\n<p>&nbsp;<\/p>\n<p>\n<script src=\"chrome-extension:\/\/fpelahbljekknahkcaegamhcndkfpfnc\/iFrame.js\" type=\"text\/javascript\"><\/script><\/p>","protected":false},"featured_media":1296,"comment_status":"closed","ping_status":"closed","template":"","meta":{"_acf_changed":false},"product_brand":[],"product_cat":[17],"product_tag":[],"class_list":{"0":"post-987","1":"product","2":"type-product","3":"status-publish","4":"has-post-thumbnail","6":"product_cat-wholesale-one-piece-toilets","8":"first","9":"instock","10":"shipping-taxable","11":"product-type-simple"},"acf":[],"_links":{"self":[{"href":"https:\/\/www.southvillabath.com\/de\/wp-json\/wp\/v2\/product\/987","targetHints":{"allow":["GET"]}}],"collection":[{"href":"https:\/\/www.southvillabath.com\/de\/wp-json\/wp\/v2\/product"}],"about":[{"href":"https:\/\/www.southvillabath.com\/de\/wp-json\/wp\/v2\/types\/product"}],"replies":[{"embeddable":true,"href":"https:\/\/www.southvillabath.com\/de\/wp-json\/wp\/v2\/comments?post=987"}],"wp:featuredmedia":[{"embeddable":true,"href":"https:\/\/www.southvillabath.com\/de\/wp-json\/wp\/v2\/media\/1296"}],"wp:attachment":[{"href":"https:\/\/www.southvillabath.com\/de\/wp-json\/wp\/v2\/media?parent=987"}],"wp:term":[{"taxonomy":"product_brand","embeddable":true,"href":"https:\/\/www.southvillabath.com\/de\/wp-json\/wp\/v2\/product_brand?post=987"},{"taxonomy":"product_cat","embeddable":true,"href":"https:\/\/www.southvillabath.com\/de\/wp-json\/wp\/v2\/product_cat?post=987"},{"taxonomy":"product_tag","embeddable":true,"href":"https:\/\/www.southvillabath.com\/de\/wp-json\/wp\/v2\/product_tag?post=987"}],"curies":[{"name":"wp","href":"https:\/\/api.w.org\/{rel}","templated":true}]}}