{"id":771,"date":"2026-03-10T10:02:36","date_gmt":"2026-03-10T10:02:36","guid":{"rendered":"https:\/\/shangcai.tongdeceramic.com\/?post_type=product&#038;p=771"},"modified":"2026-03-10T23:52:05","modified_gmt":"2026-03-10T23:52:05","slug":"bulk-wall-hung-basin-factory-and-supplier","status":"publish","type":"product","link":"https:\/\/www.southvillabath.com\/de\/product\/bulk-wall-hung-basin-factory-and-supplier\/","title":{"rendered":"Bulk Wall Hung Basin Fabrik und Lieferant, hohe Qualit\u00e4t, Fabrik Direktpreise, Unterst\u00fctzung bei der Markenanpassung"},"content":{"rendered":"<div class=\"wp-block-columns is-layout-flex wp-container-core-columns-is-layout-9d6595d7 wp-block-columns-is-layout-flex\">\n<div class=\"wp-block-column is-layout-flow wp-block-column-is-layout-flow\">\n<h3 class=\"wp-block-heading\">Merkmale des wandh\u00e4ngenden Beckens<\/h3>\n\n\n\n<ul class=\"wp-block-list\">\n<li><strong>Platzsparendes und vielseitiges Design:<\/strong> Die Wandmontage spart Platz auf dem Boden und macht die Waschbecken perfekt f\u00fcr Hotels, gewerbliche Projekte, Wohnungen und moderne Wohnb\u00e4der.<\/li>\n\n\n\n<li><strong>Einfache Installation und Wartung: <\/strong>Die leichtgewichtigen, ergonomischen und einfach zu montierenden Becken senken die Arbeitskosten und vereinfachen die Durchf\u00fchrung von Gro\u00dfprojekten.<\/li>\n\n\n\n<li><strong>Hochwertige Konstruktion: <\/strong>Jedes Becken ist aus hochwertiger glasierter Keramik gefertigt, die langlebig, kratzfest und pflegeleicht ist. Das Brennen bei hohen Temperaturen gew\u00e4hrleistet eine geringe Wasseraufnahme, eine lange Lebensdauer und eine hochwertige Oberfl\u00e4che.<\/li>\n\n\n\n<li><strong>Werksdirekte Lieferung: <\/strong>Als Beckenhersteller liefern wir die Becken direkt von unserem Werk aus, wodurch wir Zwischenh\u00e4ndler ausschalten und wettbewerbsf\u00e4hige Preise f\u00fcr Gro\u00dfbestellungen gew\u00e4hrleisten k\u00f6nnen.<\/li>\n\n\n\n<li><strong>Kundenspezifisches Branding und Design-Unterst\u00fctzung: <\/strong>Wir bieten Optionen zur Markenanpassung, einschlie\u00dflich Logogravur, Verpackungsl\u00f6sungen und Farbvariationen, und helfen Unternehmen, eine einzigartige Produktlinie f\u00fcr ihre Kunden zu schaffen.<\/li>\n<\/ul>\n<\/div>\n\n\n\n<div class=\"wp-block-column is-layout-flow wp-block-column-is-layout-flow\">\n<figure class=\"wp-block-image size-full\"><img decoding=\"async\" width=\"734\" height=\"859\" src=\"https:\/\/www.southvillabath.com\/wp-content\/uploads\/2026\/03\/wall-hung-basin-details.webp\" alt=\"Details zu wandh\u00e4ngenden Waschbecken\" class=\"wp-image-783\" srcset=\"https:\/\/www.southvillabath.com\/wp-content\/uploads\/2026\/03\/wall-hung-basin-details.webp 734w, https:\/\/www.southvillabath.com\/wp-content\/uploads\/2026\/03\/wall-hung-basin-details-256x300.webp 256w, https:\/\/www.southvillabath.com\/wp-content\/uploads\/2026\/03\/wall-hung-basin-details-600x702.webp 600w\" sizes=\"(max-width: 734px) 100vw, 734px\" \/><\/figure>\n<\/div>\n<\/div>\n\n\n\n<p><\/p>","protected":false},"excerpt":{"rendered":"<p>Unsere hochwertigen wandh\u00e4ngenden Keramikbecken vereinen Langlebigkeit, modernes Design und einfache Installation und bieten Unterst\u00fctzung bei der individuellen Gestaltung von Logos, Verpackungen oder Farben. Perfekt f\u00fcr Gro\u00dfauftr\u00e4ge, Hotels, Wohnungen und gewerbliche Projekte. Willkommen bei uns!<\/p>\n<h2><strong><b>Wandh\u00e4ngendes Waschbecken Spezifikation<\/b><\/strong><\/h2>\n<table>\n<tbody>\n<tr>\n<td><strong><b>Spezifikation<\/b><\/strong><\/td>\n<td><strong><b>Einzelheiten<\/b><\/strong><\/td>\n<\/tr>\n<tr>\n<td>Modell<\/td>\n<td>SH-115<\/td>\n<\/tr>\n<tr>\n<td>Produkttyp<\/td>\n<td>Wandh\u00e4ngendes Waschbecken<\/td>\n<\/tr>\n<tr>\n<td>Stil<\/td>\n<td>Modern<\/td>\n<\/tr>\n<tr>\n<td>Merkmal<\/td>\n<td>Glatt<\/td>\n<\/tr>\n<tr>\n<td>Anmeldung<\/td>\n<td>Badezimmer<\/td>\n<\/tr>\n<tr>\n<td>OEM- und ODM-Dienstleistungen<\/td>\n<td>Kundenspezifisches Logo, Farben, Verpackungen, Produktformen und Funktionen verf\u00fcgbar<\/td>\n<\/tr>\n<tr>\n<td>MOQ<\/td>\n<td>50 St\u00fcck, flexibel f\u00fcr weitere Diskussionen<\/td>\n<\/tr>\n<\/tbody>\n<\/table>\n<p>&nbsp;<\/p>\n<p><script src=\"chrome-extension:\/\/fpelahbljekknahkcaegamhcndkfpfnc\/iFrame.js\" type=\"text\/javascript\"><\/script><\/p>\n<p>\n<script src=\"chrome-extension:\/\/fpelahbljekknahkcaegamhcndkfpfnc\/iFrame.js\" type=\"text\/javascript\"><\/script><\/p>","protected":false},"featured_media":778,"comment_status":"closed","ping_status":"closed","template":"","meta":{"_acf_changed":true},"product_brand":[],"product_cat":[23],"product_tag":[],"class_list":{"0":"post-771","1":"product","2":"type-product","3":"status-publish","4":"has-post-thumbnail","6":"product_cat-wholesale-washbasins","8":"first","9":"instock","10":"shipping-taxable","11":"product-type-simple"},"acf":[],"_links":{"self":[{"href":"https:\/\/www.southvillabath.com\/de\/wp-json\/wp\/v2\/product\/771","targetHints":{"allow":["GET"]}}],"collection":[{"href":"https:\/\/www.southvillabath.com\/de\/wp-json\/wp\/v2\/product"}],"about":[{"href":"https:\/\/www.southvillabath.com\/de\/wp-json\/wp\/v2\/types\/product"}],"replies":[{"embeddable":true,"href":"https:\/\/www.southvillabath.com\/de\/wp-json\/wp\/v2\/comments?post=771"}],"wp:featuredmedia":[{"embeddable":true,"href":"https:\/\/www.southvillabath.com\/de\/wp-json\/wp\/v2\/media\/778"}],"wp:attachment":[{"href":"https:\/\/www.southvillabath.com\/de\/wp-json\/wp\/v2\/media?parent=771"}],"wp:term":[{"taxonomy":"product_brand","embeddable":true,"href":"https:\/\/www.southvillabath.com\/de\/wp-json\/wp\/v2\/product_brand?post=771"},{"taxonomy":"product_cat","embeddable":true,"href":"https:\/\/www.southvillabath.com\/de\/wp-json\/wp\/v2\/product_cat?post=771"},{"taxonomy":"product_tag","embeddable":true,"href":"https:\/\/www.southvillabath.com\/de\/wp-json\/wp\/v2\/product_tag?post=771"}],"curies":[{"name":"wp","href":"https:\/\/api.w.org\/{rel}","templated":true}]}}