{"id":716,"date":"2026-03-11T01:53:40","date_gmt":"2026-03-11T01:53:40","guid":{"rendered":"https:\/\/shangcai.tongdeceramic.com\/?post_type=product&#038;p=716"},"modified":"2026-03-21T10:02:44","modified_gmt":"2026-03-21T10:02:44","slug":"bulk-smart-toilets-from-china","status":"publish","type":"product","link":"https:\/\/www.southvillabath.com\/de\/product\/bulk-smart-toilets-from-china\/","title":{"rendered":"Bulk Chinese Smart Toilet Supply SH-V9, Washdown Smart Toilet Manufacturer Supply"},"content":{"rendered":"<div class=\"wp-block-columns is-layout-flex wp-container-core-columns-is-layout-9d6595d7 wp-block-columns-is-layout-flex\">\n<div class=\"wp-block-column is-layout-flow wp-block-column-is-layout-flow\">\n<h3 class=\"wp-block-heading\"> Merkmale der intelligenten Toilette<\/h3>\n\n\n\n<ul class=\"wp-block-list\">\n<li><strong>Beheizter Sitz mit konstanter Komforttemperatur:<\/strong> Die intelligente Sitzheizung h\u00e4lt die Temperatur konstant und bietet so das ganze Jahr \u00fcber Komfort. Sie beseitigt die Unannehmlichkeiten kalter Sitze im Winter und sorgt zu jeder Jahreszeit f\u00fcr ein angenehmes Sitzgef\u00fchl.<\/li>\n<\/ul>\n\n\n\n<ul class=\"wp-block-list\">\n<li><strong>RGB-Umgebungsbeleuchtungssystem: <\/strong>Eine integrierte <strong>Vollfarbiges RGB-Beleuchtungssystem<\/strong> schafft eine anpassbare Umgebungsbeleuchtung rund um die Toilette, die bei jungen Leuten sehr beliebt ist. Die Beleuchtung verbessert die Benutzerfreundlichkeit in der Nacht und verleiht dem Badezimmer gleichzeitig eine moderne, dekorative Atmosph\u00e4re.<\/li>\n<\/ul>\n\n\n\n<ul class=\"wp-block-list\">\n<li><strong>Three styles are available: <\/strong>Wir bieten drei verschiedene Stile an, um den Vorlieben der verschiedenen Benutzer gerecht zu werden.<\/li>\n<\/ul>\n\n\n\n<ul class=\"wp-block-list\">\n<li><strong>Modernes integriertes \u00e4sthetisches Design: <\/strong>Die glatten Linien der Toilette und die verdeckten Bauteile sorgen f\u00fcr ein sauberes und stromlinienf\u00f6rmiges Aussehen. Versteckte Rohre und Tanks sorgen f\u00fcr ein minimalistisches Aussehen, das zu modernen Einrichtungsstilen passt.<\/li>\n<\/ul>\n<\/div>\n\n\n\n<div class=\"wp-block-column is-layout-flow wp-block-column-is-layout-flow\">\n<figure class=\"wp-block-image size-full\"><img decoding=\"async\" width=\"750\" height=\"750\" src=\"https:\/\/www.southvillabath.com\/wp-content\/uploads\/2026\/03\/bulk-Chinese-smart-toilet-supply-1.webp\" alt=\"Bulk Chinese smart toilet supply 1\" class=\"wp-image-717\" srcset=\"https:\/\/www.southvillabath.com\/wp-content\/uploads\/2026\/03\/bulk-Chinese-smart-toilet-supply-1.webp 750w, https:\/\/www.southvillabath.com\/wp-content\/uploads\/2026\/03\/bulk-Chinese-smart-toilet-supply-1-300x300.webp 300w, https:\/\/www.southvillabath.com\/wp-content\/uploads\/2026\/03\/bulk-Chinese-smart-toilet-supply-1-150x150.webp 150w, https:\/\/www.southvillabath.com\/wp-content\/uploads\/2026\/03\/bulk-Chinese-smart-toilet-supply-1-600x600.webp 600w, https:\/\/www.southvillabath.com\/wp-content\/uploads\/2026\/03\/bulk-Chinese-smart-toilet-supply-1-100x100.webp 100w\" sizes=\"(max-width: 750px) 100vw, 750px\" \/><\/figure>\n<\/div>\n<\/div>\n\n\n\n<p><\/p>","protected":false},"excerpt":{"rendered":"<p>Factory Bulk Chinesisch intelligente Toilette Versorgung. Unsere Gro\u00dfhandel intelligente Toilette kombiniert minimalistische \u00c4sthetik mit fortschrittlichen Komfortfunktionen. Erh\u00e4ltlich in drei eleganten Farben und ausgestattet mit einem beheizten Sitz, RGB-Ambiente-Beleuchtung, verbessert es sowohl Funktionalit\u00e4t und visuelle Harmonie in modernen B\u00e4dern.<\/p>\n<p>Als einer der f\u00fchrenden <strong>Hersteller intelligenter Toiletten<\/strong> South Villa bietet Gro\u00dfhandelsservice f\u00fcr intelligente Toiletten und kundenspezifische L\u00f6sungen f\u00fcr intelligente Toiletten weltweit. Kontaktieren Sie uns jetzt!<\/p>\n<h2><strong><b>Intelligente Toilette <\/b><\/strong><strong><b>Spezifikation<\/b><\/strong><\/h2>\n<table>\n<tbody>\n<tr>\n<td><strong><b>Spezifikation<\/b><\/strong><\/td>\n<td><strong><b>Einzelheiten<\/b><\/strong><\/td>\n<\/tr>\n<tr>\n<td>Modell<\/td>\n<td>SH-V9<\/td>\n<\/tr>\n<tr>\n<td>Toilette Typ<\/td>\n<td>Intelligente Toilette<\/td>\n<\/tr>\n<tr>\n<td>Volumen der Sp\u00fclung<\/td>\n<td>3.0-4.5L<\/td>\n<\/tr>\n<tr>\n<td>Flush-System<\/td>\n<td>Waschanlage<\/td>\n<\/tr>\n<tr>\n<td>Merkmal Sitz<\/td>\n<td>Rund, Soft-Close-Sitz<\/td>\n<\/tr>\n<tr>\n<td>OEM- und ODM-Dienstleistungen<\/td>\n<td>Kundenspezifisches Logo, Farben, Verpackungen, Produktformen und Funktionen verf\u00fcgbar<\/td>\n<\/tr>\n<tr>\n<td>MOQ<\/td>\n<td>50 St\u00fcck, flexibel f\u00fcr weitere Diskussionen<\/td>\n<\/tr>\n<\/tbody>\n<\/table>\n<p>&nbsp;<\/p>\n<p><script src=\"chrome-extension:\/\/fpelahbljekknahkcaegamhcndkfpfnc\/iFrame.js\" type=\"text\/javascript\"><\/script><\/p>\n<p>\n<script src=\"chrome-extension:\/\/fpelahbljekknahkcaegamhcndkfpfnc\/iFrame.js\" type=\"text\/javascript\"><\/script><\/p>","protected":false},"featured_media":718,"comment_status":"closed","ping_status":"closed","template":"","meta":{"_acf_changed":false},"product_brand":[],"product_cat":[20],"product_tag":[],"class_list":{"0":"post-716","1":"product","2":"type-product","3":"status-publish","4":"has-post-thumbnail","6":"product_cat-wholesale-smart-toilets","8":"first","9":"instock","10":"shipping-taxable","11":"product-type-simple"},"acf":[],"_links":{"self":[{"href":"https:\/\/www.southvillabath.com\/de\/wp-json\/wp\/v2\/product\/716","targetHints":{"allow":["GET"]}}],"collection":[{"href":"https:\/\/www.southvillabath.com\/de\/wp-json\/wp\/v2\/product"}],"about":[{"href":"https:\/\/www.southvillabath.com\/de\/wp-json\/wp\/v2\/types\/product"}],"replies":[{"embeddable":true,"href":"https:\/\/www.southvillabath.com\/de\/wp-json\/wp\/v2\/comments?post=716"}],"wp:featuredmedia":[{"embeddable":true,"href":"https:\/\/www.southvillabath.com\/de\/wp-json\/wp\/v2\/media\/718"}],"wp:attachment":[{"href":"https:\/\/www.southvillabath.com\/de\/wp-json\/wp\/v2\/media?parent=716"}],"wp:term":[{"taxonomy":"product_brand","embeddable":true,"href":"https:\/\/www.southvillabath.com\/de\/wp-json\/wp\/v2\/product_brand?post=716"},{"taxonomy":"product_cat","embeddable":true,"href":"https:\/\/www.southvillabath.com\/de\/wp-json\/wp\/v2\/product_cat?post=716"},{"taxonomy":"product_tag","embeddable":true,"href":"https:\/\/www.southvillabath.com\/de\/wp-json\/wp\/v2\/product_tag?post=716"}],"curies":[{"name":"wp","href":"https:\/\/api.w.org\/{rel}","templated":true}]}}