{"id":705,"date":"2026-03-10T07:17:43","date_gmt":"2026-03-10T07:17:43","guid":{"rendered":"https:\/\/shangcai.tongdeceramic.com\/?post_type=product&#038;p=705"},"modified":"2026-03-10T07:50:14","modified_gmt":"2026-03-10T07:50:14","slug":"wholesale-ceramic-bathroom-set","status":"publish","type":"product","link":"https:\/\/www.southvillabath.com\/de\/product\/wholesale-ceramic-bathroom-set\/","title":{"rendered":"Gro\u00dfhandel Badezimmer Set, Toiletten und Waschbecken kommen in verschiedenen Stilen und k\u00f6nnen frei kombiniert werden"},"content":{"rendered":"<div class=\"wp-block-columns is-layout-flex wp-container-core-columns-is-layout-9d6595d7 wp-block-columns-is-layout-flex\">\n<div class=\"wp-block-column is-layout-flow wp-block-column-is-layout-flow\">\n<h3 class=\"wp-block-heading\">Badezimmer-Set Merkmale<\/h3>\n\n\n\n<ul class=\"wp-block-list\">\n<li><strong>Flexible Stilkombinationen:<\/strong> Unsere Toiletten und Waschbecken sind in einer Vielzahl von Stilen und Modellen erh\u00e4ltlich, die flexible Kombinationen f\u00fcr unterschiedliche Badstile und Projektanforderungen erm\u00f6glichen.<\/li>\n\n\n\n<li><strong>Effizientes und leistungsstarkes Sp\u00fclsystem: <\/strong>Die Toilette ist mit einer optimierten Sp\u00fclstruktur ausgestattet, die einen starken und zuverl\u00e4ssigen Abtransport der Abf\u00e4lle bei gleichzeitig niedrigem Wasserverbrauch gew\u00e4hrleistet und so zu einem ausgewogenen Verh\u00e4ltnis zwischen Leistung und Wassereffizienz beitr\u00e4gt.<\/li>\n\n\n\n<li><strong>Zuverl\u00e4ssige Qualit\u00e4t f\u00fcr gro\u00dfe Projekte: <\/strong>Jedes Produkt wird strengen Qualit\u00e4tskontrollen unterzogen, um eine stabile Leistung und gleichbleibende Qualit\u00e4t zu gew\u00e4hrleisten. Damit ist das Set ideal f\u00fcr Hotels, Wohnungen, Immobilienprojekte und Gro\u00dfauftr\u00e4ge.<\/li>\n\n\n\n<li><strong>Strenge Qualit\u00e4tskontrolle:<\/strong> Jede Toilette wird vor der Auslieferung mehrfach gepr\u00fcft, u. a. durch eine Glasurpr\u00fcfung, einen Sp\u00fcltest, eine Wasserdichtigkeitspr\u00fcfung und eine strukturelle Qualit\u00e4tspr\u00fcfung.<\/li>\n<\/ul>\n<\/div>\n\n\n\n<div class=\"wp-block-column is-layout-flow wp-block-column-is-layout-flow\">\n<figure class=\"wp-block-image size-full\"><img decoding=\"async\" width=\"781\" height=\"781\" src=\"https:\/\/www.southvillabath.com\/wp-content\/uploads\/2026\/03\/bathroom-set-1.webp\" alt=\"Badezimmer-Set (1)\" class=\"wp-image-706\" srcset=\"https:\/\/www.southvillabath.com\/wp-content\/uploads\/2026\/03\/bathroom-set-1.webp 781w, https:\/\/www.southvillabath.com\/wp-content\/uploads\/2026\/03\/bathroom-set-1-300x300.webp 300w, https:\/\/www.southvillabath.com\/wp-content\/uploads\/2026\/03\/bathroom-set-1-150x150.webp 150w, https:\/\/www.southvillabath.com\/wp-content\/uploads\/2026\/03\/bathroom-set-1-768x768.webp 768w, https:\/\/www.southvillabath.com\/wp-content\/uploads\/2026\/03\/bathroom-set-1-600x600.webp 600w, https:\/\/www.southvillabath.com\/wp-content\/uploads\/2026\/03\/bathroom-set-1-100x100.webp 100w\" sizes=\"(max-width: 781px) 100vw, 781px\" \/><\/figure>\n<\/div>\n<\/div>","protected":false},"excerpt":{"rendered":"<p>Dieses Badezimmer-Set f\u00fcr den Gro\u00dfhandel umfasst eine passende Toilette und ein Waschbecken, um eine komplette und koordinierte Badezimmerl\u00f6sung zu schaffen. Sowohl die Toilette als auch das Waschbecken sind aus hochwertiger Keramik mit einer glatten Oberfl\u00e4che gefertigt und bieten eine hervorragende Haltbarkeit, Fleckenbest\u00e4ndigkeit und eine lang anhaltende wei\u00dfe Oberfl\u00e4che.<\/p>\n<p>Als Hersteller bieten wir eine Vielzahl von Stilen und Gr\u00f6\u00dfen von Toiletten und Waschbecken zur Auswahl an, so dass flexible Kombinationen f\u00fcr verschiedene Badezimmergrundrisse m\u00f6glich sind.<\/p>\n<h2><strong><b>Badezimmer-Set <\/b><\/strong><strong><b>Spezifikation<\/b><\/strong><\/h2>\n<table>\n<tbody>\n<tr>\n<td><strong><b>Spezifikation<\/b><\/strong><\/td>\n<td><strong><b>Einzelheiten<\/b><\/strong><\/td>\n<\/tr>\n<tr>\n<td>Modell<\/td>\n<td>Toilette: SH-285BL \/ SH-295BL Waschbecken: SH-B199BL\/SH-8802BL<br \/>\/SH-P128BL<\/td>\n<\/tr>\n<tr>\n<td>Toilette Typ<\/td>\n<td>Badezimmer-Set<\/td>\n<\/tr>\n<tr>\n<td>Volumen der Sp\u00fclung<\/td>\n<td>3.0-4.5L<\/td>\n<\/tr>\n<tr>\n<td>Flush-System<\/td>\n<td>Waschanlage<\/td>\n<\/tr>\n<tr>\n<td>Merkmal Sitz<\/td>\n<td>Soft-Close-Sitz<\/td>\n<\/tr>\n<tr>\n<td>OEM- und ODM-Dienstleistungen<\/td>\n<td>Kundenspezifisches Logo, Farben, Verpackungen, Produktformen und Funktionen verf\u00fcgbar<\/td>\n<\/tr>\n<tr>\n<td>MOQ<\/td>\n<td>50 St\u00fcck, flexibel f\u00fcr weitere Diskussionen<\/td>\n<\/tr>\n<\/tbody>\n<\/table>\n<p>&nbsp;<\/p>","protected":false},"featured_media":710,"comment_status":"closed","ping_status":"closed","template":"","meta":{"_acf_changed":true},"product_brand":[],"product_cat":[22],"product_tag":[],"class_list":{"0":"post-705","1":"product","2":"type-product","3":"status-publish","4":"has-post-thumbnail","6":"product_cat-wholesale-bathroom-sets","8":"first","9":"instock","10":"shipping-taxable","11":"product-type-simple"},"acf":[],"_links":{"self":[{"href":"https:\/\/www.southvillabath.com\/de\/wp-json\/wp\/v2\/product\/705","targetHints":{"allow":["GET"]}}],"collection":[{"href":"https:\/\/www.southvillabath.com\/de\/wp-json\/wp\/v2\/product"}],"about":[{"href":"https:\/\/www.southvillabath.com\/de\/wp-json\/wp\/v2\/types\/product"}],"replies":[{"embeddable":true,"href":"https:\/\/www.southvillabath.com\/de\/wp-json\/wp\/v2\/comments?post=705"}],"wp:featuredmedia":[{"embeddable":true,"href":"https:\/\/www.southvillabath.com\/de\/wp-json\/wp\/v2\/media\/710"}],"wp:attachment":[{"href":"https:\/\/www.southvillabath.com\/de\/wp-json\/wp\/v2\/media?parent=705"}],"wp:term":[{"taxonomy":"product_brand","embeddable":true,"href":"https:\/\/www.southvillabath.com\/de\/wp-json\/wp\/v2\/product_brand?post=705"},{"taxonomy":"product_cat","embeddable":true,"href":"https:\/\/www.southvillabath.com\/de\/wp-json\/wp\/v2\/product_cat?post=705"},{"taxonomy":"product_tag","embeddable":true,"href":"https:\/\/www.southvillabath.com\/de\/wp-json\/wp\/v2\/product_tag?post=705"}],"curies":[{"name":"wp","href":"https:\/\/api.w.org\/{rel}","templated":true}]}}