{"id":698,"date":"2026-03-11T01:38:19","date_gmt":"2026-03-11T01:38:19","guid":{"rendered":"https:\/\/shangcai.tongdeceramic.com\/?post_type=product&#038;p=698"},"modified":"2026-03-21T10:03:47","modified_gmt":"2026-03-21T10:03:47","slug":"smart-toilet-wholesale","status":"publish","type":"product","link":"https:\/\/www.southvillabath.com\/de\/product\/smart-toilet-wholesale\/","title":{"rendered":"Chinese Smart Toilet SH-681 Gro\u00dfhandel Versorgung - Washdown Smart Toilet Factory-Direct"},"content":{"rendered":"<div class=\"wp-block-columns is-layout-flex wp-container-core-columns-is-layout-9d6595d7 wp-block-columns-is-layout-flex\">\n<div class=\"wp-block-column is-layout-flow wp-block-column-is-layout-flow\">\n<h3 class=\"wp-block-heading\"> Merkmale der intelligenten Toilette\u00a0 \u00a0<\/h3>\n\n\n\n<ul class=\"wp-block-list\">\n<li><strong>Intelligentes Multi-Mode-Waschsystem: <\/strong>Die Toilette bietet mehrere Waschmodi, darunter R\u00fcckensp\u00fclung, Damenw\u00e4sche und mehr. Diese einstellbaren Reinigungsfunktionen sorgen f\u00fcr eine individuelle Hygiene und ein komfortables Wascherlebnis f\u00fcr unterschiedliche Benutzerbed\u00fcrfnisse.<\/li>\n<\/ul>\n\n\n\n<ul class=\"wp-block-list\">\n<li><strong>Sofortige Trocknung mit warmem Wasser und warmer Luft: <\/strong>Ein Durchlauferhitzungssystem sorgt w\u00e4hrend des Waschens f\u00fcr kontinuierlich warmes Wasser, ohne dass ein Vorratstank erforderlich ist. Nach der Reinigung reduziert eine sanfte Warmlufttrocknung den Bedarf an Toilettenpapier und verbessert den allgemeinen Komfort.<\/li>\n<\/ul>\n\n\n\n<ul class=\"wp-block-list\">\n<li><strong>Selbstreinigende hygienische D\u00fcse: <\/strong>Die Spr\u00fchd\u00fcse reinigt sich automatisch vor und nach jedem Gebrauch, um hygienische Bedingungen zu gew\u00e4hrleisten. So wird sichergestellt, dass jeder Waschgang hygienisch und sicher f\u00fcr die Benutzer bleibt.<\/li>\n<\/ul>\n\n\n\n<ul class=\"wp-block-list\">\n<li><strong>Kompaktes, wandh\u00e4ngendes, platzsparendes Design: <\/strong>Die an der Wand montierte Struktur erzeugt einen schwebenden visuellen Effekt und spart gleichzeitig Bodenfl\u00e4che. Dank seiner kompakten Gr\u00f6\u00dfe eignet er sich f\u00fcr moderne B\u00e4der, insbesondere dort, wo Platzoptimierung wichtig ist.<\/li>\n<\/ul>\n<\/div>\n\n\n\n<div class=\"wp-block-column is-layout-flow wp-block-column-is-layout-flow\">\n<figure class=\"wp-block-image size-full\"><img decoding=\"async\" width=\"750\" height=\"750\" src=\"https:\/\/www.southvillabath.com\/wp-content\/uploads\/2026\/03\/Chinese-smart-toilet-wholesale-6.webp\" alt=\"Chinesische intelligente Toilette Gro\u00dfhandel 6\" class=\"wp-image-700\" srcset=\"https:\/\/www.southvillabath.com\/wp-content\/uploads\/2026\/03\/Chinese-smart-toilet-wholesale-6.webp 750w, https:\/\/www.southvillabath.com\/wp-content\/uploads\/2026\/03\/Chinese-smart-toilet-wholesale-6-300x300.webp 300w, https:\/\/www.southvillabath.com\/wp-content\/uploads\/2026\/03\/Chinese-smart-toilet-wholesale-6-150x150.webp 150w, https:\/\/www.southvillabath.com\/wp-content\/uploads\/2026\/03\/Chinese-smart-toilet-wholesale-6-600x600.webp 600w, https:\/\/www.southvillabath.com\/wp-content\/uploads\/2026\/03\/Chinese-smart-toilet-wholesale-6-100x100.webp 100w\" sizes=\"(max-width: 750px) 100vw, 750px\" \/><\/figure>\n<\/div>\n<\/div>","protected":false},"excerpt":{"rendered":"<p>Wir bieten Gro\u00dfhandel intelligente Toiletten aus China zu Fabrikpreisen. Sie sind f\u00fcr maximale Hygiene, Komfort und intelligente Bedienung konzipiert. Sie verf\u00fcgen \u00fcber eine Laser-Fu\u00dfabtastung, ein 360\u00b0-Schaumschutzsystem, eine sofortige Warmwasserreinigung und eine drucklose Sp\u00fclungstechnologie. Sie bieten ein erstklassiges, vollautomatisches Badezimmererlebnis.<\/p>\n<p>Als einer der f\u00fchrenden Hersteller von intelligenten Toiletten in China bietet South Villa Gro\u00dfhandelsdienstleistungen f\u00fcr intelligente Toiletten und kundenspezifische L\u00f6sungen f\u00fcr intelligente Toiletten weltweit an. Kontaktieren Sie uns jetzt!<\/p>\n<h2><strong><b>Intelligente Toilette <\/b><\/strong><strong><b>Spezifikation<\/b><\/strong><\/h2>\n<table>\n<tbody>\n<tr>\n<td><strong><b>Spezifikation<\/b><\/strong><\/td>\n<td><strong><b>Einzelheiten<\/b><\/strong><\/td>\n<\/tr>\n<tr>\n<td>Modell<\/td>\n<td>SH-681<\/td>\n<\/tr>\n<tr>\n<td>Toilette Typ<\/td>\n<td>Intelligente Toilette<\/td>\n<\/tr>\n<tr>\n<td>Volumen der Sp\u00fclung<\/td>\n<td>3.0-4.5L<\/td>\n<\/tr>\n<tr>\n<td>Flush-System<\/td>\n<td>Waschanlage<\/td>\n<\/tr>\n<tr>\n<td>Merkmal Sitz<\/td>\n<td>Rund, Soft-Close-Sitz<\/td>\n<\/tr>\n<tr>\n<td>OEM- und ODM-Dienstleistungen<\/td>\n<td>Kundenspezifisches Logo, Farben, Verpackungen, Produktformen und Funktionen verf\u00fcgbar<\/td>\n<\/tr>\n<tr>\n<td>MOQ<\/td>\n<td>50 St\u00fcck, flexibel f\u00fcr weitere Diskussionen<\/td>\n<\/tr>\n<\/tbody>\n<\/table>\n<p>&nbsp;<\/p>\n<p><script src=\"chrome-extension:\/\/fpelahbljekknahkcaegamhcndkfpfnc\/iFrame.js\" type=\"text\/javascript\"><\/script><\/p>\n<p>\n<script src=\"chrome-extension:\/\/fpelahbljekknahkcaegamhcndkfpfnc\/iFrame.js\" type=\"text\/javascript\"><\/script><\/p>","protected":false},"featured_media":704,"comment_status":"closed","ping_status":"closed","template":"","meta":{"_acf_changed":true},"product_brand":[],"product_cat":[20],"product_tag":[],"class_list":{"0":"post-698","1":"product","2":"type-product","3":"status-publish","4":"has-post-thumbnail","6":"product_cat-wholesale-smart-toilets","8":"first","9":"instock","10":"shipping-taxable","11":"product-type-simple"},"acf":[],"_links":{"self":[{"href":"https:\/\/www.southvillabath.com\/de\/wp-json\/wp\/v2\/product\/698","targetHints":{"allow":["GET"]}}],"collection":[{"href":"https:\/\/www.southvillabath.com\/de\/wp-json\/wp\/v2\/product"}],"about":[{"href":"https:\/\/www.southvillabath.com\/de\/wp-json\/wp\/v2\/types\/product"}],"replies":[{"embeddable":true,"href":"https:\/\/www.southvillabath.com\/de\/wp-json\/wp\/v2\/comments?post=698"}],"wp:featuredmedia":[{"embeddable":true,"href":"https:\/\/www.southvillabath.com\/de\/wp-json\/wp\/v2\/media\/704"}],"wp:attachment":[{"href":"https:\/\/www.southvillabath.com\/de\/wp-json\/wp\/v2\/media?parent=698"}],"wp:term":[{"taxonomy":"product_brand","embeddable":true,"href":"https:\/\/www.southvillabath.com\/de\/wp-json\/wp\/v2\/product_brand?post=698"},{"taxonomy":"product_cat","embeddable":true,"href":"https:\/\/www.southvillabath.com\/de\/wp-json\/wp\/v2\/product_cat?post=698"},{"taxonomy":"product_tag","embeddable":true,"href":"https:\/\/www.southvillabath.com\/de\/wp-json\/wp\/v2\/product_tag?post=698"}],"curies":[{"name":"wp","href":"https:\/\/api.w.org\/{rel}","templated":true}]}}