{"id":622,"date":"2026-04-02T00:28:24","date_gmt":"2026-04-02T00:28:24","guid":{"rendered":"https:\/\/shangcai.tongdeceramic.com\/?post_type=product&#038;p=622"},"modified":"2026-04-06T08:22:45","modified_gmt":"2026-04-06T08:22:45","slug":"wholesale-modern-washdown-one-piece-toilets","status":"publish","type":"product","link":"https:\/\/www.southvillabath.com\/de\/product\/wholesale-modern-washdown-one-piece-toilets\/","title":{"rendered":"Gro\u00dfhandel Modern Washdown One-Piece Toilette - Hotel-Ready Design"},"content":{"rendered":"<div class=\"wp-block-columns is-layout-flex wp-container-core-columns-is-layout-9d6595d7 wp-block-columns-is-layout-flex\">\n<div class=\"wp-block-column is-layout-flow wp-block-column-is-layout-flow\">\n<h3 class=\"wp-block-heading\">Einteilige Toilette Merkmale<\/h3>\n\n\n\n<ul class=\"wp-block-list\">\n<li><strong>Langlebige Keramikkonstruktion: <\/strong>Diese Toilette ist aus hochwertiger Keramik gefertigt und zeichnet sich durch au\u00dfergew\u00f6hnliche St\u00e4rke und Haltbarkeit aus. Ideal f\u00fcr stark frequentierte gewerbliche Bereiche und den t\u00e4glichen Gebrauch in Privathaushalten.<\/li>\n\n\n\n<li><strong>Randloses Hygiene-Design: <\/strong>Da diese Toilette ohne traditionellen Rand konstruiert ist, gibt es keine versteckten Ecken, in denen sich normalerweise Bakterien und Schmutz ansammeln.<\/li>\n\n\n\n<li><strong>Zweisp\u00fclsystem: <\/strong>Diese Toilette ist mit einem fortschrittlichen Zweimengensp\u00fclmechanismus ausgestattet und bietet 3,0 Liter f\u00fcr fl\u00fcssige und 4,5 Liter f\u00fcr feste Abf\u00e4lle, was eine effiziente Wassereinsparung ohne Leistungseinbu\u00dfen erm\u00f6glicht.<\/li>\n\n\n\n<li><strong>Leistungsstarke Sp\u00fclung: <\/strong>Ausgestattet mit einem P-Trap-Abflusssystem und einer oben angebrachten Zweiknopfsp\u00fclung, bietet diese Toilette jedes Mal eine starke, zuverl\u00e4ssige Abfallentsorgung. Der optimierte Wasserfluss reinigt den Abfall effizient in einer einzigen Sp\u00fclung, verhindert Verstopfungen und h\u00e4lt die Hygienestandards ein.<\/li>\n\n\n\n<li><strong>Vielseitige Installation: <\/strong>Diese bodenmontierte Toilette wurde f\u00fcr die flexible Installation in verschiedenen R\u00e4umen entwickelt, darunter Wohnungen, Hotels, B\u00fcros und \u00f6ffentliche Toiletten. Ihr anpassungsf\u00e4higes Design passt sich verschiedenen Sanit\u00e4rkonzepten an und macht sie zu einer zuverl\u00e4ssigen Wahl sowohl f\u00fcr Neubauten als auch f\u00fcr Renovierungsprojekte.<\/li>\n<\/ul>\n<\/div>\n\n\n\n<div class=\"wp-block-column is-layout-flow wp-block-column-is-layout-flow\">\n<figure class=\"wp-block-image size-full\"><img decoding=\"async\" width=\"1127\" height=\"1392\" src=\"https:\/\/www.southvillabath.com\/wp-content\/uploads\/2026\/03\/wholesale-modern-washdown-one-piece-toilet-6688-dimension.webp\" alt=\"wholesale modern washdown one-piece toilet 6688 dimension\" class=\"wp-image-1242\" srcset=\"https:\/\/www.southvillabath.com\/wp-content\/uploads\/2026\/03\/wholesale-modern-washdown-one-piece-toilet-6688-dimension.webp 1127w, https:\/\/www.southvillabath.com\/wp-content\/uploads\/2026\/03\/wholesale-modern-washdown-one-piece-toilet-6688-dimension-243x300.webp 243w, https:\/\/www.southvillabath.com\/wp-content\/uploads\/2026\/03\/wholesale-modern-washdown-one-piece-toilet-6688-dimension-768x949.webp 768w, https:\/\/www.southvillabath.com\/wp-content\/uploads\/2026\/03\/wholesale-modern-washdown-one-piece-toilet-6688-dimension-10x12.webp 10w, https:\/\/www.southvillabath.com\/wp-content\/uploads\/2026\/03\/wholesale-modern-washdown-one-piece-toilet-6688-dimension-600x741.webp 600w\" sizes=\"(max-width: 1127px) 100vw, 1127px\" \/><\/figure>\n<\/div>\n<\/div>","protected":false},"excerpt":{"rendered":"<p>Erleben Sie \u00fcberlegene Leistung und moderne Eleganz mit unserer Premium-Keramik-Toilette. Sie ist aus hochwertiger, langlebiger Keramik gefertigt und gew\u00e4hrleistet eine lange Nutzungsdauer bei gleichzeitig makellosem Aussehen. Ausgestattet mit einem leistungsstarken P-Trap-Abfluss und einer Zweiknopfsp\u00fclung oben, ist die Abfallentsorgung jedes Mal zuverl\u00e4ssig.<\/p>\n<p>Als Fachmann <a href=\"https:\/\/www.southvillabath.com\/de\/\" target=\"_blank\" rel=\"noopener\"><strong>Toilettenhersteller<\/strong><\/a>, Wir bieten Qualit\u00e4tssicherung und technischen Online-Support und sorgen so f\u00fcr unvergleichlichen Komfort, Leistung und Sicherheit f\u00fcr Ihre Produktlinie.<\/p>\n<h2><strong><b>Einteilige Toilette <\/b><\/strong><strong><b>Spezifikation<\/b><\/strong><\/h2>\n<table>\n<tbody>\n<tr>\n<td><strong><b>Spezifikation<\/b><\/strong><\/td>\n<td><strong><b>Einzelheiten<\/b><\/strong><\/td>\n<\/tr>\n<tr>\n<td>Modell<\/td>\n<td>SH-6688<\/td>\n<\/tr>\n<tr>\n<td>Toilette Typ<\/td>\n<td>Einteilige Toilette<\/td>\n<\/tr>\n<tr>\n<td>Volumen der Sp\u00fclung<\/td>\n<td>3-4.5 L<\/td>\n<\/tr>\n<tr>\n<td>Flush-System<\/td>\n<td>Waschbar Randlos<\/td>\n<\/tr>\n<tr>\n<td>Merkmal Sitz<\/td>\n<td>Soft-Close-Sitz<\/td>\n<\/tr>\n<tr>\n<td>OEM- und ODM-Dienstleistungen<\/td>\n<td>Kundenspezifisches Logo, Farben, Verpackungen, Produktformen und Funktionen verf\u00fcgbar<\/td>\n<\/tr>\n<tr>\n<td>Entw\u00e4sserung Typ<\/td>\n<td>P-trap:180mm \/ S-trap:250mm<\/td>\n<\/tr>\n<tr>\n<td>MOQ<\/td>\n<td>50 St\u00fcck, flexibel f\u00fcr weitere Diskussionen<\/td>\n<\/tr>\n<\/tbody>\n<\/table>\n<p>&nbsp;<\/p>\n<\/p><\/p>","protected":false},"featured_media":1243,"comment_status":"closed","ping_status":"closed","template":"","meta":{"_acf_changed":false},"product_brand":[],"product_cat":[17,36],"product_tag":[],"class_list":{"0":"post-622","1":"product","2":"type-product","3":"status-publish","4":"has-post-thumbnail","6":"product_cat-wholesale-one-piece-toilets","7":"product_cat-wholesale-washdown-one-piece-toilets","9":"first","10":"instock","11":"shipping-taxable","12":"product-type-simple"},"acf":[],"_links":{"self":[{"href":"https:\/\/www.southvillabath.com\/de\/wp-json\/wp\/v2\/product\/622","targetHints":{"allow":["GET"]}}],"collection":[{"href":"https:\/\/www.southvillabath.com\/de\/wp-json\/wp\/v2\/product"}],"about":[{"href":"https:\/\/www.southvillabath.com\/de\/wp-json\/wp\/v2\/types\/product"}],"replies":[{"embeddable":true,"href":"https:\/\/www.southvillabath.com\/de\/wp-json\/wp\/v2\/comments?post=622"}],"wp:featuredmedia":[{"embeddable":true,"href":"https:\/\/www.southvillabath.com\/de\/wp-json\/wp\/v2\/media\/1243"}],"wp:attachment":[{"href":"https:\/\/www.southvillabath.com\/de\/wp-json\/wp\/v2\/media?parent=622"}],"wp:term":[{"taxonomy":"product_brand","embeddable":true,"href":"https:\/\/www.southvillabath.com\/de\/wp-json\/wp\/v2\/product_brand?post=622"},{"taxonomy":"product_cat","embeddable":true,"href":"https:\/\/www.southvillabath.com\/de\/wp-json\/wp\/v2\/product_cat?post=622"},{"taxonomy":"product_tag","embeddable":true,"href":"https:\/\/www.southvillabath.com\/de\/wp-json\/wp\/v2\/product_tag?post=622"}],"curies":[{"name":"wp","href":"https:\/\/api.w.org\/{rel}","templated":true}]}}