{"id":613,"date":"2026-04-13T10:28:52","date_gmt":"2026-04-13T10:28:52","guid":{"rendered":"https:\/\/shangcai.tongdeceramic.com\/?post_type=product&#038;p=613"},"modified":"2026-04-22T06:32:29","modified_gmt":"2026-04-22T06:32:29","slug":"factory-supplied-bulk-one-piece-toilets","status":"publish","type":"product","link":"https:\/\/www.southvillabath.com\/de\/product\/factory-supplied-bulk-one-piece-toilets\/","title":{"rendered":"Werkseitig gelieferte einteilige Gro\u00dftoiletten - Expert Washdown Toilet Manufacturer"},"content":{"rendered":"<div class=\"wp-block-columns is-layout-flex wp-container-core-columns-is-layout-9d6595d7 wp-block-columns-is-layout-flex\">\n<div class=\"wp-block-column is-layout-flow wp-block-column-is-layout-flow\">\n<h3 class=\"wp-block-heading\">Einteilige Toilette Merkmale<\/h3>\n\n\n\n<ul class=\"wp-block-list\">\n<li><strong>Modernes Design:<\/strong> Elegantes, modernes Design f\u00fcr Hotels und hochwertige R\u00e4ume.<\/li>\n\n\n\n<li><strong>Erweiterte Funktionen: <\/strong>Die weich schlie\u00dfende Sitzabdeckung verhindert ein Zuschlagen und verbessert das Benutzererlebnis.<\/li>\n\n\n\n<li><strong>P-Trap Abfallauslass: <\/strong>Standardm\u00e4\u00dfige Bodenentw\u00e4sserung f\u00fcr eine zuverl\u00e4ssige Installation.<\/li>\n\n\n\n<li><strong>Hygienische, leicht zu reinigende Struktur: <\/strong>Glatte Konturen und ein reinigungsfreundliches Design verringern die Schmutzablagerung und vereinfachen die t\u00e4gliche Pflege.<\/li>\n\n\n\n<li><strong>Strenge Qualit\u00e4tskontrolle: <\/strong>Jede Toilette wird vor der Auslieferung mehrfach gepr\u00fcft, u. a. durch eine Glasurpr\u00fcfung, einen Sp\u00fcltest, eine Wasserdichtigkeitspr\u00fcfung und eine strukturelle Qualit\u00e4tspr\u00fcfung.<\/li>\n<\/ul>\n<\/div>\n\n\n\n<div class=\"wp-block-column is-layout-flow wp-block-column-is-layout-flow\">\n<figure class=\"wp-block-image size-full\"><img decoding=\"async\" width=\"724\" height=\"931\" src=\"https:\/\/www.southvillabath.com\/wp-content\/uploads\/2026\/03\/factory-supplied-bulk-one-piece-toilet-8869-dimension.webp\" alt=\"werkseitig gelieferte, einteilige Toilette 8869 Dimension\" class=\"wp-image-1255\" srcset=\"https:\/\/www.southvillabath.com\/wp-content\/uploads\/2026\/03\/factory-supplied-bulk-one-piece-toilet-8869-dimension.webp 724w, https:\/\/www.southvillabath.com\/wp-content\/uploads\/2026\/03\/factory-supplied-bulk-one-piece-toilet-8869-dimension-233x300.webp 233w, https:\/\/www.southvillabath.com\/wp-content\/uploads\/2026\/03\/factory-supplied-bulk-one-piece-toilet-8869-dimension-9x12.webp 9w, https:\/\/www.southvillabath.com\/wp-content\/uploads\/2026\/03\/factory-supplied-bulk-one-piece-toilet-8869-dimension-600x772.webp 600w\" sizes=\"(max-width: 724px) 100vw, 724px\" \/><\/figure>\n<\/div>\n<\/div>","protected":false},"excerpt":{"rendered":"<p>Diese moderne, einteilige Toilette kombiniert ein elegantes Design mit zuverl\u00e4ssiger Leistung. Sie verf\u00fcgt \u00fcber eine verl\u00e4ngerte Keramiksch\u00fcssel, ein Zweimengensp\u00fclsystem (3,0-4,5 l) f\u00fcr effiziente Wassernutzung und eine randlose \u201cSea King\u201d-Struktur f\u00fcr einfache Reinigung. Sie ist ideal f\u00fcr Hotels und hochwertige R\u00e4ume.<\/p>\n<p>Als <a href=\"https:\/\/www.southvillabath.com\/de\/\" target=\"_blank\" rel=\"noopener\"><strong>Toilettenhersteller<\/strong><\/a>, bieten wir Ihnen Werksangebote sowie OEM- und ODM-Unterst\u00fctzung. Kontaktieren Sie uns jetzt.<\/p>\n<h2><strong><b>Einteilige Toilette <\/b><\/strong><strong><b>Spezifikation<\/b><\/strong><\/h2>\n<table>\n<tbody>\n<tr>\n<td><strong><b>Spezifikation<\/b><\/strong><\/td>\n<td><strong><b>Einzelheiten<\/b><\/strong><\/td>\n<\/tr>\n<tr>\n<td>Modell<\/td>\n<td>SH-6689<\/td>\n<\/tr>\n<tr>\n<td>Toilette Typ<\/td>\n<td>Einteilige Toilette<\/td>\n<\/tr>\n<tr>\n<td>Volumen der Sp\u00fclung<\/td>\n<td>3.0-4.5L<\/td>\n<\/tr>\n<tr>\n<td>Flush-System<\/td>\n<td>Waschanlage<\/td>\n<\/tr>\n<tr>\n<td>Merkmal Sitz<\/td>\n<td>Soft-Close-Sitz<\/td>\n<\/tr>\n<tr>\n<td>OEM- und ODM-Dienstleistungen<\/td>\n<td>Kundenspezifisches Logo, Farben, Verpackungen, Produktformen und Funktionen verf\u00fcgbar<\/td>\n<\/tr>\n<tr>\n<td>Entw\u00e4sserung Typ<\/td>\n<td>P-Klappe: 180mm \/ S-Klappe: 250mm<\/td>\n<\/tr>\n<tr>\n<td>MOQ<\/td>\n<td>50 St\u00fcck, flexibel f\u00fcr weitere Diskussionen<\/td>\n<\/tr>\n<\/tbody>\n<\/table>\n<p>&nbsp;<\/p>\n<p><script src=\"chrome-extension:\/\/fpelahbljekknahkcaegamhcndkfpfnc\/iFrame.js\" type=\"text\/javascript\"><\/script><\/p>\n<p>\n<script src=\"chrome-extension:\/\/fpelahbljekknahkcaegamhcndkfpfnc\/iFrame.js\" type=\"text\/javascript\"><\/script><\/p>","protected":false},"featured_media":1257,"comment_status":"closed","ping_status":"closed","template":"","meta":{"_acf_changed":false},"product_brand":[],"product_cat":[17,36],"product_tag":[],"class_list":{"0":"post-613","1":"product","2":"type-product","3":"status-publish","4":"has-post-thumbnail","6":"product_cat-wholesale-one-piece-toilets","7":"product_cat-wholesale-washdown-one-piece-toilets","9":"first","10":"instock","11":"shipping-taxable","12":"product-type-simple"},"acf":[],"_links":{"self":[{"href":"https:\/\/www.southvillabath.com\/de\/wp-json\/wp\/v2\/product\/613","targetHints":{"allow":["GET"]}}],"collection":[{"href":"https:\/\/www.southvillabath.com\/de\/wp-json\/wp\/v2\/product"}],"about":[{"href":"https:\/\/www.southvillabath.com\/de\/wp-json\/wp\/v2\/types\/product"}],"replies":[{"embeddable":true,"href":"https:\/\/www.southvillabath.com\/de\/wp-json\/wp\/v2\/comments?post=613"}],"wp:featuredmedia":[{"embeddable":true,"href":"https:\/\/www.southvillabath.com\/de\/wp-json\/wp\/v2\/media\/1257"}],"wp:attachment":[{"href":"https:\/\/www.southvillabath.com\/de\/wp-json\/wp\/v2\/media?parent=613"}],"wp:term":[{"taxonomy":"product_brand","embeddable":true,"href":"https:\/\/www.southvillabath.com\/de\/wp-json\/wp\/v2\/product_brand?post=613"},{"taxonomy":"product_cat","embeddable":true,"href":"https:\/\/www.southvillabath.com\/de\/wp-json\/wp\/v2\/product_cat?post=613"},{"taxonomy":"product_tag","embeddable":true,"href":"https:\/\/www.southvillabath.com\/de\/wp-json\/wp\/v2\/product_tag?post=613"}],"curies":[{"name":"wp","href":"https:\/\/api.w.org\/{rel}","templated":true}]}}