{"id":606,"date":"2026-04-15T04:30:33","date_gmt":"2026-04-15T04:30:33","guid":{"rendered":"https:\/\/shangcai.tongdeceramic.com\/?post_type=product&#038;p=606"},"modified":"2026-04-22T06:24:19","modified_gmt":"2026-04-22T06:24:19","slug":"factory-direct-wholesale-washdown-one-piece-toilets","status":"publish","type":"product","link":"https:\/\/www.southvillabath.com\/de\/product\/factory-direct-wholesale-washdown-one-piece-toilets\/","title":{"rendered":"Factory-Direct Gro\u00dfhandel Washdown One-Piece Toilette - China One Piece Toilette Hersteller"},"content":{"rendered":"<div class=\"wp-block-columns is-layout-flex wp-container-core-columns-is-layout-9d6595d7 wp-block-columns-is-layout-flex\">\n<div class=\"wp-block-column is-layout-flow wp-block-column-is-layout-flow\">\n<h3 class=\"wp-block-heading\">Einteilige Toilette Merkmale<\/h3>\n\n\n\n<ul class=\"wp-block-list\">\n<li><strong>Vollst\u00e4ndig verglaste 360\u00b0-Oberfl\u00e4che:<\/strong> Die gesamte Innen- und Au\u00dfenfl\u00e4che ist vollst\u00e4ndig glasiert, was eine hohe Ebenheit, eine glatte Textur und eine reinwei\u00dfe Oberfl\u00e4che gew\u00e4hrleistet, die fleckenbest\u00e4ndig ist und die Reinigung erleichtert.<\/li>\n\n\n\n<li><strong>Leistungsstarkes Washdown-Sp\u00fclsystem: <\/strong>Ausgestattet mit einem effizienten Washdown-Sp\u00fclsystem, das einen starken und direkten Wasserfluss f\u00fcr eine effektive Abfallbeseitigung liefert und dabei leise arbeitet.<\/li>\n\n\n\n<li><strong>Hochwertiger Keramikk\u00f6rper: <\/strong>Hergestellt aus Premium-Keramik mit starker struktureller Integrit\u00e4t und Haltbarkeit, geeignet f\u00fcr den langfristigen t\u00e4glichen Gebrauch.<\/li>\n\n\n\n<li><strong>Soft-Close-Sitzbezug: <\/strong>Ausgestattet mit einem langsam schlie\u00dfenden Sitzdeckel, der ein Zuschlagen verhindert, die Ger\u00e4uschentwicklung reduziert und die Lebensdauer des Toilettensitzes verl\u00e4ngert.<\/li>\n\n\n\n<li><strong>Fabrikdirekte Fertigung: <\/strong>Als professioneller Hersteller von Sp\u00fcltoiletten bieten wir K\u00e4ufern in aller Welt Fabrikpreise, stabile Produktionskapazit\u00e4ten und zuverl\u00e4ssige Gro\u00dflieferungen.<\/li>\n<\/ul>\n<\/div>\n\n\n\n<div class=\"wp-block-column is-layout-flow wp-block-column-is-layout-flow\">\n<figure class=\"wp-block-image size-full\"><img decoding=\"async\" width=\"1760\" height=\"2680\" src=\"https:\/\/www.southvillabath.com\/wp-content\/uploads\/2026\/03\/factory-direct-wholesale-washdown-one-piece-toilet-6628-dimension.webp\" alt=\"factory direct wholesale washdown one-piece toilet 6628 dimension\" class=\"wp-image-1239\" srcset=\"https:\/\/www.southvillabath.com\/wp-content\/uploads\/2026\/03\/factory-direct-wholesale-washdown-one-piece-toilet-6628-dimension.webp 1760w, https:\/\/www.southvillabath.com\/wp-content\/uploads\/2026\/03\/factory-direct-wholesale-washdown-one-piece-toilet-6628-dimension-197x300.webp 197w, https:\/\/www.southvillabath.com\/wp-content\/uploads\/2026\/03\/factory-direct-wholesale-washdown-one-piece-toilet-6628-dimension-768x1169.webp 768w, https:\/\/www.southvillabath.com\/wp-content\/uploads\/2026\/03\/factory-direct-wholesale-washdown-one-piece-toilet-6628-dimension-8x12.webp 8w, https:\/\/www.southvillabath.com\/wp-content\/uploads\/2026\/03\/factory-direct-wholesale-washdown-one-piece-toilet-6628-dimension-1200x1827.webp 1200w, https:\/\/www.southvillabath.com\/wp-content\/uploads\/2026\/03\/factory-direct-wholesale-washdown-one-piece-toilet-6628-dimension-600x914.webp 600w\" sizes=\"(max-width: 1760px) 100vw, 1760px\" \/><\/figure>\n<\/div>\n<\/div>","protected":false},"excerpt":{"rendered":"<p data-pm-slice=\"0 0 []\">Unsere einteilige Toilette f\u00fcr den Gro\u00dfhandel kombiniert modernes Design mit hoher Leistung. Sie ist aus langlebiger, saugf\u00e4higer Keramik mit glatter, vollst\u00e4ndig glasierter Oberfl\u00e4che gefertigt und gew\u00e4hrleistet eine lange Nutzungsdauer und eine einfache Reinigung.<\/p>\n<p>OEM- und ODM-Anpassungen f\u00fcr Logo, Farbe, Verpackung und Eigenschaften sind m\u00f6glich und machen das Produkt ideal f\u00fcr globale Gro\u00dfh\u00e4ndler und Distributoren.<\/p>\n<h2><strong><b>Einteilige Toilette <\/b><\/strong><strong><b>Spezifikation<\/b><\/strong><\/h2>\n<table>\n<tbody>\n<tr>\n<td><strong><b>Spezifikation<\/b><\/strong><\/td>\n<td><strong><b>Einzelheiten<\/b><\/strong><\/td>\n<\/tr>\n<tr>\n<td>Modell<\/td>\n<td>SH-6628<\/td>\n<\/tr>\n<tr>\n<td>Toilette Typ<\/td>\n<td>Einteilige Toilette<\/td>\n<\/tr>\n<tr>\n<td>Volumen der Sp\u00fclung<\/td>\n<td>3.0-4.5L<\/td>\n<\/tr>\n<tr>\n<td>Flush-System<\/td>\n<td>\u00a0Abwasch-Tornado<\/td>\n<\/tr>\n<tr>\n<td>Merkmal Sitz<\/td>\n<td>Soft-Close-Sitz<\/td>\n<\/tr>\n<tr>\n<td>OEM- und ODM-Dienstleistungen<\/td>\n<td>Kundenspezifisches Logo, Farben, Verpackungen, Produktformen und Funktionen verf\u00fcgbar<\/td>\n<\/tr>\n<tr>\n<td>Entw\u00e4sserung Typ<\/td>\n<td>P-Klappe: 180mm \/ S-Klappe: 250mm<\/td>\n<\/tr>\n<tr>\n<td>MOQ<\/td>\n<td>50 St\u00fcck, flexibel f\u00fcr weitere Diskussionen<\/td>\n<\/tr>\n<\/tbody>\n<\/table>\n<p>&nbsp;<\/p>\n<p>&nbsp;<\/p>\n<p>&nbsp;<\/p>\n<p>&nbsp;<\/p>\n<p><script src=\"chrome-extension:\/\/fpelahbljekknahkcaegamhcndkfpfnc\/iFrame.js\" type=\"text\/javascript\"><\/script><\/p>","protected":false},"featured_media":1234,"comment_status":"closed","ping_status":"closed","template":"","meta":{"_acf_changed":false},"product_brand":[],"product_cat":[17,36],"product_tag":[],"class_list":{"0":"post-606","1":"product","2":"type-product","3":"status-publish","4":"has-post-thumbnail","6":"product_cat-wholesale-one-piece-toilets","7":"product_cat-wholesale-washdown-one-piece-toilets","9":"first","10":"instock","11":"shipping-taxable","12":"product-type-simple"},"acf":[],"_links":{"self":[{"href":"https:\/\/www.southvillabath.com\/de\/wp-json\/wp\/v2\/product\/606","targetHints":{"allow":["GET"]}}],"collection":[{"href":"https:\/\/www.southvillabath.com\/de\/wp-json\/wp\/v2\/product"}],"about":[{"href":"https:\/\/www.southvillabath.com\/de\/wp-json\/wp\/v2\/types\/product"}],"replies":[{"embeddable":true,"href":"https:\/\/www.southvillabath.com\/de\/wp-json\/wp\/v2\/comments?post=606"}],"wp:featuredmedia":[{"embeddable":true,"href":"https:\/\/www.southvillabath.com\/de\/wp-json\/wp\/v2\/media\/1234"}],"wp:attachment":[{"href":"https:\/\/www.southvillabath.com\/de\/wp-json\/wp\/v2\/media?parent=606"}],"wp:term":[{"taxonomy":"product_brand","embeddable":true,"href":"https:\/\/www.southvillabath.com\/de\/wp-json\/wp\/v2\/product_brand?post=606"},{"taxonomy":"product_cat","embeddable":true,"href":"https:\/\/www.southvillabath.com\/de\/wp-json\/wp\/v2\/product_cat?post=606"},{"taxonomy":"product_tag","embeddable":true,"href":"https:\/\/www.southvillabath.com\/de\/wp-json\/wp\/v2\/product_tag?post=606"}],"curies":[{"name":"wp","href":"https:\/\/api.w.org\/{rel}","templated":true}]}}