{"id":597,"date":"2026-04-14T01:00:44","date_gmt":"2026-04-14T01:00:44","guid":{"rendered":"https:\/\/shangcai.tongdeceramic.com\/?post_type=product&#038;p=597"},"modified":"2026-04-22T06:25:08","modified_gmt":"2026-04-22T06:25:08","slug":"wholesale-high-quality-one-piece-toilets","status":"publish","type":"product","link":"https:\/\/www.southvillabath.com\/de\/product\/wholesale-high-quality-one-piece-toilets\/","title":{"rendered":"Gro\u00dfhandel einteilige Toiletten - Singapur STL Wassereffizienz zertifiziert"},"content":{"rendered":"<div class=\"wp-block-columns is-layout-flex wp-container-core-columns-is-layout-9d6595d7 wp-block-columns-is-layout-flex\">\n<div class=\"wp-block-column is-layout-flow wp-block-column-is-layout-flow\">\n<h3 class=\"wp-block-heading\">Einteilige Toilette Merkmale<\/h3>\n\n\n\n<ul class=\"wp-block-list\">\n<li><strong>Wassersparende Leistung: <\/strong>Verbraucht nur 4,5 Liter pro Sp\u00fclung und hilft so, den Wasserverbrauch zu senken. Die Toilette hat den STL-Wassereffizienztest in Singapur bestanden und erf\u00fcllt damit die strengen Wassersparstandards.<\/li>\n\n\n\n<li><strong>Leistungsstarke Abfallbeseitigung:<\/strong>&nbsp;Diese Toilette ist mit einer leistungsstarken Sp\u00fclung ausgestattet, die Handt\u00fccher, 100 PP-Kugeln oder sogar 12 Stapel Toilettenpapier effektiv wegsp\u00fclt.<\/li>\n\n\n\n<li><strong>Randloses Hygiene-Design:<\/strong>&nbsp;Es gibt keine versteckten Ecken, wodurch sich weniger Bakterien ablagern und die Reinigung einfacher wird.<\/li>\n\n\n\n<li><strong>Ger\u00e4uschloser Soft-Close-Sitz:<\/strong>&nbsp;Der Sitz schlie\u00dft sich langsam und leise, ohne die Ruhe Ihrer Familie zu st\u00f6ren.<\/li>\n\n\n\n<li><strong>Kundenspezifische OEM- und ODM-Dienste:<\/strong>&nbsp;Als Toilettenhersteller unterst\u00fctzen wir kundenspezifische Logos, Farben, Verpackungen, Produktdesign, Sp\u00fclsystem\u00e4nderungen usw., um Marken- und Projektkunden zu helfen, sich auf dem Markt zu differenzieren.<\/li>\n<\/ul>\n<\/div>\n\n\n\n<div class=\"wp-block-column is-layout-flow wp-block-column-is-layout-flow\">\n<figure class=\"wp-block-image size-full\"><img decoding=\"async\" width=\"1671\" height=\"2134\" src=\"https:\/\/www.southvillabath.com\/wp-content\/uploads\/2026\/03\/wholesale-one-piece-toilet-6630-dimension.webp\" alt=\"wholesale one piece toilet 6630 dimension\" class=\"wp-image-1233\" srcset=\"https:\/\/www.southvillabath.com\/wp-content\/uploads\/2026\/03\/wholesale-one-piece-toilet-6630-dimension.webp 1671w, https:\/\/www.southvillabath.com\/wp-content\/uploads\/2026\/03\/wholesale-one-piece-toilet-6630-dimension-235x300.webp 235w, https:\/\/www.southvillabath.com\/wp-content\/uploads\/2026\/03\/wholesale-one-piece-toilet-6630-dimension-768x981.webp 768w, https:\/\/www.southvillabath.com\/wp-content\/uploads\/2026\/03\/wholesale-one-piece-toilet-6630-dimension-9x12.webp 9w, https:\/\/www.southvillabath.com\/wp-content\/uploads\/2026\/03\/wholesale-one-piece-toilet-6630-dimension-1200x1532.webp 1200w, https:\/\/www.southvillabath.com\/wp-content\/uploads\/2026\/03\/wholesale-one-piece-toilet-6630-dimension-600x766.webp 600w\" sizes=\"(max-width: 1671px) 100vw, 1671px\" \/><\/figure>\n<\/div>\n<\/div>","protected":false},"excerpt":{"rendered":"<p>Diese <strong>Gro\u00dfhandel einteilige Toilette<\/strong>\u00a0kombiniert modernes Design, starke Sp\u00fclleistung und wassersparende Technologie. Nur mit <strong>4,5 Liter pro Sp\u00fclung<\/strong>, Sie hilft, den Wasserverbrauch zu senken, ohne die Effizienz zu beeintr\u00e4chtigen. Die Toilette hat auch <strong>den STL-Wassereffizienztest in Singapur bestanden<\/strong>, Sie erf\u00fcllt strenge Wassersparstandards und ist damit ideal f\u00fcr M\u00e4rkte mit hohen Umweltanforderungen.<\/p>\n<h2><strong><b>Einteilige Toilette <\/b><\/strong><strong><b>Spezifikation<\/b><\/strong><\/h2>\n<table>\n<tbody>\n<tr>\n<td><strong><b>Spezifikation<\/b><\/strong><\/td>\n<td><strong><b>Einzelheiten<\/b><\/strong><\/td>\n<\/tr>\n<tr>\n<td>Modell<\/td>\n<td>SH-6630<\/td>\n<\/tr>\n<tr>\n<td>Toilette Typ<\/td>\n<td>Einteilige Toilette<\/td>\n<\/tr>\n<tr>\n<td>Volumen der Sp\u00fclung<\/td>\n<td>4.5 L<\/td>\n<\/tr>\n<tr>\n<td>Flush-System<\/td>\n<td>Abwasch-Tornado<\/td>\n<\/tr>\n<tr>\n<td>Merkmal Sitz<\/td>\n<td>Soft-Close-Sitz<\/td>\n<\/tr>\n<tr>\n<td>OEM- und ODM-Dienstleistungen<\/td>\n<td>Kundenspezifisches Logo, Farben, Verpackungen, Produktformen und Funktionen verf\u00fcgbar<\/td>\n<\/tr>\n<tr>\n<td>Entw\u00e4sserung Typ<\/td>\n<td>P-trap:180mm \/ S-trap:250mm<\/td>\n<\/tr>\n<tr>\n<td>MOQ<\/td>\n<td>50 St\u00fcck, flexibel f\u00fcr weitere Diskussionen<\/td>\n<\/tr>\n<\/tbody>\n<\/table>\n<p>&nbsp;<\/p>","protected":false},"featured_media":1241,"comment_status":"closed","ping_status":"closed","template":"","meta":{"_acf_changed":true},"product_brand":[],"product_cat":[17,36],"product_tag":[],"class_list":{"0":"post-597","1":"product","2":"type-product","3":"status-publish","4":"has-post-thumbnail","6":"product_cat-wholesale-one-piece-toilets","7":"product_cat-wholesale-washdown-one-piece-toilets","9":"first","10":"instock","11":"shipping-taxable","12":"product-type-simple"},"acf":[],"_links":{"self":[{"href":"https:\/\/www.southvillabath.com\/de\/wp-json\/wp\/v2\/product\/597","targetHints":{"allow":["GET"]}}],"collection":[{"href":"https:\/\/www.southvillabath.com\/de\/wp-json\/wp\/v2\/product"}],"about":[{"href":"https:\/\/www.southvillabath.com\/de\/wp-json\/wp\/v2\/types\/product"}],"replies":[{"embeddable":true,"href":"https:\/\/www.southvillabath.com\/de\/wp-json\/wp\/v2\/comments?post=597"}],"wp:featuredmedia":[{"embeddable":true,"href":"https:\/\/www.southvillabath.com\/de\/wp-json\/wp\/v2\/media\/1241"}],"wp:attachment":[{"href":"https:\/\/www.southvillabath.com\/de\/wp-json\/wp\/v2\/media?parent=597"}],"wp:term":[{"taxonomy":"product_brand","embeddable":true,"href":"https:\/\/www.southvillabath.com\/de\/wp-json\/wp\/v2\/product_brand?post=597"},{"taxonomy":"product_cat","embeddable":true,"href":"https:\/\/www.southvillabath.com\/de\/wp-json\/wp\/v2\/product_cat?post=597"},{"taxonomy":"product_tag","embeddable":true,"href":"https:\/\/www.southvillabath.com\/de\/wp-json\/wp\/v2\/product_tag?post=597"}],"curies":[{"name":"wp","href":"https:\/\/api.w.org\/{rel}","templated":true}]}}