{"id":1959,"date":"2026-05-13T07:33:34","date_gmt":"2026-05-13T07:33:34","guid":{"rendered":"https:\/\/www.southvillabath.com\/?post_type=product&#038;p=1959"},"modified":"2026-05-13T07:33:35","modified_gmt":"2026-05-13T07:33:35","slug":"chinese-smart-toilet-wholesale-supply","status":"publish","type":"product","link":"https:\/\/www.southvillabath.com\/de\/product\/chinese-smart-toilet-wholesale-supply\/","title":{"rendered":"Chinese Smart Toilet SH-901 Wholesale Supply \u2013 Washdown Smart Toilet Factory-Direct"},"content":{"rendered":"<div class=\"wp-block-columns is-layout-flex wp-container-core-columns-is-layout-9d6595d7 wp-block-columns-is-layout-flex\">\n<div class=\"wp-block-column is-layout-flow wp-block-column-is-layout-flow\">\n<h3 class=\"wp-block-heading\"> Merkmale der intelligenten Toilette&nbsp; &nbsp;<\/h3>\n\n\n\n<ul class=\"wp-block-list\">\n<li><strong>Intelligentes Multi-Mode-Waschsystem: <\/strong>Die Toilette bietet mehrere Waschmodi, darunter R\u00fcckensp\u00fclung, Damenw\u00e4sche und mehr. Diese einstellbaren Reinigungsfunktionen sorgen f\u00fcr eine individuelle Hygiene und ein komfortables Wascherlebnis f\u00fcr unterschiedliche Benutzerbed\u00fcrfnisse.<\/li>\n<\/ul>\n\n\n\n<ul class=\"wp-block-list\">\n<li><strong>Sofortige Trocknung mit warmem Wasser und warmer Luft: <\/strong>Ein Durchlauferhitzungssystem sorgt w\u00e4hrend des Waschens f\u00fcr kontinuierlich warmes Wasser, ohne dass ein Vorratstank erforderlich ist. Nach der Reinigung reduziert eine sanfte Warmlufttrocknung den Bedarf an Toilettenpapier und verbessert den allgemeinen Komfort.<\/li>\n<\/ul>\n\n\n\n<ul class=\"wp-block-list\">\n<li><strong>Selbstreinigende hygienische D\u00fcse: <\/strong>Die Spr\u00fchd\u00fcse reinigt sich automatisch vor und nach jedem Gebrauch, um hygienische Bedingungen zu gew\u00e4hrleisten. So wird sichergestellt, dass jeder Waschgang hygienisch und sicher f\u00fcr die Benutzer bleibt.<\/li>\n<\/ul>\n<\/div>\n\n\n\n<div class=\"wp-block-column is-layout-flow wp-block-column-is-layout-flow\">\n<figure class=\"wp-block-image size-full\"><img decoding=\"async\" width=\"1127\" height=\"1392\" src=\"https:\/\/www.southvillabath.com\/wp-content\/uploads\/2026\/05\/Wholesale-smart-toilet-SH-901D.jpg\" alt=\"\" class=\"wp-image-1961\" srcset=\"https:\/\/www.southvillabath.com\/wp-content\/uploads\/2026\/05\/Wholesale-smart-toilet-SH-901D.jpg 1127w, https:\/\/www.southvillabath.com\/wp-content\/uploads\/2026\/05\/Wholesale-smart-toilet-SH-901D-243x300.jpg 243w, https:\/\/www.southvillabath.com\/wp-content\/uploads\/2026\/05\/Wholesale-smart-toilet-SH-901D-768x949.jpg 768w, https:\/\/www.southvillabath.com\/wp-content\/uploads\/2026\/05\/Wholesale-smart-toilet-SH-901D-10x12.jpg 10w, https:\/\/www.southvillabath.com\/wp-content\/uploads\/2026\/05\/Wholesale-smart-toilet-SH-901D-600x741.jpg 600w\" sizes=\"(max-width: 1127px) 100vw, 1127px\" \/><\/figure>\n<\/div>\n<\/div>","protected":false},"excerpt":{"rendered":"<p data-pm-slice=\"0 0 []\">Wholesale smart toilets. The SH-901 is a premium smart toilet designed for modern bathrooms, combining convenience, hygiene, and elegance. Crafted with a sleek, contemporary design, this intelligent toilet features a built-in water tank and supports both manual (B version) and automatic (D version) seat lid flipping. Its compact dimensions of 705\u00d7445\u00d7480mm make it suitable for residential, commercial, and hospitality installations.<\/p>\n<h2><strong><b>Intelligente Toilette <\/b><\/strong><strong><b>Spezifikation<\/b><\/strong><\/h2>\n<table>\n<tbody>\n<tr>\n<td><strong><b>Spezifikation<\/b><\/strong><\/td>\n<td><strong><b>Einzelheiten<\/b><\/strong><\/td>\n<\/tr>\n<tr>\n<td>Modell<\/td>\n<td>SH-901<\/td>\n<\/tr>\n<tr>\n<td>Toilette Typ<\/td>\n<td>Intelligente Toilette<\/td>\n<\/tr>\n<tr>\n<td>Gr\u00f6\u00dfe<\/td>\n<td>705mm x 445mm x 480mm<\/td>\n<\/tr>\n<tr>\n<td>Volumen der Sp\u00fclung<\/td>\n<td>3.0-4.5L<\/td>\n<\/tr>\n<tr>\n<td>Flush-System<\/td>\n<td>Waschanlage<\/td>\n<\/tr>\n<tr>\n<td>Merkmal Sitz<\/td>\n<td>Rund, Soft-Close-Sitz<\/td>\n<\/tr>\n<tr>\n<td>OEM- und ODM-Dienstleistungen<\/td>\n<td>Kundenspezifisches Logo, Farben, Verpackungen, Produktformen und Funktionen verf\u00fcgbar<\/td>\n<\/tr>\n<tr>\n<td>MOQ<\/td>\n<td>50 St\u00fcck, flexibel f\u00fcr weitere Diskussionen<\/td>\n<\/tr>\n<\/tbody>\n<\/table>\n<p>&nbsp;<\/p>\n<p>&nbsp;<\/p>\n<p>&nbsp;<\/p>\n<p><script src=\"chrome-extension:\/\/fpelahbljekknahkcaegamhcndkfpfnc\/iFrame.js\" type=\"text\/javascript\"><\/script><\/p>","protected":false},"featured_media":1960,"comment_status":"closed","ping_status":"closed","template":"","meta":{"_acf_changed":false},"product_brand":[],"product_cat":[20],"product_tag":[],"class_list":{"0":"post-1959","1":"product","2":"type-product","3":"status-publish","4":"has-post-thumbnail","6":"product_cat-wholesale-smart-toilets","8":"first","9":"instock","10":"shipping-taxable","11":"product-type-simple"},"acf":[],"_links":{"self":[{"href":"https:\/\/www.southvillabath.com\/de\/wp-json\/wp\/v2\/product\/1959","targetHints":{"allow":["GET"]}}],"collection":[{"href":"https:\/\/www.southvillabath.com\/de\/wp-json\/wp\/v2\/product"}],"about":[{"href":"https:\/\/www.southvillabath.com\/de\/wp-json\/wp\/v2\/types\/product"}],"replies":[{"embeddable":true,"href":"https:\/\/www.southvillabath.com\/de\/wp-json\/wp\/v2\/comments?post=1959"}],"wp:featuredmedia":[{"embeddable":true,"href":"https:\/\/www.southvillabath.com\/de\/wp-json\/wp\/v2\/media\/1960"}],"wp:attachment":[{"href":"https:\/\/www.southvillabath.com\/de\/wp-json\/wp\/v2\/media?parent=1959"}],"wp:term":[{"taxonomy":"product_brand","embeddable":true,"href":"https:\/\/www.southvillabath.com\/de\/wp-json\/wp\/v2\/product_brand?post=1959"},{"taxonomy":"product_cat","embeddable":true,"href":"https:\/\/www.southvillabath.com\/de\/wp-json\/wp\/v2\/product_cat?post=1959"},{"taxonomy":"product_tag","embeddable":true,"href":"https:\/\/www.southvillabath.com\/de\/wp-json\/wp\/v2\/product_tag?post=1959"}],"curies":[{"name":"wp","href":"https:\/\/api.w.org\/{rel}","templated":true}]}}