{"id":1853,"date":"2026-04-30T07:01:25","date_gmt":"2026-04-30T07:01:25","guid":{"rendered":"https:\/\/www.southvillabath.com\/?post_type=product&#038;p=1853"},"modified":"2026-04-30T07:01:26","modified_gmt":"2026-04-30T07:01:26","slug":"wholesale-luxury-black-and-gold-two-piece-pedestal-basin","status":"publish","type":"product","link":"https:\/\/www.southvillabath.com\/de\/product\/wholesale-luxury-black-and-gold-two-piece-pedestal-basin\/","title":{"rendered":"Gro\u00dfhandel Luxus Schwarz &amp; Gold zwei St\u00fcck Sockelbecken - Sockelbecken Hersteller"},"content":{"rendered":"<div class=\"wp-block-columns is-layout-flex wp-container-core-columns-is-layout-9d6595d7 wp-block-columns-is-layout-flex\">\n<div class=\"wp-block-column is-layout-flow wp-block-column-is-layout-flow\">\n<h3 class=\"wp-block-heading\">Zweiteiliges Sockelbecken Merkmale<\/h3>\n\n\n\n<ul class=\"wp-block-list\">\n<li><strong>Luxuri\u00f6ses Design in Schwarz und Gold: <\/strong>Die raffinierte Kombination aus schwarzer, gl\u00e4nzender Keramik und goldenen Metallic-Akzenten schafft eine hochwertige visuelle Identit\u00e4t, die sich ideal f\u00fcr gehobene Gastst\u00e4tten- und Einzelhandelsumgebungen eignet.<\/li>\n\n\n\n<li><strong>Premium-Keramik-Konstruktion:<\/strong> Hergestellt aus langlebigen keramischen Materialien, die eine langfristige Leistung, Verschlei\u00dffestigkeit und die Eignung f\u00fcr den t\u00e4glichen gewerblichen Einsatz gew\u00e4hrleisten.<\/li>\n\n\n\n<li><strong>Zweiteiliges Design: <\/strong>Das Sockelbecken ist als zweiteilige Konstruktion konzipiert, was den Versand, die Lagerung und die Handhabung vor Ort erheblich erleichtert.<\/li>\n\n\n\n<li><strong>Leicht zu reinigende Oberfl\u00e4che: <\/strong>Die glatte, hochgl\u00e4nzende Keramikoberfl\u00e4che mit selbstreinigender Glasur minimiert die Anhaftung von Schmutz und Wasserflecken und macht die t\u00e4gliche Reinigung schnell und m\u00fchelos.<\/li>\n<\/ul>\n<\/div>\n\n\n\n<div class=\"wp-block-column is-layout-flow wp-block-column-is-layout-flow\">\n<figure class=\"wp-block-image size-full\"><img decoding=\"async\" width=\"1127\" height=\"1392\" src=\"https:\/\/www.southvillabath.com\/wp-content\/uploads\/2026\/04\/Wholesale-Pedestal-basin-SH-B-199BGL-1.jpg\" alt=\"\" class=\"wp-image-1855\" srcset=\"https:\/\/www.southvillabath.com\/wp-content\/uploads\/2026\/04\/Wholesale-Pedestal-basin-SH-B-199BGL-1.jpg 1127w, https:\/\/www.southvillabath.com\/wp-content\/uploads\/2026\/04\/Wholesale-Pedestal-basin-SH-B-199BGL-1-243x300.jpg 243w, https:\/\/www.southvillabath.com\/wp-content\/uploads\/2026\/04\/Wholesale-Pedestal-basin-SH-B-199BGL-1-768x949.jpg 768w, https:\/\/www.southvillabath.com\/wp-content\/uploads\/2026\/04\/Wholesale-Pedestal-basin-SH-B-199BGL-1-10x12.jpg 10w, https:\/\/www.southvillabath.com\/wp-content\/uploads\/2026\/04\/Wholesale-Pedestal-basin-SH-B-199BGL-1-600x741.jpg 600w\" sizes=\"(max-width: 1127px) 100vw, 1127px\" \/><\/figure>\n<\/div>\n<\/div>","protected":false},"excerpt":{"rendered":"<p>Willkommen zum Gro\u00dfeinkauf unserer Sockelwaschbecken im Gro\u00dfhandel. Das Luxury Black &amp; Gold Pedestal Basin ist eine bemerkenswerte Hygienel\u00f6sung, die f\u00fcr gehobene gewerbliche und private Umgebungen entwickelt wurde. Das Becken besteht aus hochwertiger Keramik mit einer glatten, gl\u00e4nzenden schwarzen Oberfl\u00e4che, die mit zarten goldenen Details verziert ist. Ideal f\u00fcr Luxushotels und gehobene Wohnanlagen.<\/p>\n<h2><strong><b>Zweiteiliges Sockelbecken Spezifikation<\/b><\/strong><\/h2>\n<table>\n<tbody>\n<tr>\n<td><strong><b>Spezifikation<\/b><\/strong><\/td>\n<td><strong><b>Einzelheiten<\/b><\/strong><\/td>\n<\/tr>\n<tr>\n<td>Modell<\/td>\n<td>SH-B199BGL<\/td>\n<\/tr>\n<tr>\n<td>Produkttyp<\/td>\n<td>Zweiteiliges Sockelbecken<\/td>\n<\/tr>\n<tr>\n<td>Gr\u00f6\u00dfe<\/td>\n<td>610 mm \u00d7 460 mm \u00d7 805 mm<\/td>\n<\/tr>\n<tr>\n<td>Stil<\/td>\n<td>Modern<\/td>\n<\/tr>\n<tr>\n<td>Merkmal<\/td>\n<td>Glatt<\/td>\n<\/tr>\n<tr>\n<td>Anmeldung<\/td>\n<td>Badezimmer<\/td>\n<\/tr>\n<tr>\n<td>OEM- und ODM-Dienstleistungen<\/td>\n<td>Kundenspezifisches Logo, Farben, Verpackungen, Produktformen und Funktionen verf\u00fcgbar<\/td>\n<\/tr>\n<tr>\n<td>MOQ<\/td>\n<td>50 St\u00fcck, flexibel f\u00fcr weitere Diskussionen<\/td>\n<\/tr>\n<\/tbody>\n<\/table>\n<p>&nbsp;<\/p>\n<p>&nbsp;<\/p>\n<p>\n<script src=\"chrome-extension:\/\/fpelahbljekknahkcaegamhcndkfpfnc\/iFrame.js\" type=\"text\/javascript\"><\/script><\/p>","protected":false},"featured_media":1854,"comment_status":"closed","ping_status":"closed","template":"","meta":{"_acf_changed":false},"product_brand":[],"product_cat":[23],"product_tag":[],"class_list":{"0":"post-1853","1":"product","2":"type-product","3":"status-publish","4":"has-post-thumbnail","6":"product_cat-wholesale-washbasins","8":"first","9":"instock","10":"shipping-taxable","11":"product-type-simple"},"acf":[],"_links":{"self":[{"href":"https:\/\/www.southvillabath.com\/de\/wp-json\/wp\/v2\/product\/1853","targetHints":{"allow":["GET"]}}],"collection":[{"href":"https:\/\/www.southvillabath.com\/de\/wp-json\/wp\/v2\/product"}],"about":[{"href":"https:\/\/www.southvillabath.com\/de\/wp-json\/wp\/v2\/types\/product"}],"replies":[{"embeddable":true,"href":"https:\/\/www.southvillabath.com\/de\/wp-json\/wp\/v2\/comments?post=1853"}],"wp:featuredmedia":[{"embeddable":true,"href":"https:\/\/www.southvillabath.com\/de\/wp-json\/wp\/v2\/media\/1854"}],"wp:attachment":[{"href":"https:\/\/www.southvillabath.com\/de\/wp-json\/wp\/v2\/media?parent=1853"}],"wp:term":[{"taxonomy":"product_brand","embeddable":true,"href":"https:\/\/www.southvillabath.com\/de\/wp-json\/wp\/v2\/product_brand?post=1853"},{"taxonomy":"product_cat","embeddable":true,"href":"https:\/\/www.southvillabath.com\/de\/wp-json\/wp\/v2\/product_cat?post=1853"},{"taxonomy":"product_tag","embeddable":true,"href":"https:\/\/www.southvillabath.com\/de\/wp-json\/wp\/v2\/product_tag?post=1853"}],"curies":[{"name":"wp","href":"https:\/\/api.w.org\/{rel}","templated":true}]}}