{"id":1796,"date":"2026-05-06T23:49:36","date_gmt":"2026-05-06T23:49:36","guid":{"rendered":"https:\/\/www.southvillabath.com\/?post_type=product&#038;p=1796"},"modified":"2026-05-06T23:49:37","modified_gmt":"2026-05-06T23:49:37","slug":"wholesale-luxury-gold-accented-bathroom-set","status":"publish","type":"product","link":"https:\/\/www.southvillabath.com\/de\/product\/wholesale-luxury-gold-accented-bathroom-set\/","title":{"rendered":"Luxuri\u00f6ses Badezimmer-Set mit Goldverzierung - Gro\u00dfhandel f\u00fcr Porzellan-Sanit\u00e4rartikel nach Hersteller"},"content":{"rendered":"<div class=\"wp-block-columns is-layout-flex wp-container-core-columns-is-layout-9d6595d7 wp-block-columns-is-layout-flex\">\n<div class=\"wp-block-column is-layout-flow wp-block-column-is-layout-flow\">\n<h3 class=\"wp-block-heading\">Badezimmer-Set Merkmale<\/h3>\n\n\n\n<ul class=\"wp-block-list\">\n<li><strong>Luxury Design with Gold Accents: <\/strong>Sleek white porcelain with gold trim creates a high-end, modern look\u2014ideal for upscale bathroom interiors. The toilet\u2019s one-piece design and basin geometric shapes elevate aesthetic appeal, attracting retailers focused on premium segments.<\/li>\n\n\n\n<li><strong>Versatile Product Range: <\/strong>Includes a one-piece toilet (SH-285GL) and three basin styles (pedestal: SH-B199GL, SH-8802GL; wall-mounted: SH-P128GL)\u2014offering distributors a comprehensive solution for bathroom renovations or new builds.<\/li>\n\n\n\n<li><strong>OEM\/ODM-Anpassungsunterst\u00fctzung:<\/strong> Our factory provides tailored solutions, including dimension adjustments, custom gold trim designs, and personalized packaging. Ideal for importers and distributors seeking exclusive products to differentiate in local markets.<\/li>\n\n\n\n<li><strong>Bulk Order Advantages: <\/strong>Sourcing in bulk directly from our factory ensures competitive pricing, consistent quality, and reliable delivery\u2014helping wholesalers maximize profit margins while meeting demand for stylish, durable sanitary ware.<\/li>\n<\/ul>\n<\/div>\n\n\n\n<div class=\"wp-block-column is-layout-flow wp-block-column-is-layout-flow\">\n<figure class=\"wp-block-image size-full\"><img decoding=\"async\" width=\"729\" height=\"1040\" src=\"https:\/\/www.southvillabath.com\/wp-content\/uploads\/2026\/04\/Wholesale-bathroom-sets-285GL2.png\" alt=\"\" class=\"wp-image-1802\" srcset=\"https:\/\/www.southvillabath.com\/wp-content\/uploads\/2026\/04\/Wholesale-bathroom-sets-285GL2.png 729w, https:\/\/www.southvillabath.com\/wp-content\/uploads\/2026\/04\/Wholesale-bathroom-sets-285GL2-210x300.png 210w, https:\/\/www.southvillabath.com\/wp-content\/uploads\/2026\/04\/Wholesale-bathroom-sets-285GL2-8x12.png 8w, https:\/\/www.southvillabath.com\/wp-content\/uploads\/2026\/04\/Wholesale-bathroom-sets-285GL2-600x856.png 600w\" sizes=\"(max-width: 729px) 100vw, 729px\" \/><\/figure>\n<\/div>\n<\/div>","protected":false},"excerpt":{"rendered":"<p>As a leading manufacturer\u200b and supplier\u200b of sanitary ware, we present our luxury bathroom collection\u2014featuring a one-piece toilet (SH-285GL) and three stylish basins (SH-B199GL, SH-8802GL, SH-P128GL). Crafted for B2B buyers (wholesalers, retailers, importers), this collection blends modern design with functional excellence.<\/p>\n<h2><strong><b>Badezimmer-Set <\/b><\/strong><strong><b>Spezifikation<\/b><\/strong><\/h2>\n<table>\n<tbody>\n<tr>\n<td><strong><b>Spezifikation<\/b><\/strong><\/td>\n<td><strong><b>Einzelheiten<\/b><\/strong><\/td>\n<\/tr>\n<tr>\n<td>Modell<\/td>\n<td>Toilet: SH-285GL\u00a0 \u00a0Washbasins:SH-B199GL\/SH-8802GL\/SH-P128GL<\/td>\n<\/tr>\n<tr>\n<td>Toilette Typ<\/td>\n<td>Badezimmer-Set<\/td>\n<\/tr>\n<tr>\n<td>Volumen der Sp\u00fclung<\/td>\n<td>3.0-4.5L<\/td>\n<\/tr>\n<tr>\n<td>Flush-System<\/td>\n<td>Waschanlage<\/td>\n<\/tr>\n<tr>\n<td>Merkmal Sitz<\/td>\n<td>Soft-Close-Sitz<\/td>\n<\/tr>\n<tr>\n<td>OEM- und ODM-Dienstleistungen<\/td>\n<td>Kundenspezifisches Logo, Farben, Verpackungen, Produktformen und Funktionen verf\u00fcgbar<\/td>\n<\/tr>\n<tr>\n<td>MOQ<\/td>\n<td>50 St\u00fcck, flexibel f\u00fcr weitere Diskussionen<\/td>\n<\/tr>\n<\/tbody>\n<\/table>\n<p>&nbsp;<\/p>\n<p>\n<script src=\"chrome-extension:\/\/fpelahbljekknahkcaegamhcndkfpfnc\/iFrame.js\" type=\"text\/javascript\"><\/script><\/p>","protected":false},"featured_media":1801,"comment_status":"closed","ping_status":"closed","template":"","meta":{"_acf_changed":true},"product_brand":[],"product_cat":[22],"product_tag":[],"class_list":{"0":"post-1796","1":"product","2":"type-product","3":"status-publish","4":"has-post-thumbnail","6":"product_cat-wholesale-bathroom-sets","8":"first","9":"instock","10":"shipping-taxable","11":"product-type-simple"},"acf":[],"_links":{"self":[{"href":"https:\/\/www.southvillabath.com\/de\/wp-json\/wp\/v2\/product\/1796","targetHints":{"allow":["GET"]}}],"collection":[{"href":"https:\/\/www.southvillabath.com\/de\/wp-json\/wp\/v2\/product"}],"about":[{"href":"https:\/\/www.southvillabath.com\/de\/wp-json\/wp\/v2\/types\/product"}],"replies":[{"embeddable":true,"href":"https:\/\/www.southvillabath.com\/de\/wp-json\/wp\/v2\/comments?post=1796"}],"wp:featuredmedia":[{"embeddable":true,"href":"https:\/\/www.southvillabath.com\/de\/wp-json\/wp\/v2\/media\/1801"}],"wp:attachment":[{"href":"https:\/\/www.southvillabath.com\/de\/wp-json\/wp\/v2\/media?parent=1796"}],"wp:term":[{"taxonomy":"product_brand","embeddable":true,"href":"https:\/\/www.southvillabath.com\/de\/wp-json\/wp\/v2\/product_brand?post=1796"},{"taxonomy":"product_cat","embeddable":true,"href":"https:\/\/www.southvillabath.com\/de\/wp-json\/wp\/v2\/product_cat?post=1796"},{"taxonomy":"product_tag","embeddable":true,"href":"https:\/\/www.southvillabath.com\/de\/wp-json\/wp\/v2\/product_tag?post=1796"}],"curies":[{"name":"wp","href":"https:\/\/api.w.org\/{rel}","templated":true}]}}