{"id":1682,"date":"2026-04-28T06:39:02","date_gmt":"2026-04-28T06:39:02","guid":{"rendered":"https:\/\/www.southvillabath.com\/?post_type=product&#038;p=1682"},"modified":"2026-04-28T06:39:45","modified_gmt":"2026-04-28T06:39:45","slug":"wholesale-marble-patterned-wall-hung-toilets","status":"publish","type":"product","link":"https:\/\/www.southvillabath.com\/de\/product\/wholesale-marble-patterned-wall-hung-toilets\/","title":{"rendered":"Gro\u00dfhandel Marmor gemusterten Wand-WC SH-H088TP, verschiedene Texturen zur Auswahl, und benutzerdefinierte Aussehen unterst\u00fctzt"},"content":{"rendered":"<div class=\"wp-block-columns is-layout-flex wp-container-core-columns-is-layout-9d6595d7 wp-block-columns-is-layout-flex\">\n<div class=\"wp-block-column is-layout-flow wp-block-column-is-layout-flow\">\n<h3 class=\"wp-block-heading\">Wandh\u00e4ngende Toilette Merkmale<\/h3>\n\n\n\n<ul class=\"wp-block-list\">\n<li><strong>Hochwertiges Design mit Marmormustern: <\/strong>Die von Marmor inspirierte Oberfl\u00e4che bietet eine luxuri\u00f6se und moderne \u00c4sthetik, die sich ideal f\u00fcr hochwertige private und gewerbliche Badezimmerprojekte eignet, die sich optisch abheben wollen.<\/li>\n\n\n\n<li><strong>Mehrere Texturoptionen verf\u00fcgbar: <\/strong>Es kann eine Reihe von Marmortexturen ausgew\u00e4hlt werden, die zu verschiedenen Einrichtungsstilen passen und es den H\u00e4ndlern erm\u00f6glichen, die unterschiedlichen Kundenw\u00fcnsche auf den verschiedenen M\u00e4rkten zu erf\u00fcllen.<\/li>\n\n\n\n<li><strong>Wandh\u00e4ngende, platzsparende Struktur: <\/strong>Das wandmontierte Design maximiert die Bodenfl\u00e4che und vereinfacht die Reinigung, wodurch es sich besonders f\u00fcr kompakte B\u00e4der und moderne architektonische Layouts eignet.<\/li>\n\n\n\n<li><strong>Strapazierf\u00e4hige und leicht zu pflegende Oberfl\u00e4che: <\/strong>Die sorgf\u00e4ltig bearbeitete Oberfl\u00e4che ist f\u00fcr ein lang anhaltendes Aussehen und eine einfache Reinigung ausgelegt und unterst\u00fctzt die gleichbleibende Leistung im t\u00e4glichen Gebrauch.<\/li>\n<\/ul>\n<\/div>\n\n\n\n<div class=\"wp-block-column is-layout-flow wp-block-column-is-layout-flow\">\n<figure class=\"wp-block-image size-full\"><img decoding=\"async\" width=\"1127\" height=\"1392\" src=\"https:\/\/www.southvillabath.com\/wp-content\/uploads\/2026\/04\/Wholesale-Ceramic-Wall-hung-Toilet-SH-H088TP.jpg\" alt=\"\" class=\"wp-image-1684\" srcset=\"https:\/\/www.southvillabath.com\/wp-content\/uploads\/2026\/04\/Wholesale-Ceramic-Wall-hung-Toilet-SH-H088TP.jpg 1127w, https:\/\/www.southvillabath.com\/wp-content\/uploads\/2026\/04\/Wholesale-Ceramic-Wall-hung-Toilet-SH-H088TP-243x300.jpg 243w, https:\/\/www.southvillabath.com\/wp-content\/uploads\/2026\/04\/Wholesale-Ceramic-Wall-hung-Toilet-SH-H088TP-768x949.jpg 768w, https:\/\/www.southvillabath.com\/wp-content\/uploads\/2026\/04\/Wholesale-Ceramic-Wall-hung-Toilet-SH-H088TP-10x12.jpg 10w, https:\/\/www.southvillabath.com\/wp-content\/uploads\/2026\/04\/Wholesale-Ceramic-Wall-hung-Toilet-SH-H088TP-600x741.jpg 600w\" sizes=\"(max-width: 1127px) 100vw, 1127px\" \/><\/figure>\n<\/div>\n<\/div>","protected":false},"excerpt":{"rendered":"<p data-pm-slice=\"0 0 []\">Gro\u00dfhandel f\u00fcr wandh\u00e4ngende Toiletten mit Marmormuster und anpassbarer Textur und Optik. Ideal f\u00fcr H\u00e4ndler, die hochwertige Badezimmerl\u00f6sungen suchen. Als Toilettenhersteller bieten wir eine breite Palette von anpassbaren Marmorstrukturen und -optiken an; bitte kontaktieren Sie uns.<\/p>\n<h2><strong><b>Wandh\u00e4ngende Toilette <\/b><\/strong><strong><b>Spezifikation<\/b><\/strong><\/h2>\n<table>\n<tbody>\n<tr>\n<td><strong><b>Spezifikation<\/b><\/strong><\/td>\n<td><strong><b>Einzelheiten<\/b><\/strong><\/td>\n<\/tr>\n<tr>\n<td>Modell<\/td>\n<td>SH-H088TP<\/td>\n<\/tr>\n<tr>\n<td>Toilette Typ<\/td>\n<td>Wandh\u00e4ngende Toilette<\/td>\n<\/tr>\n<tr>\n<td>Gr\u00f6\u00dfe<\/td>\n<td>520mm x 360mm x 330mm<\/td>\n<\/tr>\n<tr>\n<td>Flush-System<\/td>\n<td>Waschbar Randlos<\/td>\n<\/tr>\n<tr>\n<td>Merkmal Sitz<\/td>\n<td>Soft-Close-Sitz<\/td>\n<\/tr>\n<tr>\n<td>OEM- und ODM-Dienstleistungen<\/td>\n<td>Kundenspezifisches Logo, Farben, Verpackungen, Produktformen und Funktionen verf\u00fcgbar<\/td>\n<\/tr>\n<tr>\n<td>Entw\u00e4sserung Typ<\/td>\n<td>P-Falle: 180mm<\/td>\n<\/tr>\n<tr>\n<td>MOQ<\/td>\n<td>50 St\u00fcck, flexibel f\u00fcr weitere Diskussionen<\/td>\n<\/tr>\n<\/tbody>\n<\/table>\n<p>&nbsp;<\/p>\n<p>\n<script src=\"chrome-extension:\/\/fpelahbljekknahkcaegamhcndkfpfnc\/iFrame.js\" type=\"text\/javascript\"><\/script><\/p>","protected":false},"featured_media":1683,"comment_status":"closed","ping_status":"closed","template":"","meta":{"_acf_changed":false},"product_brand":[],"product_cat":[19],"product_tag":[],"class_list":{"0":"post-1682","1":"product","2":"type-product","3":"status-publish","4":"has-post-thumbnail","6":"product_cat-wholesale-wall-hung-toilets","8":"first","9":"instock","10":"shipping-taxable","11":"product-type-simple"},"acf":[],"_links":{"self":[{"href":"https:\/\/www.southvillabath.com\/de\/wp-json\/wp\/v2\/product\/1682","targetHints":{"allow":["GET"]}}],"collection":[{"href":"https:\/\/www.southvillabath.com\/de\/wp-json\/wp\/v2\/product"}],"about":[{"href":"https:\/\/www.southvillabath.com\/de\/wp-json\/wp\/v2\/types\/product"}],"replies":[{"embeddable":true,"href":"https:\/\/www.southvillabath.com\/de\/wp-json\/wp\/v2\/comments?post=1682"}],"wp:featuredmedia":[{"embeddable":true,"href":"https:\/\/www.southvillabath.com\/de\/wp-json\/wp\/v2\/media\/1683"}],"wp:attachment":[{"href":"https:\/\/www.southvillabath.com\/de\/wp-json\/wp\/v2\/media?parent=1682"}],"wp:term":[{"taxonomy":"product_brand","embeddable":true,"href":"https:\/\/www.southvillabath.com\/de\/wp-json\/wp\/v2\/product_brand?post=1682"},{"taxonomy":"product_cat","embeddable":true,"href":"https:\/\/www.southvillabath.com\/de\/wp-json\/wp\/v2\/product_cat?post=1682"},{"taxonomy":"product_tag","embeddable":true,"href":"https:\/\/www.southvillabath.com\/de\/wp-json\/wp\/v2\/product_tag?post=1682"}],"curies":[{"name":"wp","href":"https:\/\/api.w.org\/{rel}","templated":true}]}}