{"id":1678,"date":"2026-04-28T06:26:44","date_gmt":"2026-04-28T06:26:44","guid":{"rendered":"https:\/\/www.southvillabath.com\/?post_type=product&#038;p=1678"},"modified":"2026-04-28T06:26:45","modified_gmt":"2026-04-28T06:26:45","slug":"wholesale-luxury-gold-wall-hung-toilets-with-concealed-tank","status":"publish","type":"product","link":"https:\/\/www.southvillabath.com\/de\/product\/wholesale-luxury-gold-wall-hung-toilets-with-concealed-tank\/","title":{"rendered":"Gro\u00dfhandel Luxus Gold Wand-Toiletten mit verdecktem Tank - geeignet f\u00fcr High-End-Bad-Projekte"},"content":{"rendered":"<div class=\"wp-block-columns is-layout-flex wp-container-core-columns-is-layout-9d6595d7 wp-block-columns-is-layout-flex\">\n<div class=\"wp-block-column is-layout-flow wp-block-column-is-layout-flow\">\n<h3 class=\"wp-block-heading\">Wandh\u00e4ngende Toilette Merkmale<\/h3>\n\n\n\n<ul class=\"wp-block-list\">\n<li><strong>Luxury Gold Visuelle Wirkung: <\/strong>Das auff\u00e4llige Goldfinish sorgt f\u00fcr einen starken ersten Eindruck, wertet das Gesamtambiente auf und positioniert den Raum als hochwertig und exklusiv.<\/li>\n\n\n\n<li><strong>H\u00f6herer wahrgenommener Wert f\u00fcr bessere Margen: <\/strong>Die hochwertige \u00c4sthetik erm\u00f6glicht es den K\u00e4ufern, gehobene Kunden anzusprechen und eine st\u00e4rkere Preismacht auf wettbewerbsorientierten M\u00e4rkten zu erzielen.<\/li>\n\n\n\n<li><strong>Verdeckter Tank f\u00fcr saubere Pr\u00e4sentation: <\/strong>Durch die verdeckte Installation wird die visuelle Schlichtheit verst\u00e4rkt, was sie f\u00fcr luxuri\u00f6se Innenr\u00e4ume und architektonische Projekte sehr attraktiv macht.<\/li>\n\n\n\n<li><strong>Perfekt f\u00fcr kommerzielle Anwendungen:<\/strong> Weit verbreitet in Hotels, hochwertigen Immobilien, Ausstellungsr\u00e4umen und Designer-Einzelhandelsumgebungen, die sich von anderen abheben wollen.<\/li>\n<\/ul>\n<\/div>\n\n\n\n<div class=\"wp-block-column is-layout-flow wp-block-column-is-layout-flow\">\n<figure class=\"wp-block-image size-full\"><img decoding=\"async\" width=\"1127\" height=\"1392\" src=\"https:\/\/www.southvillabath.com\/wp-content\/uploads\/2026\/04\/Wholesale-Wall-hung-Toilet-SH-088GC-1.jpg\" alt=\"\" class=\"wp-image-1680\" srcset=\"https:\/\/www.southvillabath.com\/wp-content\/uploads\/2026\/04\/Wholesale-Wall-hung-Toilet-SH-088GC-1.jpg 1127w, https:\/\/www.southvillabath.com\/wp-content\/uploads\/2026\/04\/Wholesale-Wall-hung-Toilet-SH-088GC-1-243x300.jpg 243w, https:\/\/www.southvillabath.com\/wp-content\/uploads\/2026\/04\/Wholesale-Wall-hung-Toilet-SH-088GC-1-768x949.jpg 768w, https:\/\/www.southvillabath.com\/wp-content\/uploads\/2026\/04\/Wholesale-Wall-hung-Toilet-SH-088GC-1-10x12.jpg 10w, https:\/\/www.southvillabath.com\/wp-content\/uploads\/2026\/04\/Wholesale-Wall-hung-Toilet-SH-088GC-1-600x741.jpg 600w\" sizes=\"(max-width: 1127px) 100vw, 1127px\" \/><\/figure>\n<\/div>\n<\/div>","protected":false},"excerpt":{"rendered":"<p data-pm-slice=\"0 0 []\">Wholesale Luxury Gold Wall-Mounted Toilet - \u00e4sthetisch gestaltet, um das anspruchsvolle Auge des gehobenen Badezimmermarktes zu erobern. Sie ist ideal f\u00fcr Luxushotels, Boutique-Resorts und gehobene Wohnungen geeignet. Die goldene Oberfl\u00e4che schafft eine Aura von Raffinesse und modernem Luxus und hilft Gro\u00dfh\u00e4ndlern und Marken, sich von der Masse abzuheben.<\/p>\n<h2><strong><b>Luxury Gold Wand-WC <\/b><\/strong><strong><b>Spezifikation<\/b><\/strong><\/h2>\n<table>\n<tbody>\n<tr>\n<td><strong><b>Spezifikation<\/b><\/strong><\/td>\n<td><strong><b>Einzelheiten<\/b><\/strong><\/td>\n<\/tr>\n<tr>\n<td>Modell<\/td>\n<td>SH-088GD<\/td>\n<\/tr>\n<tr>\n<td>Toilette Typ<\/td>\n<td>Wandh\u00e4ngende Toilette<\/td>\n<\/tr>\n<tr>\n<td>Gr\u00f6\u00dfe<\/td>\n<td>520mm x 360mm x 330mm<\/td>\n<\/tr>\n<tr>\n<td>Flush-System<\/td>\n<td>Waschbar Randlos<\/td>\n<\/tr>\n<tr>\n<td>Merkmal Sitz<\/td>\n<td>Soft-Close-Sitz<\/td>\n<\/tr>\n<tr>\n<td>OEM- und ODM-Dienstleistungen<\/td>\n<td>Kundenspezifisches Logo, Farben, Verpackungen, Produktformen und Funktionen verf\u00fcgbar<\/td>\n<\/tr>\n<tr>\n<td>Entw\u00e4sserung Typ<\/td>\n<td>P-Falle: 180mm<\/td>\n<\/tr>\n<tr>\n<td>MOQ<\/td>\n<td>50 St\u00fcck, flexibel f\u00fcr weitere Diskussionen<\/td>\n<\/tr>\n<\/tbody>\n<\/table>\n<p>&nbsp;<\/p>\n<p><script src=\"chrome-extension:\/\/fpelahbljekknahkcaegamhcndkfpfnc\/iFrame.js\" type=\"text\/javascript\"><\/script><\/p>","protected":false},"featured_media":1679,"comment_status":"closed","ping_status":"closed","template":"","meta":{"_acf_changed":false},"product_brand":[],"product_cat":[19],"product_tag":[],"class_list":{"0":"post-1678","1":"product","2":"type-product","3":"status-publish","4":"has-post-thumbnail","6":"product_cat-wholesale-wall-hung-toilets","8":"first","9":"instock","10":"shipping-taxable","11":"product-type-simple"},"acf":[],"_links":{"self":[{"href":"https:\/\/www.southvillabath.com\/de\/wp-json\/wp\/v2\/product\/1678","targetHints":{"allow":["GET"]}}],"collection":[{"href":"https:\/\/www.southvillabath.com\/de\/wp-json\/wp\/v2\/product"}],"about":[{"href":"https:\/\/www.southvillabath.com\/de\/wp-json\/wp\/v2\/types\/product"}],"replies":[{"embeddable":true,"href":"https:\/\/www.southvillabath.com\/de\/wp-json\/wp\/v2\/comments?post=1678"}],"wp:featuredmedia":[{"embeddable":true,"href":"https:\/\/www.southvillabath.com\/de\/wp-json\/wp\/v2\/media\/1679"}],"wp:attachment":[{"href":"https:\/\/www.southvillabath.com\/de\/wp-json\/wp\/v2\/media?parent=1678"}],"wp:term":[{"taxonomy":"product_brand","embeddable":true,"href":"https:\/\/www.southvillabath.com\/de\/wp-json\/wp\/v2\/product_brand?post=1678"},{"taxonomy":"product_cat","embeddable":true,"href":"https:\/\/www.southvillabath.com\/de\/wp-json\/wp\/v2\/product_cat?post=1678"},{"taxonomy":"product_tag","embeddable":true,"href":"https:\/\/www.southvillabath.com\/de\/wp-json\/wp\/v2\/product_tag?post=1678"}],"curies":[{"name":"wp","href":"https:\/\/api.w.org\/{rel}","templated":true}]}}