{"id":1677,"date":"2026-05-06T22:12:55","date_gmt":"2026-05-06T22:12:55","guid":{"rendered":"https:\/\/www.southvillabath.com\/?post_type=product&#038;p=1677"},"modified":"2026-05-06T22:13:12","modified_gmt":"2026-05-06T22:13:12","slug":"pedestal-basin-sink-for-wholesale-bathroom-projects","status":"publish","type":"product","link":"https:\/\/www.southvillabath.com\/de\/product\/pedestal-basin-sink-for-wholesale-bathroom-projects\/","title":{"rendered":"Moderne Keramik Sockel Waschbecken f\u00fcr Gro\u00dfhandel Badezimmer Projekte"},"content":{"rendered":"<div class=\"wp-block-columns is-layout-flex wp-container-core-columns-is-layout-9d6595d7 wp-block-columns-is-layout-flex\">\n<div class=\"wp-block-column is-layout-flow wp-block-column-is-layout-flow\">\n<h3 class=\"wp-block-heading\">Zweiteiliges Sockelbecken Merkmale<\/h3>\n\n\n\n<ul class=\"wp-block-list\">\n<li><strong>Modernes integriertes Design: <\/strong>Die Kombination aus Waschbecken und Sockel bietet ein elegantes, minimalistisches Aussehen und verbirgt gleichzeitig die Sanit\u00e4ranlagen, was die \u00c4sthetik des Badezimmers insgesamt verbessert.<\/li>\n\n\n\n<li><strong>Hochwertige keramische Konstruktion: <\/strong>Hergestellt aus langlebigem Keramikmaterial mit einer glatten, glasierten Oberfl\u00e4che, die eine hohe Widerstandsf\u00e4higkeit gegen t\u00e4gliche Abnutzung und eine einfache Reinigung f\u00fcr den langfristigen Gebrauch gew\u00e4hrleistet.<\/li>\n\n\n\n<li><strong>Elegante dekorative Akzente: <\/strong>Subtile Designdetails verleihen dem Produkt eine einzigartige visuelle Note, die es in den Badkollektionen des mittleren bis gehobenen Segments hervorhebt.<\/li>\n\n\n\n<li><strong>Vielseitige Anwendungsszenarien:<\/strong> Sie eignen sich f\u00fcr Wohnb\u00e4der, Hotels, Wohnungen und gewerbliche Waschr\u00e4ume und erf\u00fcllen die unterschiedlichsten Projektanforderungen.<\/li>\n\n\n\n<li><strong>F\u00e4higkeit zur Lieferung von Masseng\u00fctern: <\/strong>Stabile Produktionskapazit\u00e4ten gew\u00e4hrleisten eine zuverl\u00e4ssige Versorgung von Gro\u00dfh\u00e4ndlern, Verteilern und der Beschaffung von Gro\u00dfprojekten.<\/li>\n<\/ul>\n<\/div>\n\n\n\n<div class=\"wp-block-column is-layout-flow wp-block-column-is-layout-flow\">\n<figure class=\"wp-block-image size-full\"><img decoding=\"async\" width=\"1127\" height=\"1392\" src=\"https:\/\/www.southvillabath.com\/wp-content\/uploads\/2026\/04\/Wholesale-Pedestal-basin-SH-B-199GL-2.jpg\" alt=\"\" class=\"wp-image-1852\" srcset=\"https:\/\/www.southvillabath.com\/wp-content\/uploads\/2026\/04\/Wholesale-Pedestal-basin-SH-B-199GL-2.jpg 1127w, https:\/\/www.southvillabath.com\/wp-content\/uploads\/2026\/04\/Wholesale-Pedestal-basin-SH-B-199GL-2-243x300.jpg 243w, https:\/\/www.southvillabath.com\/wp-content\/uploads\/2026\/04\/Wholesale-Pedestal-basin-SH-B-199GL-2-768x949.jpg 768w, https:\/\/www.southvillabath.com\/wp-content\/uploads\/2026\/04\/Wholesale-Pedestal-basin-SH-B-199GL-2-10x12.jpg 10w, https:\/\/www.southvillabath.com\/wp-content\/uploads\/2026\/04\/Wholesale-Pedestal-basin-SH-B-199GL-2-600x741.jpg 600w\" sizes=\"(max-width: 1127px) 100vw, 1127px\" \/><\/figure>\n<\/div>\n<\/div>","protected":false},"excerpt":{"rendered":"<p data-pm-slice=\"0 0 []\">Gro\u00dfhandelssockel-Becken. Das aus hochwertiger Keramik gefertigte und mit einer glatten, glasierten Oberfl\u00e4che versehene Becken ist pflegeleicht und unterst\u00fctzt die langfristige Haltbarkeit in stark frequentierten Umgebungen. Der integrierte Sockel verbirgt die Sanit\u00e4ranlagen und sorgt f\u00fcr eine saubere und organisierte Installation.<\/p>\n<h2><strong><b>Keramik-Wandwaschbecken <\/b><\/strong><strong><b>Spezifikation<\/b><\/strong><\/h2>\n<table>\n<tbody>\n<tr>\n<td><strong><b>Spezifikation<\/b><\/strong><\/td>\n<td><strong><b>Einzelheiten<\/b><\/strong><\/td>\n<\/tr>\n<tr>\n<td>Modell<\/td>\n<td>SH-B199GL<\/td>\n<\/tr>\n<tr>\n<td>Produkttyp<\/td>\n<td>Zweiteiliges Sockelbecken<\/td>\n<\/tr>\n<tr>\n<td>Gr\u00f6\u00dfe<\/td>\n<td>610mm x 460mm x 805mm<\/td>\n<\/tr>\n<tr>\n<td>Stil<\/td>\n<td>Modern<\/td>\n<\/tr>\n<tr>\n<td>Merkmal<\/td>\n<td>Glatt<\/td>\n<\/tr>\n<tr>\n<td>Anmeldung<\/td>\n<td>Badezimmer<\/td>\n<\/tr>\n<tr>\n<td>OEM- und ODM-Dienstleistungen<\/td>\n<td>Kundenspezifisches Logo, Farben, Verpackungen, Produktformen und Funktionen verf\u00fcgbar<\/td>\n<\/tr>\n<tr>\n<td>MOQ<\/td>\n<td>50 St\u00fcck, flexibel f\u00fcr weitere Diskussionen<\/td>\n<\/tr>\n<\/tbody>\n<\/table>\n<p>&nbsp;<\/p>\n<p>\n<script src=\"chrome-extension:\/\/fpelahbljekknahkcaegamhcndkfpfnc\/iFrame.js\" type=\"text\/javascript\"><\/script><\/p>","protected":false},"featured_media":1850,"comment_status":"closed","ping_status":"closed","template":"","meta":{"_acf_changed":false},"product_brand":[],"product_cat":[23],"product_tag":[],"class_list":{"0":"post-1677","1":"product","2":"type-product","3":"status-publish","4":"has-post-thumbnail","6":"product_cat-wholesale-washbasins","8":"first","9":"instock","10":"shipping-taxable","11":"product-type-simple"},"acf":[],"_links":{"self":[{"href":"https:\/\/www.southvillabath.com\/de\/wp-json\/wp\/v2\/product\/1677","targetHints":{"allow":["GET"]}}],"collection":[{"href":"https:\/\/www.southvillabath.com\/de\/wp-json\/wp\/v2\/product"}],"about":[{"href":"https:\/\/www.southvillabath.com\/de\/wp-json\/wp\/v2\/types\/product"}],"replies":[{"embeddable":true,"href":"https:\/\/www.southvillabath.com\/de\/wp-json\/wp\/v2\/comments?post=1677"}],"wp:featuredmedia":[{"embeddable":true,"href":"https:\/\/www.southvillabath.com\/de\/wp-json\/wp\/v2\/media\/1850"}],"wp:attachment":[{"href":"https:\/\/www.southvillabath.com\/de\/wp-json\/wp\/v2\/media?parent=1677"}],"wp:term":[{"taxonomy":"product_brand","embeddable":true,"href":"https:\/\/www.southvillabath.com\/de\/wp-json\/wp\/v2\/product_brand?post=1677"},{"taxonomy":"product_cat","embeddable":true,"href":"https:\/\/www.southvillabath.com\/de\/wp-json\/wp\/v2\/product_cat?post=1677"},{"taxonomy":"product_tag","embeddable":true,"href":"https:\/\/www.southvillabath.com\/de\/wp-json\/wp\/v2\/product_tag?post=1677"}],"curies":[{"name":"wp","href":"https:\/\/api.w.org\/{rel}","templated":true}]}}