{"id":1628,"date":"2026-04-28T07:05:20","date_gmt":"2026-04-28T07:05:20","guid":{"rendered":"https:\/\/www.southvillabath.com\/?post_type=product&#038;p=1628"},"modified":"2026-04-28T07:07:42","modified_gmt":"2026-04-28T07:07:42","slug":"bulk-matte-black-wall-hung-toilets","status":"publish","type":"product","link":"https:\/\/www.southvillabath.com\/de\/product\/bulk-matte-black-wall-hung-toilets\/","title":{"rendered":"Gro\u00dfhandel Mattschwarze wandh\u00e4ngende Toilette SH-088MB - Erh\u00e4ltlich in einer Vielzahl von kundenspezifischen Farboptionen"},"content":{"rendered":"<div class=\"wp-block-columns is-layout-flex wp-container-core-columns-is-layout-9d6595d7 wp-block-columns-is-layout-flex\">\n<div class=\"wp-block-column is-layout-flow wp-block-column-is-layout-flow\">\n<h3 class=\"wp-block-heading\">Wandh\u00e4ngende Toilette Merkmale<\/h3>\n\n\n\n<ul class=\"wp-block-list\">\n<li><strong>Design Flexibility:<\/strong> Matte black standard finish with multiple custom color options, allowing flexible adaptation to different project design styles and market preferences.<\/li>\n\n\n\n<li><strong>Platzsparendes wandh\u00e4ngendes Design: <\/strong>The wall-hung structure helps save floor space, making bathroom areas appear cleaner, more modern, and easier to maintain.<\/li>\n\n\n\n<li><strong>OEM\/ODM-Anpassungsunterst\u00fctzung: <\/strong>Strong OEM\/ODM capabilities, including color customization, branding, and packaging solutions tailored for wholesale and bulk buyers.<\/li>\n<\/ul>\n<\/div>\n\n\n\n<div class=\"wp-block-column is-layout-flow wp-block-column-is-layout-flow\">\n<figure class=\"wp-block-image size-full\"><img decoding=\"async\" width=\"778\" height=\"503\" src=\"https:\/\/www.southvillabath.com\/wp-content\/uploads\/2026\/04\/Wholesale-Wall-Hung-Toilet-SH-088MB-1.webp\" alt=\"\" class=\"wp-image-1631\" srcset=\"https:\/\/www.southvillabath.com\/wp-content\/uploads\/2026\/04\/Wholesale-Wall-Hung-Toilet-SH-088MB-1.webp 778w, https:\/\/www.southvillabath.com\/wp-content\/uploads\/2026\/04\/Wholesale-Wall-Hung-Toilet-SH-088MB-1-300x194.webp 300w, https:\/\/www.southvillabath.com\/wp-content\/uploads\/2026\/04\/Wholesale-Wall-Hung-Toilet-SH-088MB-1-768x497.webp 768w, https:\/\/www.southvillabath.com\/wp-content\/uploads\/2026\/04\/Wholesale-Wall-Hung-Toilet-SH-088MB-1-18x12.webp 18w, https:\/\/www.southvillabath.com\/wp-content\/uploads\/2026\/04\/Wholesale-Wall-Hung-Toilet-SH-088MB-1-600x388.webp 600w\" sizes=\"(max-width: 778px) 100vw, 778px\" \/><\/figure>\n<\/div>\n<\/div>","protected":false},"excerpt":{"rendered":"<p data-pm-slice=\"0 0 []\">Wholesale high-quality wall-hung toilet. This model comes standard with a smooth matte black finish and supports a variety of custom color schemes to highly adapt to different interior design concepts.\u00a0 Contact us for factory pricing.<\/p>\n<h2><strong><b>Wandh\u00e4ngende Toilette <\/b><\/strong><strong><b>Spezifikation<\/b><\/strong><\/h2>\n<table>\n<tbody>\n<tr>\n<td><strong><b>Spezifikation<\/b><\/strong><\/td>\n<td><strong><b>Einzelheiten<\/b><\/strong><\/td>\n<\/tr>\n<tr>\n<td>Modell<\/td>\n<td>SH-088MB<\/td>\n<\/tr>\n<tr>\n<td>Toilette Typ<\/td>\n<td>Wandh\u00e4ngende Toilette<\/td>\n<\/tr>\n<tr>\n<td>Gr\u00f6\u00dfe<\/td>\n<td>520mm x 360mm x 330mm<\/td>\n<\/tr>\n<tr>\n<td>Flush-System<\/td>\n<td>Waschbar Randlos<\/td>\n<\/tr>\n<tr>\n<td>Merkmal Sitz<\/td>\n<td>Soft-Close-Sitz<\/td>\n<\/tr>\n<tr>\n<td>OEM- und ODM-Dienstleistungen<\/td>\n<td>Kundenspezifisches Logo, Farben, Verpackungen, Produktformen und Funktionen verf\u00fcgbar<\/td>\n<\/tr>\n<tr>\n<td>Entw\u00e4sserung Typ<\/td>\n<td>P-Falle: 180mm<\/td>\n<\/tr>\n<tr>\n<td>MOQ<\/td>\n<td>50 St\u00fcck, flexibel f\u00fcr weitere Diskussionen<\/td>\n<\/tr>\n<\/tbody>\n<\/table>\n<p>&nbsp;<\/p>\n<p>\n<script src=\"chrome-extension:\/\/fpelahbljekknahkcaegamhcndkfpfnc\/iFrame.js\" type=\"text\/javascript\"><\/script><\/p>","protected":false},"featured_media":1622,"comment_status":"closed","ping_status":"closed","template":"","meta":{"_acf_changed":true},"product_brand":[],"product_cat":[19],"product_tag":[],"class_list":{"0":"post-1628","1":"product","2":"type-product","3":"status-publish","4":"has-post-thumbnail","6":"product_cat-wholesale-wall-hung-toilets","8":"first","9":"instock","10":"shipping-taxable","11":"product-type-simple"},"acf":[],"_links":{"self":[{"href":"https:\/\/www.southvillabath.com\/de\/wp-json\/wp\/v2\/product\/1628","targetHints":{"allow":["GET"]}}],"collection":[{"href":"https:\/\/www.southvillabath.com\/de\/wp-json\/wp\/v2\/product"}],"about":[{"href":"https:\/\/www.southvillabath.com\/de\/wp-json\/wp\/v2\/types\/product"}],"replies":[{"embeddable":true,"href":"https:\/\/www.southvillabath.com\/de\/wp-json\/wp\/v2\/comments?post=1628"}],"wp:featuredmedia":[{"embeddable":true,"href":"https:\/\/www.southvillabath.com\/de\/wp-json\/wp\/v2\/media\/1622"}],"wp:attachment":[{"href":"https:\/\/www.southvillabath.com\/de\/wp-json\/wp\/v2\/media?parent=1628"}],"wp:term":[{"taxonomy":"product_brand","embeddable":true,"href":"https:\/\/www.southvillabath.com\/de\/wp-json\/wp\/v2\/product_brand?post=1628"},{"taxonomy":"product_cat","embeddable":true,"href":"https:\/\/www.southvillabath.com\/de\/wp-json\/wp\/v2\/product_cat?post=1628"},{"taxonomy":"product_tag","embeddable":true,"href":"https:\/\/www.southvillabath.com\/de\/wp-json\/wp\/v2\/product_tag?post=1628"}],"curies":[{"name":"wp","href":"https:\/\/api.w.org\/{rel}","templated":true}]}}