{"id":1590,"date":"2026-04-22T09:20:00","date_gmt":"2026-04-22T09:20:00","guid":{"rendered":"https:\/\/www.southvillabath.com\/?post_type=product&#038;p=1590"},"modified":"2026-04-22T09:20:32","modified_gmt":"2026-04-22T09:20:32","slug":"wholesale-ceramic-bidet-with-factory-pricing","status":"publish","type":"product","link":"https:\/\/www.southvillabath.com\/de\/product\/wholesale-ceramic-bidet-with-factory-pricing\/","title":{"rendered":"Gro\u00dfhandel Keramik Bidet SH-F007B - Stilvolles Au\u00dfendesign mit wettbewerbsf\u00e4higen Preisen"},"content":{"rendered":"<div class=\"wp-block-columns is-layout-flex wp-container-core-columns-is-layout-9d6595d7 wp-block-columns-is-layout-flex\">\n<div class=\"wp-block-column is-layout-flow wp-block-column-is-layout-flow\">\n<h3 class=\"wp-block-heading\">Bodenmontiertes Bidet<\/h3>\n\n\n\n<ul class=\"wp-block-list\">\n<li><strong>Stilvolles Au\u00dfendesign:<\/strong> Das moderne und elegante Aussehen wertet die \u00c4sthetik des Badezimmers auf und macht es attraktiv f\u00fcr zeitgen\u00f6ssische Wohn- und Gewerbeprojekte.<\/li>\n\n\n\n<li><strong>Breite Marktanwendung:<\/strong> Geeignet f\u00fcr Gro\u00dfh\u00e4ndler, Distributoren und Projekteink\u00e4ufer, die Hotels, Apartments und Einzelhandelsm\u00e4rkte weltweit bedienen.<\/li>\n\n\n\n<li><strong>Wettbewerbsf\u00e4hige Preise f\u00fcr Gro\u00dfbestellungen:<\/strong> Optimierte Produktionsprozesse und die Direktbelieferung ab Werk erm\u00f6glichen eine kosteneffiziente Preisgestaltung und helfen den Vertriebsunternehmen und Gro\u00dfh\u00e4ndlern, hohe Gewinnspannen zu erzielen.<\/li>\n\n\n\n<li><strong>Unterst\u00fctzung bei Eigenmarken und Markenbildung:<\/strong> Umfassende OEM\/ODM-Dienstleistungen helfen den Kunden bei der Entwicklung ihrer eigenen Marken, einschlie\u00dflich der Anbringung von Logos, kundenspezifischen Verpackungen und Anpassungen des Produktdesigns.<\/li>\n<\/ul>\n<\/div>\n\n\n\n<div class=\"wp-block-column is-layout-flow wp-block-column-is-layout-flow\">\n<figure class=\"wp-block-image size-full\"><img decoding=\"async\" width=\"1818\" height=\"2304\" src=\"https:\/\/www.southvillabath.com\/wp-content\/uploads\/2026\/04\/Wholesale-Bidet-SH-F007B.png\" alt=\"\" class=\"wp-image-1608\" srcset=\"https:\/\/www.southvillabath.com\/wp-content\/uploads\/2026\/04\/Wholesale-Bidet-SH-F007B.png 1818w, https:\/\/www.southvillabath.com\/wp-content\/uploads\/2026\/04\/Wholesale-Bidet-SH-F007B-237x300.png 237w, https:\/\/www.southvillabath.com\/wp-content\/uploads\/2026\/04\/Wholesale-Bidet-SH-F007B-768x973.png 768w, https:\/\/www.southvillabath.com\/wp-content\/uploads\/2026\/04\/Wholesale-Bidet-SH-F007B-9x12.png 9w, https:\/\/www.southvillabath.com\/wp-content\/uploads\/2026\/04\/Wholesale-Bidet-SH-F007B-1200x1521.png 1200w, https:\/\/www.southvillabath.com\/wp-content\/uploads\/2026\/04\/Wholesale-Bidet-SH-F007B-600x760.png 600w\" sizes=\"(max-width: 1818px) 100vw, 1818px\" \/><\/figure>\n<\/div>\n<\/div>","protected":false},"excerpt":{"rendered":"<p data-pm-slice=\"0 0 []\">Gro\u00dfhandel Keramik Bidet. Dieses Bidet wird aus hochwertigen keramischen Materialien hergestellt und bietet eine glatte, raffinierte Oberfl\u00e4che, die leicht zu reinigen und f\u00fcr den t\u00e4glichen Gebrauch geeignet ist. Seine langlebige Konstruktion gew\u00e4hrleistet eine langfristige Leistung. Willkommen bei uns f\u00fcr die Fabrik Preise zu kontaktieren.<\/p>\n<h2><strong><b>Bodenmontiertes Bidet Spezifikation<\/b><\/strong><\/h2>\n<table>\n<tbody>\n<tr>\n<td><strong><b>Spezifikation<\/b><\/strong><\/td>\n<td><strong><b>Einzelheiten<\/b><\/strong><\/td>\n<\/tr>\n<tr>\n<td>Modell<\/td>\n<td>SH-F007B<\/td>\n<\/tr>\n<tr>\n<td>Toilette Typ<\/td>\n<td>Bodenmontiertes Bidet<\/td>\n<\/tr>\n<tr>\n<td>Gr\u00f6\u00dfe<\/td>\n<td>630mm x 400mm x 480mm<\/td>\n<\/tr>\n<tr>\n<td>OEM- und ODM-Dienstleistungen<\/td>\n<td>Kundenspezifisches Logo, Farben, Verpackungen, Produktformen und Funktionen verf\u00fcgbar<\/td>\n<\/tr>\n<tr>\n<td>Entw\u00e4sserung Typ<\/td>\n<td>P-Falle: 180mm<\/td>\n<\/tr>\n<tr>\n<td>MOQ<\/td>\n<td>50 St\u00fcck, flexibel f\u00fcr weitere Diskussionen<\/td>\n<\/tr>\n<\/tbody>\n<\/table>\n<p>&nbsp;<\/p>\n<p>\n<script src=\"chrome-extension:\/\/fpelahbljekknahkcaegamhcndkfpfnc\/iFrame.js\" type=\"text\/javascript\"><\/script><\/p>","protected":false},"featured_media":1591,"comment_status":"closed","ping_status":"closed","template":"","meta":{"_acf_changed":false},"product_brand":[],"product_cat":[21],"product_tag":[],"class_list":{"0":"post-1590","1":"product","2":"type-product","3":"status-publish","4":"has-post-thumbnail","6":"product_cat-wholesale-floor-mounted-toilets","8":"first","9":"instock","10":"shipping-taxable","11":"product-type-simple"},"acf":[],"_links":{"self":[{"href":"https:\/\/www.southvillabath.com\/de\/wp-json\/wp\/v2\/product\/1590","targetHints":{"allow":["GET"]}}],"collection":[{"href":"https:\/\/www.southvillabath.com\/de\/wp-json\/wp\/v2\/product"}],"about":[{"href":"https:\/\/www.southvillabath.com\/de\/wp-json\/wp\/v2\/types\/product"}],"replies":[{"embeddable":true,"href":"https:\/\/www.southvillabath.com\/de\/wp-json\/wp\/v2\/comments?post=1590"}],"wp:featuredmedia":[{"embeddable":true,"href":"https:\/\/www.southvillabath.com\/de\/wp-json\/wp\/v2\/media\/1591"}],"wp:attachment":[{"href":"https:\/\/www.southvillabath.com\/de\/wp-json\/wp\/v2\/media?parent=1590"}],"wp:term":[{"taxonomy":"product_brand","embeddable":true,"href":"https:\/\/www.southvillabath.com\/de\/wp-json\/wp\/v2\/product_brand?post=1590"},{"taxonomy":"product_cat","embeddable":true,"href":"https:\/\/www.southvillabath.com\/de\/wp-json\/wp\/v2\/product_cat?post=1590"},{"taxonomy":"product_tag","embeddable":true,"href":"https:\/\/www.southvillabath.com\/de\/wp-json\/wp\/v2\/product_tag?post=1590"}],"curies":[{"name":"wp","href":"https:\/\/api.w.org\/{rel}","templated":true}]}}