{"id":1565,"date":"2026-04-16T06:34:21","date_gmt":"2026-04-16T06:34:21","guid":{"rendered":"https:\/\/www.southvillabath.com\/?post_type=product&#038;p=1565"},"modified":"2026-04-16T07:05:52","modified_gmt":"2026-04-16T07:05:52","slug":"wholesale-2-piece-bathroom-set","status":"publish","type":"product","link":"https:\/\/www.southvillabath.com\/de\/product\/wholesale-2-piece-bathroom-set\/","title":{"rendered":"Wholesale Bathroom Set \u2013 Toilets and Basin SH-271\/SH-P117 Hot-selling Sanitary Ware"},"content":{"rendered":"<div class=\"wp-block-columns is-layout-flex wp-container-core-columns-is-layout-9d6595d7 wp-block-columns-is-layout-flex\">\n<div class=\"wp-block-column is-layout-flow wp-block-column-is-layout-flow\">\n<h3 class=\"wp-block-heading\">Badezimmer-Set Merkmale<\/h3>\n\n\n\n<ul class=\"wp-block-list\">\n<li><strong>Effizientes und leistungsstarkes Sp\u00fclsystem: <\/strong>Die Toilette ist mit einer optimierten Sp\u00fclstruktur ausgestattet, die einen starken und zuverl\u00e4ssigen Abtransport der Abf\u00e4lle bei gleichzeitig niedrigem Wasserverbrauch gew\u00e4hrleistet und so zu einem ausgewogenen Verh\u00e4ltnis zwischen Leistung und Wassereffizienz beitr\u00e4gt.<\/li>\n\n\n\n<li><strong>Zuverl\u00e4ssige Qualit\u00e4t f\u00fcr gro\u00dfe Projekte: <\/strong>Jedes Produkt wird strengen Qualit\u00e4tskontrollen unterzogen, um eine stabile Leistung und gleichbleibende Qualit\u00e4t zu gew\u00e4hrleisten. Damit ist das Set ideal f\u00fcr Hotels, Wohnungen, Immobilienprojekte und Gro\u00dfauftr\u00e4ge.<\/li>\n\n\n\n<li><strong>Strenge Qualit\u00e4tskontrolle:<\/strong> Jede Toilette wird vor der Auslieferung mehrfach gepr\u00fcft, u. a. durch eine Glasurpr\u00fcfung, einen Sp\u00fcltest, eine Wasserdichtigkeitspr\u00fcfung und eine strukturelle Qualit\u00e4tspr\u00fcfung.<\/li>\n<\/ul>\n<\/div>\n\n\n\n<div class=\"wp-block-column is-layout-flow wp-block-column-is-layout-flow\">\n<figure class=\"wp-block-image size-full\"><img decoding=\"async\" width=\"704\" height=\"770\" src=\"https:\/\/www.southvillabath.com\/wp-content\/uploads\/2026\/04\/Wholesale-Bathroom-Set-SH-271-1.png\" alt=\"\" class=\"wp-image-1567\" srcset=\"https:\/\/www.southvillabath.com\/wp-content\/uploads\/2026\/04\/Wholesale-Bathroom-Set-SH-271-1.png 704w, https:\/\/www.southvillabath.com\/wp-content\/uploads\/2026\/04\/Wholesale-Bathroom-Set-SH-271-1-274x300.png 274w, https:\/\/www.southvillabath.com\/wp-content\/uploads\/2026\/04\/Wholesale-Bathroom-Set-SH-271-1-11x12.png 11w, https:\/\/www.southvillabath.com\/wp-content\/uploads\/2026\/04\/Wholesale-Bathroom-Set-SH-271-1-600x656.png 600w\" sizes=\"(max-width: 704px) 100vw, 704px\" \/><\/figure>\n<\/div>\n<\/div>","protected":false},"excerpt":{"rendered":"<p>This wholesale bathroom set includes a matching toilet and basin. All products are made of high-quality ceramic with a smooth surface, offering superior durability, stain resistance, and a long-lasting white finish.<\/p>\n<p>As a manufacturer, we offer a variety of styles and sizes of toilets and basins\u00a0to choose from, allowing for flexible combinations to suit different bathroom layouts.<\/p>\n<h2><strong><b>Badezimmer-Set <\/b><\/strong><strong><b>Spezifikation<\/b><\/strong><\/h2>\n<table>\n<tbody>\n<tr>\n<td><strong><b>Spezifikation<\/b><\/strong><\/td>\n<td><strong><b>Einzelheiten<\/b><\/strong><\/td>\n<\/tr>\n<tr>\n<td>Modell<\/td>\n<td>Toilet: SH-271\u00a0 \u00a0Basin:SH-P117\u00a0<\/td>\n<\/tr>\n<tr>\n<td>Toilette Typ<\/td>\n<td>Badezimmer-Set<\/td>\n<\/tr>\n<tr>\n<td>Volumen der Sp\u00fclung<\/td>\n<td>3.0-4.5L<\/td>\n<\/tr>\n<tr>\n<td>Flush-System<\/td>\n<td>Waschbar Randlos<\/td>\n<\/tr>\n<tr>\n<td>Merkmal Sitz<\/td>\n<td>Soft-Close-Sitz<\/td>\n<\/tr>\n<tr>\n<td>OEM- und ODM-Dienstleistungen<\/td>\n<td>Kundenspezifisches Logo, Farben, Verpackungen, Produktformen und Funktionen verf\u00fcgbar<\/td>\n<\/tr>\n<tr>\n<td>Entw\u00e4sserung Typ<\/td>\n<td>P-Klappe: 180mm \/ S-Klappe: 250mm<\/td>\n<\/tr>\n<tr>\n<td>MOQ<\/td>\n<td>50 St\u00fcck, flexibel f\u00fcr weitere Diskussionen<\/td>\n<\/tr>\n<\/tbody>\n<\/table>\n<p>&nbsp;<\/p>\n<p><script src=\"chrome-extension:\/\/fpelahbljekknahkcaegamhcndkfpfnc\/iFrame.js\" type=\"text\/javascript\"><\/script><\/p>\n<p><script src=\"chrome-extension:\/\/fpelahbljekknahkcaegamhcndkfpfnc\/iFrame.js\" type=\"text\/javascript\"><\/script><\/p>","protected":false},"featured_media":1566,"comment_status":"closed","ping_status":"closed","template":"","meta":{"_acf_changed":true},"product_brand":[],"product_cat":[22],"product_tag":[],"class_list":{"0":"post-1565","1":"product","2":"type-product","3":"status-publish","4":"has-post-thumbnail","6":"product_cat-wholesale-bathroom-sets","8":"first","9":"instock","10":"shipping-taxable","11":"product-type-simple"},"acf":[],"_links":{"self":[{"href":"https:\/\/www.southvillabath.com\/de\/wp-json\/wp\/v2\/product\/1565","targetHints":{"allow":["GET"]}}],"collection":[{"href":"https:\/\/www.southvillabath.com\/de\/wp-json\/wp\/v2\/product"}],"about":[{"href":"https:\/\/www.southvillabath.com\/de\/wp-json\/wp\/v2\/types\/product"}],"replies":[{"embeddable":true,"href":"https:\/\/www.southvillabath.com\/de\/wp-json\/wp\/v2\/comments?post=1565"}],"wp:featuredmedia":[{"embeddable":true,"href":"https:\/\/www.southvillabath.com\/de\/wp-json\/wp\/v2\/media\/1566"}],"wp:attachment":[{"href":"https:\/\/www.southvillabath.com\/de\/wp-json\/wp\/v2\/media?parent=1565"}],"wp:term":[{"taxonomy":"product_brand","embeddable":true,"href":"https:\/\/www.southvillabath.com\/de\/wp-json\/wp\/v2\/product_brand?post=1565"},{"taxonomy":"product_cat","embeddable":true,"href":"https:\/\/www.southvillabath.com\/de\/wp-json\/wp\/v2\/product_cat?post=1565"},{"taxonomy":"product_tag","embeddable":true,"href":"https:\/\/www.southvillabath.com\/de\/wp-json\/wp\/v2\/product_tag?post=1565"}],"curies":[{"name":"wp","href":"https:\/\/api.w.org\/{rel}","templated":true}]}}