{"id":1556,"date":"2026-04-16T08:09:52","date_gmt":"2026-04-16T08:09:52","guid":{"rendered":"https:\/\/www.southvillabath.com\/?post_type=product&#038;p=1556"},"modified":"2026-04-16T08:09:53","modified_gmt":"2026-04-16T08:09:53","slug":"bathroom-toilet-and-bidet-set-manufacturer-and-supplier","status":"publish","type":"product","link":"https:\/\/www.southvillabath.com\/de\/product\/bathroom-toilet-and-bidet-set-manufacturer-and-supplier\/","title":{"rendered":"Wholesale Bathroom Suite, One Piece Toilet, Wall Hung Toilet, and Bidet Set \u2013 SH-5105\/SH-3303\/SH-F006B"},"content":{"rendered":"<div class=\"wp-block-columns is-layout-flex wp-container-core-columns-is-layout-9d6595d7 wp-block-columns-is-layout-flex\">\n<div class=\"wp-block-column is-layout-flow wp-block-column-is-layout-flow\">\n<h3 class=\"wp-block-heading\">Badezimmer-Set Merkmale<\/h3>\n\n\n\n<ul class=\"wp-block-list\">\n<li><strong>Erstes randloses Design f\u00fcr die Hygiene:<\/strong> Both the SH-5105 and SH-3303 models feature a rimless washdown system. This design eliminates the traditional rim where grime and lime scale often accumulate, ensuring a more sanitary bowl and a more powerful, efficient flush.<\/li>\n\n\n\n<li><strong>Langlebige Keramikkonstruktion: <\/strong>Crafted from high-grade vitreous china, our products undergo high-temperature firing to ensure a non-porous, glossy finish.<\/li>\n\n\n\n<li><strong>Modern Aesthetic Appeal:<\/strong> Clean and contemporary design suitable for hotels, apartments, villas, and public projects, supporting a wide range of architectural styles.<\/li>\n\n\n\n<li><strong>Strong Factory Supply Capability: <\/strong>Equipped for bulk production and stable delivery schedules, making us a dependable wholesale partner for global importers and distributors.<\/li>\n<\/ul>\n<\/div>\n\n\n\n<div class=\"wp-block-column is-layout-flow wp-block-column-is-layout-flow\">\n<figure class=\"wp-block-image size-full\"><img decoding=\"async\" width=\"962\" height=\"782\" src=\"https:\/\/www.southvillabath.com\/wp-content\/uploads\/2026\/04\/Wholesale-Bathroom-Set-SH-5105-1.png\" alt=\"\" class=\"wp-image-1558\" srcset=\"https:\/\/www.southvillabath.com\/wp-content\/uploads\/2026\/04\/Wholesale-Bathroom-Set-SH-5105-1.png 962w, https:\/\/www.southvillabath.com\/wp-content\/uploads\/2026\/04\/Wholesale-Bathroom-Set-SH-5105-1-300x244.png 300w, https:\/\/www.southvillabath.com\/wp-content\/uploads\/2026\/04\/Wholesale-Bathroom-Set-SH-5105-1-768x624.png 768w, https:\/\/www.southvillabath.com\/wp-content\/uploads\/2026\/04\/Wholesale-Bathroom-Set-SH-5105-1-15x12.png 15w, https:\/\/www.southvillabath.com\/wp-content\/uploads\/2026\/04\/Wholesale-Bathroom-Set-SH-5105-1-600x488.png 600w\" sizes=\"(max-width: 962px) 100vw, 962px\" \/><\/figure>\n<\/div>\n<\/div>","protected":false},"excerpt":{"rendered":"<p>This wholesale bathroom set includes a matching toilet and bidet designed to create a complete and coordinated bathroom solution. Both the toilet and bidet are made of high-quality ceramic with a smooth surface, offering superior durability, stain resistance, and a long-lasting white finish.<\/p>\n<p>Als Hersteller bieten wir eine Vielzahl von Stilen und Gr\u00f6\u00dfen von Toiletten und Waschbecken zur Auswahl an, so dass flexible Kombinationen f\u00fcr verschiedene Badezimmergrundrisse m\u00f6glich sind.<\/p>\n<h2><strong><b>Badezimmer-Set <\/b><\/strong><strong><b>Spezifikation<\/b><\/strong><\/h2>\n<table>\n<tbody>\n<tr>\n<td><strong><b>Spezifikation<\/b><\/strong><\/td>\n<td><strong><b>Einzelheiten<\/b><\/strong><\/td>\n<\/tr>\n<tr>\n<td>Modell<\/td>\n<td>Toilet: SH-5105\/SH-3303\u00a0 Bidet:SH-F006B<\/td>\n<\/tr>\n<tr>\n<td>Toilette Typ<\/td>\n<td>Badezimmer-Set<\/td>\n<\/tr>\n<tr>\n<td>Volumen der Sp\u00fclung<\/td>\n<td>3.0-4.5L<\/td>\n<\/tr>\n<tr>\n<td>Flush-System<\/td>\n<td>Waschbar Randlos<\/td>\n<\/tr>\n<tr>\n<td>Merkmal Sitz<\/td>\n<td>Soft-Close-Sitz<\/td>\n<\/tr>\n<tr>\n<td>OEM- und ODM-Dienstleistungen<\/td>\n<td>Kundenspezifisches Logo, Farben, Verpackungen, Produktformen und Funktionen verf\u00fcgbar<\/td>\n<\/tr>\n<tr>\n<td>Drainage Type(5105)<\/td>\n<td>P-trap:180mm \/ S-trap: 100\/250mm<\/td>\n<\/tr>\n<tr>\n<td>Drainage Type(3303)<\/td>\n<td>P-Klappe: 180mm \/ S-Klappe: 250mm<\/td>\n<\/tr>\n<tr>\n<td>MOQ<\/td>\n<td>50 St\u00fcck, flexibel f\u00fcr weitere Diskussionen<\/td>\n<\/tr>\n<\/tbody>\n<\/table>\n<p>&nbsp;<\/p>","protected":false},"featured_media":1557,"comment_status":"closed","ping_status":"closed","template":"","meta":{"_acf_changed":true},"product_brand":[],"product_cat":[22],"product_tag":[],"class_list":{"0":"post-1556","1":"product","2":"type-product","3":"status-publish","4":"has-post-thumbnail","6":"product_cat-wholesale-bathroom-sets","8":"first","9":"instock","10":"shipping-taxable","11":"product-type-simple"},"acf":[],"_links":{"self":[{"href":"https:\/\/www.southvillabath.com\/de\/wp-json\/wp\/v2\/product\/1556","targetHints":{"allow":["GET"]}}],"collection":[{"href":"https:\/\/www.southvillabath.com\/de\/wp-json\/wp\/v2\/product"}],"about":[{"href":"https:\/\/www.southvillabath.com\/de\/wp-json\/wp\/v2\/types\/product"}],"replies":[{"embeddable":true,"href":"https:\/\/www.southvillabath.com\/de\/wp-json\/wp\/v2\/comments?post=1556"}],"wp:featuredmedia":[{"embeddable":true,"href":"https:\/\/www.southvillabath.com\/de\/wp-json\/wp\/v2\/media\/1557"}],"wp:attachment":[{"href":"https:\/\/www.southvillabath.com\/de\/wp-json\/wp\/v2\/media?parent=1556"}],"wp:term":[{"taxonomy":"product_brand","embeddable":true,"href":"https:\/\/www.southvillabath.com\/de\/wp-json\/wp\/v2\/product_brand?post=1556"},{"taxonomy":"product_cat","embeddable":true,"href":"https:\/\/www.southvillabath.com\/de\/wp-json\/wp\/v2\/product_cat?post=1556"},{"taxonomy":"product_tag","embeddable":true,"href":"https:\/\/www.southvillabath.com\/de\/wp-json\/wp\/v2\/product_tag?post=1556"}],"curies":[{"name":"wp","href":"https:\/\/api.w.org\/{rel}","templated":true}]}}