{"id":1335,"date":"2026-04-13T09:45:41","date_gmt":"2026-04-13T09:45:41","guid":{"rendered":"https:\/\/www.southvillabath.com\/?post_type=product&#038;p=1335"},"modified":"2026-04-14T01:13:00","modified_gmt":"2026-04-14T01:13:00","slug":"wall-hung-toilet-wholesale-supplier","status":"publish","type":"product","link":"https:\/\/www.southvillabath.com\/de\/product\/wall-hung-toilet-wholesale-supplier\/","title":{"rendered":"Wholesale Wall-Hung Toilet in Bulk SH-038 \u2013 Professional Wall-Hung Toilet Supplier"},"content":{"rendered":"<div class=\"wp-block-columns is-layout-flex wp-container-core-columns-is-layout-9d6595d7 wp-block-columns-is-layout-flex\">\n<div class=\"wp-block-column is-layout-flow wp-block-column-is-layout-flow\">\n<h3 class=\"wp-block-heading\">Wandh\u00e4ngende Toilette Merkmale<\/h3>\n\n\n\n<ul class=\"wp-block-list\">\n<li><strong>Platzsparend und zeitgem\u00e4\u00dfes Design: <\/strong>Da die Toilette wandh\u00e4ngend ist, verf\u00fcgt sie \u00fcber ein verdecktes Tanksystem (in die Wand eingebaut). Dadurch entsteht ein schwebender Effekt, der kleine B\u00e4der deutlich gr\u00f6\u00dfer und offener wirken l\u00e4sst.<\/li>\n\n\n\n<li><strong>Verbesserte Hygiene und einfache Wartung: <\/strong>Der erh\u00f6hte Einbau erm\u00f6glicht einen vollst\u00e4ndigen Zugang zum Boden unter der Toilette, was die t\u00e4gliche Reinigung vereinfacht und versteckte Staubstellen beseitigt.<\/li>\n\n\n\n<li><strong>Hocheffiziente Rimess-Sp\u00fclung:<\/strong> Ausgestattet mit einem fortschrittlichen, sp\u00fclrandlosen System, entfernt es Abf\u00e4lle effizient und mit geringerem Verstopfungsrisiko, w\u00e4hrend ein k\u00fcrzerer, leiserer Sp\u00fclzyklus beibehalten wird.<\/li>\n\n\n\n<li><strong>Zuverl\u00e4ssige und standardisierte Technik:<\/strong>Das Produkt ist CE-zertifiziert, was die Einhaltung der europ\u00e4ischen Sicherheits- und Qualit\u00e4tsstandards gew\u00e4hrleistet. Seine 180-mm-P-Siphon-Konfiguration ist weitgehend kompatibel mit den g\u00e4ngigen Unterputz-Tr\u00e4gersystemen und erm\u00f6glicht eine einfache Integration und Installation.<\/li>\n\n\n\n<li><strong>OEM- und ODM-Anpassungsm\u00f6glichkeiten: <\/strong>Wir bieten einen umfassenden OEM- und ODM-Service, der kundenspezifische Designs, Logos, Verpackungen, Abmessungen, Sp\u00fclsysteme und Glasoberfl\u00e4chen unterst\u00fctzt.<\/li>\n<\/ul>\n<\/div>\n\n\n\n<div class=\"wp-block-column is-layout-flow wp-block-column-is-layout-flow\">\n<figure class=\"wp-block-image size-full\"><img decoding=\"async\" width=\"728\" height=\"924\" src=\"https:\/\/www.southvillabath.com\/wp-content\/uploads\/2026\/04\/Wholesale-Wall-hung-Toilet-SH-0381.jpg\" alt=\"\" class=\"wp-image-1324\" srcset=\"https:\/\/www.southvillabath.com\/wp-content\/uploads\/2026\/04\/Wholesale-Wall-hung-Toilet-SH-0381.jpg 728w, https:\/\/www.southvillabath.com\/wp-content\/uploads\/2026\/04\/Wholesale-Wall-hung-Toilet-SH-0381-236x300.jpg 236w, https:\/\/www.southvillabath.com\/wp-content\/uploads\/2026\/04\/Wholesale-Wall-hung-Toilet-SH-0381-9x12.jpg 9w, https:\/\/www.southvillabath.com\/wp-content\/uploads\/2026\/04\/Wholesale-Wall-hung-Toilet-SH-0381-600x762.jpg 600w\" sizes=\"(max-width: 728px) 100vw, 728px\" \/><\/figure>\n<\/div>\n<\/div>","protected":false},"excerpt":{"rendered":"<p data-pm-slice=\"0 0 []\">The <strong data-start=\"339\" data-end=\"366\">SH-038 wall-hung toilet<\/strong> is engineered for modern bathrooms that demand both performance and space efficiency. Designed with a high-efficiency tornado flushing system, this model delivers powerful water flow for thorough cleaning while maintaining a sleek and minimal appearance. It is an excellent solution for wholesalers, distributors, and importers looking to supply high-demand sanitary ware products.<\/p>\n<h2><strong><b>Wandh\u00e4ngende Toilette <\/b><\/strong><strong><b>Spezifikation<\/b><\/strong><\/h2>\n<table>\n<tbody>\n<tr>\n<td><strong><b>Spezifikation<\/b><\/strong><\/td>\n<td><strong><b>Einzelheiten<\/b><\/strong><\/td>\n<\/tr>\n<tr>\n<td>Modell<\/td>\n<td>SH-038<\/td>\n<\/tr>\n<tr>\n<td>Toilette Typ<\/td>\n<td>Wandh\u00e4ngende Toilette<\/td>\n<\/tr>\n<tr>\n<td>Gr\u00f6\u00dfe<\/td>\n<td>535mm x 360mm x 360mm<\/td>\n<\/tr>\n<tr>\n<td>Flush-System<\/td>\n<td>Abwasch-Tornado<\/td>\n<\/tr>\n<tr>\n<td>Merkmal Sitz<\/td>\n<td>Soft-Close-Sitz<\/td>\n<\/tr>\n<tr>\n<td>OEM- und ODM-Dienstleistungen<\/td>\n<td>Kundenspezifisches Logo, Farben, Verpackungen, Produktformen und Funktionen verf\u00fcgbar<\/td>\n<\/tr>\n<tr>\n<td>Entw\u00e4sserung Typ<\/td>\n<td>P-Falle: 180mm<\/td>\n<\/tr>\n<tr>\n<td>MOQ<\/td>\n<td>50 St\u00fcck, flexibel f\u00fcr weitere Diskussionen<\/td>\n<\/tr>\n<\/tbody>\n<\/table>\n<p>&nbsp;<\/p>\n<p>&nbsp;<\/p>\n<p>&nbsp;<\/p>\n<p>&nbsp;<\/p>\n<p>&nbsp;<\/p>\n<p>\n<script src=\"chrome-extension:\/\/fpelahbljekknahkcaegamhcndkfpfnc\/iFrame.js\" type=\"text\/javascript\"><\/script><\/p>","protected":false},"featured_media":1323,"comment_status":"closed","ping_status":"closed","template":"","meta":{"_acf_changed":false},"product_brand":[],"product_cat":[19],"product_tag":[],"class_list":{"0":"post-1335","1":"product","2":"type-product","3":"status-publish","4":"has-post-thumbnail","6":"product_cat-wholesale-wall-hung-toilets","8":"first","9":"instock","10":"shipping-taxable","11":"product-type-simple"},"acf":[],"_links":{"self":[{"href":"https:\/\/www.southvillabath.com\/de\/wp-json\/wp\/v2\/product\/1335","targetHints":{"allow":["GET"]}}],"collection":[{"href":"https:\/\/www.southvillabath.com\/de\/wp-json\/wp\/v2\/product"}],"about":[{"href":"https:\/\/www.southvillabath.com\/de\/wp-json\/wp\/v2\/types\/product"}],"replies":[{"embeddable":true,"href":"https:\/\/www.southvillabath.com\/de\/wp-json\/wp\/v2\/comments?post=1335"}],"wp:featuredmedia":[{"embeddable":true,"href":"https:\/\/www.southvillabath.com\/de\/wp-json\/wp\/v2\/media\/1323"}],"wp:attachment":[{"href":"https:\/\/www.southvillabath.com\/de\/wp-json\/wp\/v2\/media?parent=1335"}],"wp:term":[{"taxonomy":"product_brand","embeddable":true,"href":"https:\/\/www.southvillabath.com\/de\/wp-json\/wp\/v2\/product_brand?post=1335"},{"taxonomy":"product_cat","embeddable":true,"href":"https:\/\/www.southvillabath.com\/de\/wp-json\/wp\/v2\/product_cat?post=1335"},{"taxonomy":"product_tag","embeddable":true,"href":"https:\/\/www.southvillabath.com\/de\/wp-json\/wp\/v2\/product_tag?post=1335"}],"curies":[{"name":"wp","href":"https:\/\/api.w.org\/{rel}","templated":true}]}}