{"id":1325,"date":"2026-04-08T23:40:41","date_gmt":"2026-04-08T23:40:41","guid":{"rendered":"https:\/\/www.southvillabath.com\/?post_type=product&#038;p=1325"},"modified":"2026-04-11T02:55:43","modified_gmt":"2026-04-11T02:55:43","slug":"wholesale-modern-wall-hung-toilet-manufacturer","status":"publish","type":"product","link":"https:\/\/www.southvillabath.com\/de\/product\/wholesale-modern-wall-hung-toilet-manufacturer\/","title":{"rendered":"Hersteller Gro\u00dfhandel Moderne wandh\u00e4ngende Toilette SH-038 - Professional Toilette Lieferant"},"content":{"rendered":"<div class=\"wp-block-columns is-layout-flex wp-container-core-columns-is-layout-9d6595d7 wp-block-columns-is-layout-flex\">\n<div class=\"wp-block-column is-layout-flow wp-block-column-is-layout-flow\">\n<h3 class=\"wp-block-heading\">Wandh\u00e4ngende Toilette Merkmale<\/h3>\n\n\n\n<ul class=\"wp-block-list\">\n<li><strong>Fortschrittliche Tornado-Flush-Technologie: <\/strong>Im Gegensatz zu herk\u00f6mmlichen Schwerkraftsp\u00fclungen erzeugt das integrierte Tornado-System eine starke Zentrifugalkraft. Dies gew\u00e4hrleistet eine gr\u00fcndlichere Sp\u00fclung der gesamten Beckenoberfl\u00e4che bei gleichzeitig effizienterer Wassernutzung, wodurch sich die Anzahl der Wartungsarbeiten f\u00fcr den Endnutzer verringert.<\/li>\n\n\n\n<li><strong>Standardisierte P-TRAP-Konfiguration: <\/strong>Dieses Modell ist mit einem 180-mm-Siphon ausgestattet und f\u00fcr weltweite Kompatibilit\u00e4t ausgelegt. Die standardisierten Abmessungen erm\u00f6glichen eine nahtlose Integration in bestehende Sanit\u00e4rinfrastrukturen und machen es zu einer zuverl\u00e4ssigen Wahl f\u00fcr die internationale Gro\u00dfbeschaffung.<\/li>\n\n\n\n<li><strong>Fortgeschrittene rahmenlose Struktur: <\/strong>Das randlose Design verbessert die Hygiene durch die Minimierung der versteckten Reinigungsbereiche und erm\u00f6glicht eine einfachere Wartung und bessere Hygiene im t\u00e4glichen Gebrauch.<\/li>\n<\/ul>\n<\/div>\n\n\n\n<div class=\"wp-block-column is-layout-flow wp-block-column-is-layout-flow\">\n<figure class=\"wp-block-image size-full\"><img decoding=\"async\" width=\"728\" height=\"924\" src=\"https:\/\/www.southvillabath.com\/wp-content\/uploads\/2026\/04\/Wholesale-Wall-hung-Toilet-SH-0381.jpg\" alt=\"\" class=\"wp-image-1324\" srcset=\"https:\/\/www.southvillabath.com\/wp-content\/uploads\/2026\/04\/Wholesale-Wall-hung-Toilet-SH-0381.jpg 728w, https:\/\/www.southvillabath.com\/wp-content\/uploads\/2026\/04\/Wholesale-Wall-hung-Toilet-SH-0381-236x300.jpg 236w, https:\/\/www.southvillabath.com\/wp-content\/uploads\/2026\/04\/Wholesale-Wall-hung-Toilet-SH-0381-9x12.jpg 9w, https:\/\/www.southvillabath.com\/wp-content\/uploads\/2026\/04\/Wholesale-Wall-hung-Toilet-SH-0381-600x762.jpg 600w\" sizes=\"(max-width: 728px) 100vw, 728px\" \/><\/figure>\n<\/div>\n<\/div>","protected":false},"excerpt":{"rendered":"<p data-pm-slice=\"0 0 []\">Der SH-038 zeichnet sich durch ein schlankes, minimalistisches Design aus, das eine direkte Wandmontage erm\u00f6glicht und einen sauberen, schwebenden Effekt erzeugt. Es vereinfacht die Bodenpflege und maximiert das Raumgef\u00fchl. Wir freuen uns \u00fcber B2B-Partner; unsere Fabrik bietet Gro\u00dfhandelstoiletten an, bietet einen gro\u00dfen Lagerbestand f\u00fcr Ihr Projekt und unterst\u00fctzt OEM\/ODM-Anpassungen. Kontaktieren Sie uns jetzt f\u00fcr ein Angebot.<\/p>\n<h2><strong><b>Wandh\u00e4ngende Toilette <\/b><\/strong><strong><b>Spezifikation<\/b><\/strong><\/h2>\n<table>\n<tbody>\n<tr>\n<td><strong><b>Spezifikation<\/b><\/strong><\/td>\n<td><strong><b>Einzelheiten<\/b><\/strong><\/td>\n<\/tr>\n<tr>\n<td>Modell<\/td>\n<td>SH-038<\/td>\n<\/tr>\n<tr>\n<td>Toilette Typ<\/td>\n<td>Wandh\u00e4ngende Toilette<\/td>\n<\/tr>\n<tr>\n<td>Gr\u00f6\u00dfe<\/td>\n<td>535mm x 360mm x 360mm<\/td>\n<\/tr>\n<tr>\n<td>Flush-System<\/td>\n<td>Abwasch-Tornado<\/td>\n<\/tr>\n<tr>\n<td>Merkmal Sitz<\/td>\n<td>Soft-Close-Sitz<\/td>\n<\/tr>\n<tr>\n<td>OEM- und ODM-Dienstleistungen<\/td>\n<td>Kundenspezifisches Logo, Farben, Verpackungen, Produktformen und Funktionen verf\u00fcgbar<\/td>\n<\/tr>\n<tr>\n<td>Entw\u00e4sserung Typ<\/td>\n<td>P-Falle: 180mm<\/td>\n<\/tr>\n<tr>\n<td>MOQ<\/td>\n<td>50 St\u00fcck, flexibel f\u00fcr weitere Diskussionen<\/td>\n<\/tr>\n<\/tbody>\n<\/table>\n<p>&nbsp;<\/p>\n<p>\n<script src=\"chrome-extension:\/\/fpelahbljekknahkcaegamhcndkfpfnc\/iFrame.js\" type=\"text\/javascript\"><\/script><\/p>","protected":false},"featured_media":1323,"comment_status":"closed","ping_status":"closed","template":"","meta":{"_acf_changed":false},"product_brand":[],"product_cat":[19],"product_tag":[],"class_list":{"0":"post-1325","1":"product","2":"type-product","3":"status-publish","4":"has-post-thumbnail","6":"product_cat-wholesale-wall-hung-toilets","8":"first","9":"instock","10":"shipping-taxable","11":"product-type-simple"},"acf":[],"_links":{"self":[{"href":"https:\/\/www.southvillabath.com\/de\/wp-json\/wp\/v2\/product\/1325","targetHints":{"allow":["GET"]}}],"collection":[{"href":"https:\/\/www.southvillabath.com\/de\/wp-json\/wp\/v2\/product"}],"about":[{"href":"https:\/\/www.southvillabath.com\/de\/wp-json\/wp\/v2\/types\/product"}],"replies":[{"embeddable":true,"href":"https:\/\/www.southvillabath.com\/de\/wp-json\/wp\/v2\/comments?post=1325"}],"wp:featuredmedia":[{"embeddable":true,"href":"https:\/\/www.southvillabath.com\/de\/wp-json\/wp\/v2\/media\/1323"}],"wp:attachment":[{"href":"https:\/\/www.southvillabath.com\/de\/wp-json\/wp\/v2\/media?parent=1325"}],"wp:term":[{"taxonomy":"product_brand","embeddable":true,"href":"https:\/\/www.southvillabath.com\/de\/wp-json\/wp\/v2\/product_brand?post=1325"},{"taxonomy":"product_cat","embeddable":true,"href":"https:\/\/www.southvillabath.com\/de\/wp-json\/wp\/v2\/product_cat?post=1325"},{"taxonomy":"product_tag","embeddable":true,"href":"https:\/\/www.southvillabath.com\/de\/wp-json\/wp\/v2\/product_tag?post=1325"}],"curies":[{"name":"wp","href":"https:\/\/api.w.org\/{rel}","templated":true}]}}