{"id":1319,"date":"2026-04-08T23:45:26","date_gmt":"2026-04-08T23:45:26","guid":{"rendered":"https:\/\/www.southvillabath.com\/?post_type=product&#038;p=1319"},"modified":"2026-04-11T02:33:07","modified_gmt":"2026-04-11T02:33:07","slug":"factory-supply-european-style-rimless-wall-hung-toilet","status":"publish","type":"product","link":"https:\/\/www.southvillabath.com\/de\/product\/factory-supply-european-style-rimless-wall-hung-toilet\/","title":{"rendered":"European Style Rimless Wall-hung Toilet SH-037- Factory Direct Supply, OEM und ODM Support"},"content":{"rendered":"<div class=\"wp-block-columns is-layout-flex wp-container-core-columns-is-layout-9d6595d7 wp-block-columns-is-layout-flex\">\n<div class=\"wp-block-column is-layout-flow wp-block-column-is-layout-flow\">\n<h3 class=\"wp-block-heading\">Wandh\u00e4ngende Toilette Merkmale<\/h3>\n\n\n\n<ul class=\"wp-block-list\">\n<li><strong>Modernes Design im europ\u00e4ischen Stil<\/strong>: Diese Toilette mit ihrer eleganten, europ\u00e4isch inspirierten \u00c4sthetik bietet ein klares und elegantes Erscheinungsbild, das sich ideal f\u00fcr gehobene Badkollektionen und hochwertige Innenausstattungsprojekte eignet.<\/li>\n\n\n\n<li><strong>Fortgeschrittene rahmenlose Struktur:<\/strong> Das randlose Design verbessert die Hygiene durch die Minimierung der versteckten Reinigungsbereiche und erm\u00f6glicht eine einfachere Wartung und bessere Hygiene im t\u00e4glichen Gebrauch.<\/li>\n\n\n\n<li><strong>Platzsparende wandh\u00e4ngende Installation: <\/strong>Die aufgeh\u00e4ngte Wandstruktur erzeugt einen schwebenden Effekt, der die Bodenfl\u00e4che maximiert und die Offenheit des Badezimmers verbessert.<\/li>\n\n\n\n<li><strong>Geeignet f\u00fcr Anwendungen auf dem Premium-Markt:I<\/strong>f\u00fcr Hotels, Wohnungen, Villen, B\u00fcrogeb\u00e4ude und moderne Wohn- und Gesch\u00e4ftsb\u00e4der.<\/li>\n<\/ul>\n<\/div>\n\n\n\n<div class=\"wp-block-column is-layout-flow wp-block-column-is-layout-flow\">\n<figure class=\"wp-block-image size-full\"><img decoding=\"async\" width=\"724\" height=\"931\" src=\"https:\/\/www.southvillabath.com\/wp-content\/uploads\/2026\/04\/Wholesale-Wall-hung-Toilet-SH-037-1.jpg\" alt=\"\" class=\"wp-image-1321\" srcset=\"https:\/\/www.southvillabath.com\/wp-content\/uploads\/2026\/04\/Wholesale-Wall-hung-Toilet-SH-037-1.jpg 724w, https:\/\/www.southvillabath.com\/wp-content\/uploads\/2026\/04\/Wholesale-Wall-hung-Toilet-SH-037-1-233x300.jpg 233w, https:\/\/www.southvillabath.com\/wp-content\/uploads\/2026\/04\/Wholesale-Wall-hung-Toilet-SH-037-1-9x12.jpg 9w, https:\/\/www.southvillabath.com\/wp-content\/uploads\/2026\/04\/Wholesale-Wall-hung-Toilet-SH-037-1-600x772.jpg 600w\" sizes=\"(max-width: 724px) 100vw, 724px\" \/><\/figure>\n<\/div>\n<\/div>","protected":false},"excerpt":{"rendered":"<p>Wir bieten direkt ab Werk wandh\u00e4ngende Toiletten an, die europ\u00e4ische \u00c4sthetik, hygienische Funktionalit\u00e4t und zuverl\u00e4ssige Fertigungsqualit\u00e4t vereinen. Ein herausragender Vorteil dieses Modells ist sein randloses Design, das die Hygiene verbessert und die Wartung vereinfacht, da sich im Inneren weniger schwer zug\u00e4ngliche Stellen befinden, an denen sich Schmutz und R\u00fcckst\u00e4nde ansammeln k\u00f6nnen. Kontaktieren Sie uns f\u00fcr ein Angebot.<\/p>\n<h2><strong><b>Wandh\u00e4ngende Toilette <\/b><\/strong><strong><b>Spezifikation<\/b><\/strong><\/h2>\n<table>\n<tbody>\n<tr>\n<td><strong><b>Spezifikation<\/b><\/strong><\/td>\n<td><strong><b>Einzelheiten<\/b><\/strong><\/td>\n<\/tr>\n<tr>\n<td>Modell<\/td>\n<td>SH-037<\/td>\n<\/tr>\n<tr>\n<td>Toilette Typ<\/td>\n<td>Wandh\u00e4ngende Toilette<\/td>\n<\/tr>\n<tr>\n<td>Gr\u00f6\u00dfe<\/td>\n<td>535mm x 360mm x 360mm<\/td>\n<\/tr>\n<tr>\n<td>Flush-System<\/td>\n<td>Waschbar Randlos<\/td>\n<\/tr>\n<tr>\n<td>Merkmal Sitz<\/td>\n<td>Soft-Close-Sitz<\/td>\n<\/tr>\n<tr>\n<td>OEM- und ODM-Dienstleistungen<\/td>\n<td>Kundenspezifisches Logo, Farben, Verpackungen, Produktformen und Funktionen verf\u00fcgbar<\/td>\n<\/tr>\n<tr>\n<td>Entw\u00e4sserung Typ<\/td>\n<td>P-Falle: 180mm<\/td>\n<\/tr>\n<tr>\n<td>MOQ<\/td>\n<td>50 St\u00fcck, flexibel f\u00fcr weitere Diskussionen<\/td>\n<\/tr>\n<\/tbody>\n<\/table>\n<p>&nbsp;<\/p>\n<p>\n<script src=\"chrome-extension:\/\/fpelahbljekknahkcaegamhcndkfpfnc\/iFrame.js\" type=\"text\/javascript\"><\/script><\/p>","protected":false},"featured_media":1320,"comment_status":"closed","ping_status":"closed","template":"","meta":{"_acf_changed":false},"product_brand":[],"product_cat":[19],"product_tag":[],"class_list":{"0":"post-1319","1":"product","2":"type-product","3":"status-publish","4":"has-post-thumbnail","6":"product_cat-wholesale-wall-hung-toilets","8":"first","9":"instock","10":"shipping-taxable","11":"product-type-simple"},"acf":[],"_links":{"self":[{"href":"https:\/\/www.southvillabath.com\/de\/wp-json\/wp\/v2\/product\/1319","targetHints":{"allow":["GET"]}}],"collection":[{"href":"https:\/\/www.southvillabath.com\/de\/wp-json\/wp\/v2\/product"}],"about":[{"href":"https:\/\/www.southvillabath.com\/de\/wp-json\/wp\/v2\/types\/product"}],"replies":[{"embeddable":true,"href":"https:\/\/www.southvillabath.com\/de\/wp-json\/wp\/v2\/comments?post=1319"}],"wp:featuredmedia":[{"embeddable":true,"href":"https:\/\/www.southvillabath.com\/de\/wp-json\/wp\/v2\/media\/1320"}],"wp:attachment":[{"href":"https:\/\/www.southvillabath.com\/de\/wp-json\/wp\/v2\/media?parent=1319"}],"wp:term":[{"taxonomy":"product_brand","embeddable":true,"href":"https:\/\/www.southvillabath.com\/de\/wp-json\/wp\/v2\/product_brand?post=1319"},{"taxonomy":"product_cat","embeddable":true,"href":"https:\/\/www.southvillabath.com\/de\/wp-json\/wp\/v2\/product_cat?post=1319"},{"taxonomy":"product_tag","embeddable":true,"href":"https:\/\/www.southvillabath.com\/de\/wp-json\/wp\/v2\/product_tag?post=1319"}],"curies":[{"name":"wp","href":"https:\/\/api.w.org\/{rel}","templated":true}]}}