{"id":1316,"date":"2026-04-08T23:50:37","date_gmt":"2026-04-08T23:50:37","guid":{"rendered":"https:\/\/www.southvillabath.com\/?post_type=product&#038;p=1316"},"modified":"2026-04-11T01:48:48","modified_gmt":"2026-04-11T01:48:48","slug":"wholesale-tornado-flushing-square-wall-hung-toilet","status":"publish","type":"product","link":"https:\/\/www.southvillabath.com\/de\/product\/wholesale-tornado-flushing-square-wall-hung-toilet\/","title":{"rendered":"Tornado Flushing Square Wand-WC SH-035 - mit verdeckten Sp\u00fcll\u00f6chern"},"content":{"rendered":"<div class=\"wp-block-columns is-layout-flex wp-container-core-columns-is-layout-9d6595d7 wp-block-columns-is-layout-flex\">\n<div class=\"wp-block-column is-layout-flow wp-block-column-is-layout-flow\">\n<h3 class=\"wp-block-heading\">Wandh\u00e4ngende Toilette Merkmale<\/h3>\n\n\n\n<ul class=\"wp-block-list\">\n<li><strong>M\u00e4chtige Tornado-Sp\u00fclung: <\/strong>Ausgestattet mit einem fortschrittlichen Tornado-Sp\u00fclsystem, liefert diese Toilette einen starken Wasserdruck f\u00fcr eine hocheffiziente Abfallentsorgung und eine hervorragende Reinigungsleistung des Beckens.<\/li>\n\n\n\n<li><strong>Bessere Hygienestandards:<\/strong> Gr\u00fcndliches Sp\u00fclen reduziert Abfallreste und Bakterienansammlungen und schafft so eine hygienischere Umgebung im Badezimmer.<\/li>\n\n\n\n<li><strong>Premium-Keramik-Konstruktion: <\/strong>Hergestellt aus haltbarer, glasierter Keramik f\u00fcr hervorragende Kratzfestigkeit, langfristige Festigkeit und einfache t\u00e4gliche Pflege.<\/li>\n\n\n\n<li><strong>Platzsparende Installation an der Wand: <\/strong>Das wandh\u00e4ngende Design maximiert die Bodenfl\u00e4che und vereinfacht die Reinigung des Badezimmers, so dass es sowohl f\u00fcr kompakte als auch f\u00fcr luxuri\u00f6se Badezimmer geeignet ist.<\/li>\n\n\n\n<li><strong>OEM\/ODM-Fertigungsunterst\u00fctzung:<\/strong> Als professioneller Toilettenhersteller bieten wir flexible kundenspezifische Dienstleistungen an, einschlie\u00dflich Logodruck, Verpackung, Glasur und Private-Label-Produktion f\u00fcr Gro\u00dfabnehmer.<\/li>\n<\/ul>\n<\/div>\n\n\n\n<div class=\"wp-block-column is-layout-flow wp-block-column-is-layout-flow\">\n<figure class=\"wp-block-image size-full\"><img decoding=\"async\" width=\"725\" height=\"783\" src=\"https:\/\/www.southvillabath.com\/wp-content\/uploads\/2026\/04\/Wholesale-Wall-hung-Toilet-SH-035-1.png\" alt=\"\" class=\"wp-image-1318\" srcset=\"https:\/\/www.southvillabath.com\/wp-content\/uploads\/2026\/04\/Wholesale-Wall-hung-Toilet-SH-035-1.png 725w, https:\/\/www.southvillabath.com\/wp-content\/uploads\/2026\/04\/Wholesale-Wall-hung-Toilet-SH-035-1-278x300.png 278w, https:\/\/www.southvillabath.com\/wp-content\/uploads\/2026\/04\/Wholesale-Wall-hung-Toilet-SH-035-1-11x12.png 11w, https:\/\/www.southvillabath.com\/wp-content\/uploads\/2026\/04\/Wholesale-Wall-hung-Toilet-SH-035-1-600x648.png 600w\" sizes=\"(max-width: 725px) 100vw, 725px\" \/><\/figure>\n<\/div>\n<\/div>","protected":false},"excerpt":{"rendered":"<p>Unsere Fabrik vertreibt hochbelastbare wandh\u00e4ngende Toiletten. Ihr fortschrittliches Tornado-Sp\u00fclsystem erzeugt einen kr\u00e4ftigen, wirbelnden Wasserstrom, der eine st\u00e4rkere Sp\u00fclkraft als herk\u00f6mmliche Designs erzeugt, um eine effiziente Abfallbeseitigung bei jeder Sp\u00fclung zu gew\u00e4hrleisten. Kontaktieren Sie uns f\u00fcr ein Angebot.<\/p>\n<h2><strong><b>Wandh\u00e4ngende Toilette <\/b><\/strong><strong><b>Spezifikation<\/b><\/strong><\/h2>\n<table>\n<tbody>\n<tr>\n<td><strong><b>Spezifikation<\/b><\/strong><\/td>\n<td><strong><b>Einzelheiten<\/b><\/strong><\/td>\n<\/tr>\n<tr>\n<td>Modell<\/td>\n<td>SH-035<\/td>\n<\/tr>\n<tr>\n<td>Toilette Typ<\/td>\n<td>Wandh\u00e4ngende Toilette<\/td>\n<\/tr>\n<tr>\n<td>Gr\u00f6\u00dfe<\/td>\n<td>480mm x 340mm x 360mm<\/td>\n<\/tr>\n<tr>\n<td>Flush-System<\/td>\n<td>Abwasch-Tornado<\/td>\n<\/tr>\n<tr>\n<td>Merkmal Sitz<\/td>\n<td>Soft-Close-Sitz<\/td>\n<\/tr>\n<tr>\n<td>OEM- und ODM-Dienstleistungen<\/td>\n<td>Kundenspezifisches Logo, Farben, Verpackungen, Produktformen und Funktionen verf\u00fcgbar<\/td>\n<\/tr>\n<tr>\n<td>Entw\u00e4sserung Typ<\/td>\n<td>P-Falle: 180mm<\/td>\n<\/tr>\n<tr>\n<td>MOQ<\/td>\n<td>50 St\u00fcck, flexibel f\u00fcr weitere Diskussionen<\/td>\n<\/tr>\n<\/tbody>\n<\/table>\n<p>\n<script src=\"chrome-extension:\/\/fpelahbljekknahkcaegamhcndkfpfnc\/iFrame.js\" type=\"text\/javascript\"><\/script><\/p>","protected":false},"featured_media":1317,"comment_status":"closed","ping_status":"closed","template":"","meta":{"_acf_changed":false},"product_brand":[],"product_cat":[19],"product_tag":[],"class_list":{"0":"post-1316","1":"product","2":"type-product","3":"status-publish","4":"has-post-thumbnail","6":"product_cat-wholesale-wall-hung-toilets","8":"first","9":"instock","10":"shipping-taxable","11":"product-type-simple"},"acf":[],"_links":{"self":[{"href":"https:\/\/www.southvillabath.com\/de\/wp-json\/wp\/v2\/product\/1316","targetHints":{"allow":["GET"]}}],"collection":[{"href":"https:\/\/www.southvillabath.com\/de\/wp-json\/wp\/v2\/product"}],"about":[{"href":"https:\/\/www.southvillabath.com\/de\/wp-json\/wp\/v2\/types\/product"}],"replies":[{"embeddable":true,"href":"https:\/\/www.southvillabath.com\/de\/wp-json\/wp\/v2\/comments?post=1316"}],"wp:featuredmedia":[{"embeddable":true,"href":"https:\/\/www.southvillabath.com\/de\/wp-json\/wp\/v2\/media\/1317"}],"wp:attachment":[{"href":"https:\/\/www.southvillabath.com\/de\/wp-json\/wp\/v2\/media?parent=1316"}],"wp:term":[{"taxonomy":"product_brand","embeddable":true,"href":"https:\/\/www.southvillabath.com\/de\/wp-json\/wp\/v2\/product_brand?post=1316"},{"taxonomy":"product_cat","embeddable":true,"href":"https:\/\/www.southvillabath.com\/de\/wp-json\/wp\/v2\/product_cat?post=1316"},{"taxonomy":"product_tag","embeddable":true,"href":"https:\/\/www.southvillabath.com\/de\/wp-json\/wp\/v2\/product_tag?post=1316"}],"curies":[{"name":"wp","href":"https:\/\/api.w.org\/{rel}","templated":true}]}}