{"id":1310,"date":"2026-04-09T00:05:08","date_gmt":"2026-04-09T00:05:08","guid":{"rendered":"https:\/\/www.southvillabath.com\/?post_type=product&#038;p=1310"},"modified":"2026-04-11T01:31:46","modified_gmt":"2026-04-11T01:31:46","slug":"factory-wholesale-easy-to-install-wall-hung-toilets","status":"publish","type":"product","link":"https:\/\/www.southvillabath.com\/de\/product\/factory-wholesale-easy-to-install-wall-hung-toilets\/","title":{"rendered":"Factory Supply Einfach zu installierende wandh\u00e4ngende Toilette SH-031 - Wandtoilette mit Seitenloch"},"content":{"rendered":"<div class=\"wp-block-columns is-layout-flex wp-container-core-columns-is-layout-9d6595d7 wp-block-columns-is-layout-flex\">\n<div class=\"wp-block-column is-layout-flow wp-block-column-is-layout-flow\">\n<h3 class=\"wp-block-heading\">Wandh\u00e4ngende Toilette Merkmale<\/h3>\n\n\n\n<ul class=\"wp-block-list\">\n<li><strong>Seitenloch-Design: <\/strong>Eingebaute seitliche \u00d6ffnungen erm\u00f6glichen eine m\u00fchelose Installation und Wartung und bieten direkten Zugang zu den Befestigungselementen.<\/li>\n\n\n\n<li><strong>Niedrigere Arbeits- und Projektkosten: <\/strong>Die schnellere Installation hilft Bauunternehmern und Bauherren, die Arbeitszeit zu verk\u00fcrzen, wodurch sich dieses Modell hervorragend f\u00fcr gro\u00dfe Bau- und Renovierungsprojekte eignet.<\/li>\n\n\n\n<li><strong>Platzsparende Wandmontage-Konfiguration: <\/strong>Durch die Anhebung der Einheit vom Boden schafft diese Toilette ein offenes, luftiges Gef\u00fchl in kleineren Badezimmern und vereinfacht die Hausmeistert\u00e4tigkeit in gewerblichen Einrichtungen, wodurch eine hygienischere Umgebung gew\u00e4hrleistet wird.<\/li>\n\n\n\n<li>Hochwertige Glaskeramik-Konstruktion: Die aus hochdichten Keramikmaterialien hergestellte Einheit verf\u00fcgt \u00fcber eine porenfreie, kratzfeste Oberfl\u00e4che, die auch bei t\u00e4glicher Beanspruchung in Hotels oder \u00f6ffentlichen Einrichtungen ihre Hochglanzoberfl\u00e4che beibeh\u00e4lt.<\/li>\n\n\n\n<li><strong>OEM\/ODM-Fertigungsunterst\u00fctzung: <\/strong>Unsere Toilettenfabrik bietet kundenspezifische Marken-, Verpackungs- und Design\u00e4nderungen zur Unterst\u00fctzung von Gro\u00dfh\u00e4ndlern, Distributoren und Eigenmarken f\u00fcr Sanit\u00e4rprodukte.<\/li>\n<\/ul>\n\n\n\n<ul class=\"wp-block-list\"><\/ul>\n<\/div>\n\n\n\n<div class=\"wp-block-column is-layout-flow wp-block-column-is-layout-flow\">\n<figure class=\"wp-block-image size-full\"><img decoding=\"async\" width=\"1214\" height=\"737\" src=\"https:\/\/www.southvillabath.com\/wp-content\/uploads\/2026\/04\/Wholesale-Wall-hung-Toilet-SH-031-2.jpg\" alt=\"\" class=\"wp-image-1312\" srcset=\"https:\/\/www.southvillabath.com\/wp-content\/uploads\/2026\/04\/Wholesale-Wall-hung-Toilet-SH-031-2.jpg 1214w, https:\/\/www.southvillabath.com\/wp-content\/uploads\/2026\/04\/Wholesale-Wall-hung-Toilet-SH-031-2-300x182.jpg 300w, https:\/\/www.southvillabath.com\/wp-content\/uploads\/2026\/04\/Wholesale-Wall-hung-Toilet-SH-031-2-768x466.jpg 768w, https:\/\/www.southvillabath.com\/wp-content\/uploads\/2026\/04\/Wholesale-Wall-hung-Toilet-SH-031-2-18x12.jpg 18w, https:\/\/www.southvillabath.com\/wp-content\/uploads\/2026\/04\/Wholesale-Wall-hung-Toilet-SH-031-2-1200x729.jpg 1200w, https:\/\/www.southvillabath.com\/wp-content\/uploads\/2026\/04\/Wholesale-Wall-hung-Toilet-SH-031-2-600x364.jpg 600w\" sizes=\"(max-width: 1214px) 100vw, 1214px\" \/><\/figure>\n<\/div>\n<\/div>","protected":false},"excerpt":{"rendered":"<p>Die Gro\u00dfhandels-Wandtoilette SH-031 verf\u00fcgt \u00fcber integrierte seitliche \u00d6ffnungen f\u00fcr die einfache Installation von Befestigungsschrauben und vereinfacht den Installationsprozess, was sie zur bevorzugten Wahl f\u00fcr gro\u00dfe Bauprojekte und kommerzielle Entwicklungen macht. Die SH-031 zeichnet sich durch eine einfache, minimalistische, quadratische Silhouette aus und spart durch die Wandmontage wertvolle Bodenfl\u00e4che, was sie ideal f\u00fcr kleine B\u00e4der und diejenigen macht, die ein modernes, \u00e4sthetisch ansprechendes Bad anstreben.<\/p>\n<h2><strong><b>Wandh\u00e4ngende Toilette <\/b><\/strong><strong><b>Spezifikation<\/b><\/strong><\/h2>\n<table>\n<tbody>\n<tr>\n<td><strong><b>Spezifikation<\/b><\/strong><\/td>\n<td><strong><b>Einzelheiten<\/b><\/strong><\/td>\n<\/tr>\n<tr>\n<td>Modell<\/td>\n<td>SH-031<\/td>\n<\/tr>\n<tr>\n<td>Toilette Typ<\/td>\n<td>Wandh\u00e4ngende Toilette<\/td>\n<\/tr>\n<tr>\n<td>Gr\u00f6\u00dfe<\/td>\n<td>535mm x 360mm x 360mm<\/td>\n<\/tr>\n<tr>\n<td>Flush-System<\/td>\n<td>Waschbar Randlos<\/td>\n<\/tr>\n<tr>\n<td>Merkmal Sitz<\/td>\n<td>Soft-Close-Sitz<\/td>\n<\/tr>\n<tr>\n<td>OEM- und ODM-Dienstleistungen<\/td>\n<td>Kundenspezifisches Logo, Farben, Verpackungen, Produktformen und Funktionen verf\u00fcgbar<\/td>\n<\/tr>\n<tr>\n<td>Entw\u00e4sserung Typ<\/td>\n<td>P-Falle: 180mm<\/td>\n<\/tr>\n<tr>\n<td>MOQ<\/td>\n<td>50 St\u00fcck, flexibel f\u00fcr weitere Diskussionen<\/td>\n<\/tr>\n<\/tbody>\n<\/table>\n<p>&nbsp;<\/p>\n<p>\n<script src=\"chrome-extension:\/\/fpelahbljekknahkcaegamhcndkfpfnc\/iFrame.js\" type=\"text\/javascript\"><\/script><\/p>","protected":false},"featured_media":1311,"comment_status":"closed","ping_status":"closed","template":"","meta":{"_acf_changed":false},"product_brand":[],"product_cat":[19],"product_tag":[],"class_list":{"0":"post-1310","1":"product","2":"type-product","3":"status-publish","4":"has-post-thumbnail","6":"product_cat-wholesale-wall-hung-toilets","8":"first","9":"instock","10":"shipping-taxable","11":"product-type-simple"},"acf":[],"_links":{"self":[{"href":"https:\/\/www.southvillabath.com\/de\/wp-json\/wp\/v2\/product\/1310","targetHints":{"allow":["GET"]}}],"collection":[{"href":"https:\/\/www.southvillabath.com\/de\/wp-json\/wp\/v2\/product"}],"about":[{"href":"https:\/\/www.southvillabath.com\/de\/wp-json\/wp\/v2\/types\/product"}],"replies":[{"embeddable":true,"href":"https:\/\/www.southvillabath.com\/de\/wp-json\/wp\/v2\/comments?post=1310"}],"wp:featuredmedia":[{"embeddable":true,"href":"https:\/\/www.southvillabath.com\/de\/wp-json\/wp\/v2\/media\/1311"}],"wp:attachment":[{"href":"https:\/\/www.southvillabath.com\/de\/wp-json\/wp\/v2\/media?parent=1310"}],"wp:term":[{"taxonomy":"product_brand","embeddable":true,"href":"https:\/\/www.southvillabath.com\/de\/wp-json\/wp\/v2\/product_brand?post=1310"},{"taxonomy":"product_cat","embeddable":true,"href":"https:\/\/www.southvillabath.com\/de\/wp-json\/wp\/v2\/product_cat?post=1310"},{"taxonomy":"product_tag","embeddable":true,"href":"https:\/\/www.southvillabath.com\/de\/wp-json\/wp\/v2\/product_tag?post=1310"}],"curies":[{"name":"wp","href":"https:\/\/api.w.org\/{rel}","templated":true}]}}