{"id":1307,"date":"2026-04-09T00:11:29","date_gmt":"2026-04-09T00:11:29","guid":{"rendered":"https:\/\/www.southvillabath.com\/?post_type=product&#038;p=1307"},"modified":"2026-04-11T01:13:48","modified_gmt":"2026-04-11T01:13:48","slug":"wholesale-high-end-diamond-designed-wall-hung-toilet","status":"publish","type":"product","link":"https:\/\/www.southvillabath.com\/de\/product\/wholesale-high-end-diamond-designed-wall-hung-toilet\/","title":{"rendered":"Gro\u00dfhandel High-End-Diamant-Design wandh\u00e4ngende Toilette SH-029 - Mid-to-High-End-Toilette Hersteller"},"content":{"rendered":"<div class=\"wp-block-columns is-layout-flex wp-container-core-columns-is-layout-9d6595d7 wp-block-columns-is-layout-flex\">\n<div class=\"wp-block-column is-layout-flow wp-block-column-is-layout-flow\">\n<h3 class=\"wp-block-heading\">Wandh\u00e4ngende Toilette Merkmale<\/h3>\n\n\n\n<ul class=\"wp-block-list\">\n<li><strong>Geometrisches Design:<\/strong> Die wandh\u00e4ngende Toilette f\u00fcr den Gro\u00dfhandel zeichnet sich durch ein einzigartiges, facettenreiches \u201cDiamantschnitt\u201d-Design aus, das einen modernen und luxuri\u00f6sen Look erzeugt.<\/li>\n\n\n\n<li><strong>Moderne wandh\u00e4ngende, platzsparende Struktur: <\/strong>Die h\u00e4ngende Wandinstallation erzeugt einen schwebenden visuellen Effekt und gibt gleichzeitig Bodenfl\u00e4che f\u00fcr eine sauberere und ger\u00e4umigere Badezimmergestaltung frei.<\/li>\n\n\n\n<li><strong>Fortschrittliche antibakterielle Verglasung:<\/strong> Der SH-029 verf\u00fcgt \u00fcber eine hochwertige selbstreinigende Verglasung und antibakteriell beschichtete Innenrohre. Dies verhindert das Anhaften von Abfall und das Wachstum von Bakterien.<\/li>\n\n\n\n<li><strong>Ideal f\u00fcr mittlere bis gehobene M\u00e4rkte: <\/strong>Die wandh\u00e4ngende Gro\u00dfhandelstoilette eignet sich f\u00fcr den gehobenen zeitgen\u00f6ssischen Au\u00dfenbereich und ist sehr gut geeignet f\u00fcr luxuri\u00f6se Wohnanlagen, Spirituosengesch\u00e4fte, gehobene drucklose Badserien und gehobene Gesch\u00e4ftsgeb\u00e4ude.<\/li>\n<\/ul>\n<\/div>\n\n\n\n<div class=\"wp-block-column is-layout-flow wp-block-column-is-layout-flow\">\n<figure class=\"wp-block-image size-full\"><img decoding=\"async\" width=\"1392\" height=\"1128\" src=\"https:\/\/www.southvillabath.com\/wp-content\/uploads\/2026\/04\/Wholesale-Wall-hung-Toilet-SH-029-2.jpg\" alt=\"\" class=\"wp-image-1309\" srcset=\"https:\/\/www.southvillabath.com\/wp-content\/uploads\/2026\/04\/Wholesale-Wall-hung-Toilet-SH-029-2.jpg 1392w, https:\/\/www.southvillabath.com\/wp-content\/uploads\/2026\/04\/Wholesale-Wall-hung-Toilet-SH-029-2-300x243.jpg 300w, https:\/\/www.southvillabath.com\/wp-content\/uploads\/2026\/04\/Wholesale-Wall-hung-Toilet-SH-029-2-768x622.jpg 768w, https:\/\/www.southvillabath.com\/wp-content\/uploads\/2026\/04\/Wholesale-Wall-hung-Toilet-SH-029-2-15x12.jpg 15w, https:\/\/www.southvillabath.com\/wp-content\/uploads\/2026\/04\/Wholesale-Wall-hung-Toilet-SH-029-2-1200x972.jpg 1200w, https:\/\/www.southvillabath.com\/wp-content\/uploads\/2026\/04\/Wholesale-Wall-hung-Toilet-SH-029-2-600x486.jpg 600w\" sizes=\"(max-width: 1392px) 100vw, 1392px\" \/><\/figure>\n<\/div>\n<\/div>","protected":false},"excerpt":{"rendered":"<p data-pm-slice=\"0 0 []\">Die Premium-Diamant-Wandtoilette f\u00fcr den Gro\u00dfhandel wurde f\u00fcr gehobene private und gewerbliche Badezimmerprojekte entwickelt. Mit ihrem luxuri\u00f6sen diamantf\u00f6rmigen \u00c4u\u00dferen verbindet diese Toilette moderne Eleganz mit Zweckm\u00e4\u00dfigkeit und ist damit ideal f\u00fcr gehobene Hotels, Wohnungen, Villen, Einkaufszentren und zeitgen\u00f6ssische Baddesigns. Kontaktieren Sie uns f\u00fcr Kostenvoranschl\u00e4ge.<\/p>\n<h2><strong><b>Wandh\u00e4ngende Toilette <\/b><\/strong><strong><b>Spezifikation<\/b><\/strong><\/h2>\n<table>\n<tbody>\n<tr>\n<td><strong><b>Spezifikation<\/b><\/strong><\/td>\n<td><strong><b>Einzelheiten<\/b><\/strong><\/td>\n<\/tr>\n<tr>\n<td>Modell<\/td>\n<td>SH-029<\/td>\n<\/tr>\n<tr>\n<td>Toilette Typ<\/td>\n<td>Wandh\u00e4ngende Toilette<\/td>\n<\/tr>\n<tr>\n<td>Gr\u00f6\u00dfe<\/td>\n<td>520mm x 380mm x 400mm<\/td>\n<\/tr>\n<tr>\n<td>Flush-System<\/td>\n<td>Waschbar Randlos<\/td>\n<\/tr>\n<tr>\n<td>Merkmal Sitz<\/td>\n<td>Soft-Close-Sitz<\/td>\n<\/tr>\n<tr>\n<td>OEM- und ODM-Dienstleistungen<\/td>\n<td>Kundenspezifisches Logo, Farben, Verpackungen, Produktformen und Funktionen verf\u00fcgbar<\/td>\n<\/tr>\n<tr>\n<td>Entw\u00e4sserung Typ<\/td>\n<td>P-Falle: 180mm<\/td>\n<\/tr>\n<tr>\n<td>MOQ<\/td>\n<td>50 St\u00fcck, flexibel f\u00fcr weitere Diskussionen<\/td>\n<\/tr>\n<\/tbody>\n<\/table>\n<p>&nbsp;<\/p>\n<p><script src=\"chrome-extension:\/\/fpelahbljekknahkcaegamhcndkfpfnc\/iFrame.js\" type=\"text\/javascript\"><\/script><\/p>\n<p>\n<script src=\"chrome-extension:\/\/fpelahbljekknahkcaegamhcndkfpfnc\/iFrame.js\" type=\"text\/javascript\"><\/script><\/p>","protected":false},"featured_media":1308,"comment_status":"closed","ping_status":"closed","template":"","meta":{"_acf_changed":false},"product_brand":[],"product_cat":[19],"product_tag":[],"class_list":{"0":"post-1307","1":"product","2":"type-product","3":"status-publish","4":"has-post-thumbnail","6":"product_cat-wholesale-wall-hung-toilets","8":"first","9":"instock","10":"shipping-taxable","11":"product-type-simple"},"acf":[],"_links":{"self":[{"href":"https:\/\/www.southvillabath.com\/de\/wp-json\/wp\/v2\/product\/1307","targetHints":{"allow":["GET"]}}],"collection":[{"href":"https:\/\/www.southvillabath.com\/de\/wp-json\/wp\/v2\/product"}],"about":[{"href":"https:\/\/www.southvillabath.com\/de\/wp-json\/wp\/v2\/types\/product"}],"replies":[{"embeddable":true,"href":"https:\/\/www.southvillabath.com\/de\/wp-json\/wp\/v2\/comments?post=1307"}],"wp:featuredmedia":[{"embeddable":true,"href":"https:\/\/www.southvillabath.com\/de\/wp-json\/wp\/v2\/media\/1308"}],"wp:attachment":[{"href":"https:\/\/www.southvillabath.com\/de\/wp-json\/wp\/v2\/media?parent=1307"}],"wp:term":[{"taxonomy":"product_brand","embeddable":true,"href":"https:\/\/www.southvillabath.com\/de\/wp-json\/wp\/v2\/product_brand?post=1307"},{"taxonomy":"product_cat","embeddable":true,"href":"https:\/\/www.southvillabath.com\/de\/wp-json\/wp\/v2\/product_cat?post=1307"},{"taxonomy":"product_tag","embeddable":true,"href":"https:\/\/www.southvillabath.com\/de\/wp-json\/wp\/v2\/product_tag?post=1307"}],"curies":[{"name":"wp","href":"https:\/\/api.w.org\/{rel}","templated":true}]}}