{"id":1304,"date":"2026-04-09T00:13:29","date_gmt":"2026-04-09T00:13:29","guid":{"rendered":"https:\/\/www.southvillabath.com\/?post_type=product&#038;p=1304"},"modified":"2026-04-09T07:55:40","modified_gmt":"2026-04-09T07:55:40","slug":"wholesale-high-end-new-style-wall-hung-toilet","status":"publish","type":"product","link":"https:\/\/www.southvillabath.com\/de\/product\/wholesale-high-end-new-style-wall-hung-toilet\/","title":{"rendered":"New Style Washdown Wand-WC SH-028 - High-End Wand-WC Hersteller"},"content":{"rendered":"<div class=\"wp-block-columns is-layout-flex wp-container-core-columns-is-layout-9d6595d7 wp-block-columns-is-layout-flex\">\n<div class=\"wp-block-column is-layout-flow wp-block-column-is-layout-flow\">\n<h3 class=\"wp-block-heading\">Wandh\u00e4ngende Toilette Merkmale<\/h3>\n\n\n\n<ul class=\"wp-block-list\">\n<li><strong>\u201cSchwebendes\u201d Design: <\/strong>Das wandh\u00e4ngende Profil des SH-028 schafft eine anspruchsvolle, schwerelose \u00c4sthetik. Da der Tank und die Rohrleitungen in der Wand verborgen sind, bietet er einen sauberen, aufger\u00e4umten Look - ein Markenzeichen f\u00fcr hochwertiges, luxuri\u00f6ses Innendesign.<\/li>\n\n\n\n<li><strong>Randlos Hygiene Eleganz: <\/strong>Das stromlinienf\u00f6rmige, randlose Innere eliminiert das \u00fcbliche und unhygienische Design herk\u00f6mmlicher Toiletten. Das Ergebnis ist eine glatte und durchgehende Innenfl\u00e4che, die sowohl \u00e4sthetisch ansprechend als auch leicht zu pflegen ist.<\/li>\n\n\n\n<li><strong>\u00dcberlegene selbstreinigende Glasur:<\/strong> Jedes Ger\u00e4t ist mit einer leistungsstarken, antibakteriellen, selbstreinigenden Glasur versehen. Diese sorgt daf\u00fcr, dass die Keramik makellos und fleckenunempfindlich bleibt und die hochwertige \u00c4sthetik des Produkts w\u00e4hrend seiner gesamten Lebensdauer erhalten bleibt.<\/li>\n\n\n\n<li><strong>Anpassbare OEM-Exzellenz:<\/strong> Als einer der f\u00fchrenden Anbieter von wandh\u00e4ngenden Toiletten bieten wir umfassende Anpassungsdienste (OEM\/ODM). Vom Branding bis zur exklusiven Farbanpassung bieten wir H\u00e4ndlern die Flexibilit\u00e4t, die sie f\u00fcr einzigartige und hochwertige Produkte ben\u00f6tigen.<\/li>\n<\/ul>\n<\/div>\n\n\n\n<div class=\"wp-block-column is-layout-flow wp-block-column-is-layout-flow\">\n<figure class=\"wp-block-image size-full\"><img decoding=\"async\" width=\"1347\" height=\"1149\" src=\"https:\/\/www.southvillabath.com\/wp-content\/uploads\/2026\/04\/Wholesale-Wall-hung-Toilet-SH-028-2.jpg\" alt=\"\" class=\"wp-image-1306\" srcset=\"https:\/\/www.southvillabath.com\/wp-content\/uploads\/2026\/04\/Wholesale-Wall-hung-Toilet-SH-028-2.jpg 1347w, https:\/\/www.southvillabath.com\/wp-content\/uploads\/2026\/04\/Wholesale-Wall-hung-Toilet-SH-028-2-300x256.jpg 300w, https:\/\/www.southvillabath.com\/wp-content\/uploads\/2026\/04\/Wholesale-Wall-hung-Toilet-SH-028-2-768x655.jpg 768w, https:\/\/www.southvillabath.com\/wp-content\/uploads\/2026\/04\/Wholesale-Wall-hung-Toilet-SH-028-2-14x12.jpg 14w, https:\/\/www.southvillabath.com\/wp-content\/uploads\/2026\/04\/Wholesale-Wall-hung-Toilet-SH-028-2-1200x1024.jpg 1200w, https:\/\/www.southvillabath.com\/wp-content\/uploads\/2026\/04\/Wholesale-Wall-hung-Toilet-SH-028-2-600x512.jpg 600w\" sizes=\"(max-width: 1347px) 100vw, 1347px\" \/><\/figure>\n<\/div>\n<\/div>","protected":false},"excerpt":{"rendered":"<p>Die SH-028 stellt eine perfekte Verbindung von elegantem Design und Funktionalit\u00e4t dar. Er verst\u00e4rkt effektiv das Gef\u00fchl von Gro\u00dfz\u00fcgigkeit und Helligkeit in einem Raum. Sein anmutig geschwungenes Design ist nicht nur optisch ansprechend, sondern bietet auch ein hervorragendes haptisches Erlebnis. Der SH-028 ist aus hochwertigen Materialien gefertigt und wird in einem strengen Verfahren hergestellt, so dass er auch nach jahrelangem, anspruchsvollem Gebrauch seine hochwertige Ausstrahlung beh\u00e4lt.<\/p>\n<p>Kontaktieren Sie uns f\u00fcr ein Gro\u00dfhandelsangebot f\u00fcr Toiletten.<\/p>\n<h2><strong><b>Wandh\u00e4ngende Toilette <\/b><\/strong><strong><b>Spezifikation<\/b><\/strong><\/h2>\n<table>\n<tbody>\n<tr>\n<td><strong><b>Spezifikation<\/b><\/strong><\/td>\n<td><strong><b>Einzelheiten<\/b><\/strong><\/td>\n<\/tr>\n<tr>\n<td>Modell<\/td>\n<td>SH-028<\/td>\n<\/tr>\n<tr>\n<td>Toilette Typ<\/td>\n<td>Wandh\u00e4ngende Toilette<\/td>\n<\/tr>\n<tr>\n<td>Gr\u00f6\u00dfe<\/td>\n<td>530mm x 380mm x 510mm<\/td>\n<\/tr>\n<tr>\n<td>Flush-System<\/td>\n<td>Waschbar Randlos<\/td>\n<\/tr>\n<tr>\n<td>Merkmal Sitz<\/td>\n<td>Soft-Close-Sitz<\/td>\n<\/tr>\n<tr>\n<td>OEM- und ODM-Dienstleistungen<\/td>\n<td>Kundenspezifisches Logo, Farben, Verpackungen, Produktformen und Funktionen verf\u00fcgbar<\/td>\n<\/tr>\n<tr>\n<td>Entw\u00e4sserung Typ<\/td>\n<td>P-Falle: 180mm<\/td>\n<\/tr>\n<tr>\n<td>MOQ<\/td>\n<td>50 St\u00fcck, flexibel f\u00fcr weitere Diskussionen<\/td>\n<\/tr>\n<\/tbody>\n<\/table>\n<p>&nbsp;<\/p>\n<p>\n<script src=\"chrome-extension:\/\/fpelahbljekknahkcaegamhcndkfpfnc\/iFrame.js\" type=\"text\/javascript\"><\/script><\/p>","protected":false},"featured_media":1305,"comment_status":"closed","ping_status":"closed","template":"","meta":{"_acf_changed":false},"product_brand":[],"product_cat":[19],"product_tag":[],"class_list":{"0":"post-1304","1":"product","2":"type-product","3":"status-publish","4":"has-post-thumbnail","6":"product_cat-wholesale-wall-hung-toilets","8":"first","9":"instock","10":"shipping-taxable","11":"product-type-simple"},"acf":[],"_links":{"self":[{"href":"https:\/\/www.southvillabath.com\/de\/wp-json\/wp\/v2\/product\/1304","targetHints":{"allow":["GET"]}}],"collection":[{"href":"https:\/\/www.southvillabath.com\/de\/wp-json\/wp\/v2\/product"}],"about":[{"href":"https:\/\/www.southvillabath.com\/de\/wp-json\/wp\/v2\/types\/product"}],"replies":[{"embeddable":true,"href":"https:\/\/www.southvillabath.com\/de\/wp-json\/wp\/v2\/comments?post=1304"}],"wp:featuredmedia":[{"embeddable":true,"href":"https:\/\/www.southvillabath.com\/de\/wp-json\/wp\/v2\/media\/1305"}],"wp:attachment":[{"href":"https:\/\/www.southvillabath.com\/de\/wp-json\/wp\/v2\/media?parent=1304"}],"wp:term":[{"taxonomy":"product_brand","embeddable":true,"href":"https:\/\/www.southvillabath.com\/de\/wp-json\/wp\/v2\/product_brand?post=1304"},{"taxonomy":"product_cat","embeddable":true,"href":"https:\/\/www.southvillabath.com\/de\/wp-json\/wp\/v2\/product_cat?post=1304"},{"taxonomy":"product_tag","embeddable":true,"href":"https:\/\/www.southvillabath.com\/de\/wp-json\/wp\/v2\/product_tag?post=1304"}],"curies":[{"name":"wp","href":"https:\/\/api.w.org\/{rel}","templated":true}]}}