{"id":1301,"date":"2026-04-09T00:20:16","date_gmt":"2026-04-09T00:20:16","guid":{"rendered":"https:\/\/www.southvillabath.com\/?post_type=product&#038;p=1301"},"modified":"2026-04-09T07:34:14","modified_gmt":"2026-04-09T07:34:14","slug":"wholesale-egg-shaped-wall-hung-toilets","status":"publish","type":"product","link":"https:\/\/www.southvillabath.com\/de\/product\/wholesale-egg-shaped-wall-hung-toilets\/","title":{"rendered":"Gro\u00dfhandel Ei-f\u00f6rmige wandh\u00e4ngende Toilette SH-025 - Flie\u00dfende Kurven Design"},"content":{"rendered":"<div class=\"wp-block-columns is-layout-flex wp-container-core-columns-is-layout-9d6595d7 wp-block-columns-is-layout-flex\">\n<div class=\"wp-block-column is-layout-flow wp-block-column-is-layout-flow\">\n<h3 class=\"wp-block-heading\">Wandh\u00e4ngende Toilette Merkmale<\/h3>\n\n\n\n<ul class=\"wp-block-list\">\n<li><strong>Elegantes Design: <\/strong>Der SH-025 zeichnet sich durch eine einzigartige, abgerundete \u201cEi\u201d-Form aus. Seine weichen, flie\u00dfenden Linien eignen sich perfekt f\u00fcr moderne B\u00e4der der gehobenen Klasse und machen ihn zu einem idealen Premiumprodukt.<\/li>\n\n\n\n<li><strong>Nahtlose \u00e4sthetische Integration:<\/strong> Das f\u00fcr ein verdecktes Tanksystem konzipierte Design, die wandh\u00e4ngende Anordnung und die verdeckten Befestigungen sorgen f\u00fcr ein sauberes, schwebendes Aussehen.<\/li>\n\n\n\n<li><strong>Kundenspezifisches Design (OEM\/ODM) Flexibilit\u00e4t: <\/strong>Unsere Fabrik zeichnet sich dadurch aus, dass sie Design-Visionen in die Realit\u00e4t umsetzt. Wir bieten Gro\u00dfabnehmern die M\u00f6glichkeit, Oberfl\u00e4chen individuell zu gestalten oder ein eigenes Branding aufzubringen.<\/li>\n<\/ul>\n<\/div>\n\n\n\n<div class=\"wp-block-column is-layout-flow wp-block-column-is-layout-flow\">\n<figure class=\"wp-block-image size-full\"><img decoding=\"async\" width=\"1536\" height=\"1194\" src=\"https:\/\/www.southvillabath.com\/wp-content\/uploads\/2026\/04\/Wholesale-Wall-hung-Toilet-SH-025-2.jpg\" alt=\"\" class=\"wp-image-1303\" srcset=\"https:\/\/www.southvillabath.com\/wp-content\/uploads\/2026\/04\/Wholesale-Wall-hung-Toilet-SH-025-2.jpg 1536w, https:\/\/www.southvillabath.com\/wp-content\/uploads\/2026\/04\/Wholesale-Wall-hung-Toilet-SH-025-2-300x233.jpg 300w, https:\/\/www.southvillabath.com\/wp-content\/uploads\/2026\/04\/Wholesale-Wall-hung-Toilet-SH-025-2-768x597.jpg 768w, https:\/\/www.southvillabath.com\/wp-content\/uploads\/2026\/04\/Wholesale-Wall-hung-Toilet-SH-025-2-15x12.jpg 15w, https:\/\/www.southvillabath.com\/wp-content\/uploads\/2026\/04\/Wholesale-Wall-hung-Toilet-SH-025-2-1200x933.jpg 1200w, https:\/\/www.southvillabath.com\/wp-content\/uploads\/2026\/04\/Wholesale-Wall-hung-Toilet-SH-025-2-600x466.jpg 600w\" sizes=\"(max-width: 1536px) 100vw, 1536px\" \/><\/figure>\n<\/div>\n<\/div>","protected":false},"excerpt":{"rendered":"<p>Eif\u00f6rmige wandh\u00e4ngende Toilette f\u00fcr den Gro\u00dfhandel. Diese wandh\u00e4ngende Toilette l\u00f6st sich von den traditionellen eckigen Konturen und schafft eine flie\u00dfende, organische Form, die den zeitgen\u00f6ssischen Badtrends entspricht. Das Design erzielt einen \u201cschwebenden\u201d Effekt, der dem Badezimmer ein Gef\u00fchl von Leichtigkeit und Gelassenheit verleiht. Diese flie\u00dfenden, kontinuierlichen Kurven sind nicht nur ein optischer Triumph, sondern auch \u00e4u\u00dferst praktisch, da sie die staubansammelnden Spalten beseitigen, die bei Standardmodellen typisch sind. Kontaktieren Sie uns f\u00fcr ein unverbindliches Angebot.<\/p>\n<h2><strong><b>Wandh\u00e4ngende Toilette <\/b><\/strong><strong><b>Spezifikation<\/b><\/strong><\/h2>\n<table>\n<tbody>\n<tr>\n<td><strong><b>Spezifikation<\/b><\/strong><\/td>\n<td><strong><b>Einzelheiten<\/b><\/strong><\/td>\n<\/tr>\n<tr>\n<td>Modell<\/td>\n<td>SH-025<\/td>\n<\/tr>\n<tr>\n<td>Toilette Typ<\/td>\n<td>Wandh\u00e4ngende Toilette<\/td>\n<\/tr>\n<tr>\n<td>Gr\u00f6\u00dfe<\/td>\n<td>475mm x 450mm x 355mm<\/td>\n<\/tr>\n<tr>\n<td>Flush-System<\/td>\n<td>Waschbar Randlos<\/td>\n<\/tr>\n<tr>\n<td>Merkmal Sitz<\/td>\n<td>Soft-Close-Sitz<\/td>\n<\/tr>\n<tr>\n<td>OEM- und ODM-Dienstleistungen<\/td>\n<td>Kundenspezifisches Logo, Farben, Verpackungen, Produktformen und Funktionen verf\u00fcgbar<\/td>\n<\/tr>\n<tr>\n<td>Entw\u00e4sserung Typ<\/td>\n<td>P-Falle: 180mm<\/td>\n<\/tr>\n<tr>\n<td>MOQ<\/td>\n<td>50 St\u00fcck, flexibel f\u00fcr weitere Diskussionen<\/td>\n<\/tr>\n<\/tbody>\n<\/table>\n<p>\n<script src=\"chrome-extension:\/\/fpelahbljekknahkcaegamhcndkfpfnc\/iFrame.js\" type=\"text\/javascript\"><\/script><\/p>","protected":false},"featured_media":1302,"comment_status":"closed","ping_status":"closed","template":"","meta":{"_acf_changed":false},"product_brand":[],"product_cat":[19],"product_tag":[],"class_list":{"0":"post-1301","1":"product","2":"type-product","3":"status-publish","4":"has-post-thumbnail","6":"product_cat-wholesale-wall-hung-toilets","8":"first","9":"instock","10":"shipping-taxable","11":"product-type-simple"},"acf":[],"_links":{"self":[{"href":"https:\/\/www.southvillabath.com\/de\/wp-json\/wp\/v2\/product\/1301","targetHints":{"allow":["GET"]}}],"collection":[{"href":"https:\/\/www.southvillabath.com\/de\/wp-json\/wp\/v2\/product"}],"about":[{"href":"https:\/\/www.southvillabath.com\/de\/wp-json\/wp\/v2\/types\/product"}],"replies":[{"embeddable":true,"href":"https:\/\/www.southvillabath.com\/de\/wp-json\/wp\/v2\/comments?post=1301"}],"wp:featuredmedia":[{"embeddable":true,"href":"https:\/\/www.southvillabath.com\/de\/wp-json\/wp\/v2\/media\/1302"}],"wp:attachment":[{"href":"https:\/\/www.southvillabath.com\/de\/wp-json\/wp\/v2\/media?parent=1301"}],"wp:term":[{"taxonomy":"product_brand","embeddable":true,"href":"https:\/\/www.southvillabath.com\/de\/wp-json\/wp\/v2\/product_brand?post=1301"},{"taxonomy":"product_cat","embeddable":true,"href":"https:\/\/www.southvillabath.com\/de\/wp-json\/wp\/v2\/product_cat?post=1301"},{"taxonomy":"product_tag","embeddable":true,"href":"https:\/\/www.southvillabath.com\/de\/wp-json\/wp\/v2\/product_tag?post=1301"}],"curies":[{"name":"wp","href":"https:\/\/api.w.org\/{rel}","templated":true}]}}