{"id":1298,"date":"2026-04-09T00:42:41","date_gmt":"2026-04-09T00:42:41","guid":{"rendered":"https:\/\/www.southvillabath.com\/?post_type=product&#038;p=1298"},"modified":"2026-04-09T07:10:24","modified_gmt":"2026-04-09T07:10:24","slug":"wholesale-rimless-wall-hung-toilet-in-bulk","status":"publish","type":"product","link":"https:\/\/www.southvillabath.com\/de\/product\/wholesale-rimless-wall-hung-toilet-in-bulk\/","title":{"rendered":"Gro\u00dfhandel Rimless wandh\u00e4ngende Toilette - SH-013 - Bulk Modern Toilet Supply"},"content":{"rendered":"<div class=\"wp-block-columns is-layout-flex wp-container-core-columns-is-layout-9d6595d7 wp-block-columns-is-layout-flex\">\n<div class=\"wp-block-column is-layout-flow wp-block-column-is-layout-flow\">\n<h3 class=\"wp-block-heading\">Wandh\u00e4ngende Toilette Merkmale<\/h3>\n\n\n\n<ul class=\"wp-block-list\">\n<li><strong>Hygienische rahmenlose Technologie:<\/strong> Das fortschrittliche randlose Design sorgt f\u00fcr eine leichter zu reinigende Toilettensch\u00fcssel und verhindert die Ablagerung von Bakterien und Schmutz - ein starkes Verkaufsargument f\u00fcr hygienebewusste Kunden.<\/li>\n\n\n\n<li><strong>Platzsparendes wandh\u00e4ngendes Design:<\/strong> Die Wandinstallation bietet ein elegantes, minimalistisches Aussehen, maximiert die Bodenfl\u00e4che und erleichtert die Reinigung, wodurch sie sich perfekt f\u00fcr moderne Wohnungen und Gesch\u00e4ftsgeb\u00e4ude eignet.<\/li>\n\n\n\n<li><strong>Moderne D-f\u00f6rmige \u00c4sthetik:<\/strong> Die elegante D-Form bietet eine zeitgem\u00e4\u00dfe Anmutung, die sich nahtlos in eine Vielzahl von Badeinrichtungen einf\u00fcgt und bei Architekten und Hausbesitzern gleicherma\u00dfen beliebt ist.<\/li>\n\n\n\n<li><strong>OEM\/ODM-Anpassung f\u00fcr Gro\u00dfbestellungen:<\/strong> Wir bieten einen umfassenden Service f\u00fcr Gro\u00dfhandelsbestellungen an, der es Ihnen erm\u00f6glicht, das Produkt mit Ihrem Branding und Ihren spezifischen Merkmalen zu versehen, um sich auf Ihrem Markt abzuheben.<\/li>\n<\/ul>\n<\/div>\n\n\n\n<div class=\"wp-block-column is-layout-flow wp-block-column-is-layout-flow\">\n<figure class=\"wp-block-image size-full\"><img decoding=\"async\" width=\"1213\" height=\"736\" src=\"https:\/\/www.southvillabath.com\/wp-content\/uploads\/2026\/04\/Wholesale-Wall-hung-Toilet-SH-013-2.jpg\" alt=\"\" class=\"wp-image-1300\" srcset=\"https:\/\/www.southvillabath.com\/wp-content\/uploads\/2026\/04\/Wholesale-Wall-hung-Toilet-SH-013-2.jpg 1213w, https:\/\/www.southvillabath.com\/wp-content\/uploads\/2026\/04\/Wholesale-Wall-hung-Toilet-SH-013-2-300x182.jpg 300w, https:\/\/www.southvillabath.com\/wp-content\/uploads\/2026\/04\/Wholesale-Wall-hung-Toilet-SH-013-2-768x466.jpg 768w, https:\/\/www.southvillabath.com\/wp-content\/uploads\/2026\/04\/Wholesale-Wall-hung-Toilet-SH-013-2-18x12.jpg 18w, https:\/\/www.southvillabath.com\/wp-content\/uploads\/2026\/04\/Wholesale-Wall-hung-Toilet-SH-013-2-1200x728.jpg 1200w, https:\/\/www.southvillabath.com\/wp-content\/uploads\/2026\/04\/Wholesale-Wall-hung-Toilet-SH-013-2-600x364.jpg 600w\" sizes=\"(max-width: 1213px) 100vw, 1213px\" \/><\/figure>\n<\/div>\n<\/div>","protected":false},"excerpt":{"rendered":"<p data-pm-slice=\"0 0 []\">Gro\u00dfhandel: Modernes, hochwertiges wandh\u00e4ngendes WC (Modell SH-013). Diese aus hochwertiger, langlebiger Keramik gefertigte Einheit ist auf Langlebigkeit und Wartungsfreundlichkeit ausgelegt und eignet sich daher sowohl f\u00fcr private als auch f\u00fcr gewerbliche Projekte.<\/p>\n<p>Als Fachmann <a href=\"https:\/\/www.southvillabath.com\/de\/\" target=\"_blank\" rel=\"noopener\"><strong>Toilettenhersteller<\/strong><\/a>, bieten wir B2B-Partnern weltweit umfassenden OEM- und ODM-Support.<\/p>\n<h2><strong><b>Wandh\u00e4ngende Toilette <\/b><\/strong><strong><b>Spezifikation<\/b><\/strong><\/h2>\n<table>\n<tbody>\n<tr>\n<td><strong><b>Spezifikation<\/b><\/strong><\/td>\n<td><strong><b>Einzelheiten<\/b><\/strong><\/td>\n<\/tr>\n<tr>\n<td>Modell<\/td>\n<td>SH-013<\/td>\n<\/tr>\n<tr>\n<td>Toilette Typ<\/td>\n<td>Wandh\u00e4ngende Toilette<\/td>\n<\/tr>\n<tr>\n<td>Gr\u00f6\u00dfe<\/td>\n<td>570mm x 390mm x 365mm<\/td>\n<\/tr>\n<tr>\n<td>Flush-System<\/td>\n<td>Waschbar Randlos<\/td>\n<\/tr>\n<tr>\n<td>Merkmal Sitz<\/td>\n<td>Soft-Close-Sitz<\/td>\n<\/tr>\n<tr>\n<td>OEM- und ODM-Dienstleistungen<\/td>\n<td>Kundenspezifisches Logo, Farben, Verpackungen, Produktformen und Funktionen verf\u00fcgbar<\/td>\n<\/tr>\n<tr>\n<td>Entw\u00e4sserung Typ<\/td>\n<td>P-Falle: 180mm<\/td>\n<\/tr>\n<tr>\n<td>MOQ<\/td>\n<td>50 St\u00fcck, flexibel f\u00fcr weitere Diskussionen<\/td>\n<\/tr>\n<\/tbody>\n<\/table>\n<p>&nbsp;<\/p>\n<p>\n<script src=\"chrome-extension:\/\/fpelahbljekknahkcaegamhcndkfpfnc\/iFrame.js\" type=\"text\/javascript\"><\/script><\/p>","protected":false},"featured_media":1299,"comment_status":"closed","ping_status":"closed","template":"","meta":{"_acf_changed":false},"product_brand":[],"product_cat":[19],"product_tag":[],"class_list":{"0":"post-1298","1":"product","2":"type-product","3":"status-publish","4":"has-post-thumbnail","6":"product_cat-wholesale-wall-hung-toilets","8":"first","9":"instock","10":"shipping-taxable","11":"product-type-simple"},"acf":[],"_links":{"self":[{"href":"https:\/\/www.southvillabath.com\/de\/wp-json\/wp\/v2\/product\/1298","targetHints":{"allow":["GET"]}}],"collection":[{"href":"https:\/\/www.southvillabath.com\/de\/wp-json\/wp\/v2\/product"}],"about":[{"href":"https:\/\/www.southvillabath.com\/de\/wp-json\/wp\/v2\/types\/product"}],"replies":[{"embeddable":true,"href":"https:\/\/www.southvillabath.com\/de\/wp-json\/wp\/v2\/comments?post=1298"}],"wp:featuredmedia":[{"embeddable":true,"href":"https:\/\/www.southvillabath.com\/de\/wp-json\/wp\/v2\/media\/1299"}],"wp:attachment":[{"href":"https:\/\/www.southvillabath.com\/de\/wp-json\/wp\/v2\/media?parent=1298"}],"wp:term":[{"taxonomy":"product_brand","embeddable":true,"href":"https:\/\/www.southvillabath.com\/de\/wp-json\/wp\/v2\/product_brand?post=1298"},{"taxonomy":"product_cat","embeddable":true,"href":"https:\/\/www.southvillabath.com\/de\/wp-json\/wp\/v2\/product_cat?post=1298"},{"taxonomy":"product_tag","embeddable":true,"href":"https:\/\/www.southvillabath.com\/de\/wp-json\/wp\/v2\/product_tag?post=1298"}],"curies":[{"name":"wp","href":"https:\/\/api.w.org\/{rel}","templated":true}]}}