{"id":1281,"date":"2026-04-09T00:50:17","date_gmt":"2026-04-09T00:50:17","guid":{"rendered":"https:\/\/www.southvillabath.com\/?post_type=product&#038;p=1281"},"modified":"2026-04-09T03:37:48","modified_gmt":"2026-04-09T03:37:48","slug":"wholesale-washdown-wall-hung-toilet","status":"publish","type":"product","link":"https:\/\/www.southvillabath.com\/de\/product\/wholesale-washdown-wall-hung-toilet\/","title":{"rendered":"Wholesale Washdown Wall-hung Toilet SH-008 - Minimalistische und platzsparende Toilette"},"content":{"rendered":"<div class=\"wp-block-columns is-layout-flex wp-container-core-columns-is-layout-9d6595d7 wp-block-columns-is-layout-flex\">\n<div class=\"wp-block-column is-layout-flow wp-block-column-is-layout-flow\">\n<h3 class=\"wp-block-heading\">Wandh\u00e4ngende Toilette Merkmale<\/h3>\n\n\n\n<ul class=\"wp-block-list\">\n<li><strong>Modernes wandmontiertes Design:<\/strong> Die schwebende \u00c4sthetik der SH-008 schafft eine moderne und ger\u00e4umige Atmosph\u00e4re im Bad und spricht damit sowohl Designer als auch Verbraucher an, die Wert auf eine hochwertige, minimalistische Inneneinrichtung legen.<\/li>\n\n\n\n<li><strong>Platzsparende Abmessungen: <\/strong>Mit einer L\u00e4nge von nur 540 mm ist dieses Modell speziell f\u00fcr die Platzoptimierung konzipiert. Es ist die ideale L\u00f6sung f\u00fcr moderne B\u00e4der und gewerbliche Toiletten.<\/li>\n\n\n\n<li><strong>Zertifizierte Qualit\u00e4t f\u00fcr den globalen Handel: <\/strong>Der SH-008 ist CE-zertifiziert, was den Importprozess f\u00fcr Gro\u00dfh\u00e4ndler vereinfacht.<\/li>\n\n\n\n<li><strong>Werksdirekte Anpassung (OEM\/ODM): <\/strong>Als spezialisierter Toilettenhersteller bieten wir flexible Fertigungsl\u00f6sungen an, die Sie beim Aufbau Ihrer Marke unterst\u00fctzen - einschlie\u00dflich der Platzierung eines individuellen Logos, der Anpassung von Einzelhandelsverpackungen und vielem mehr - und so die Konsistenz der Lieferkette f\u00fcr Ihre langfristigen Projektanforderungen sicherstellen.<\/li>\n<\/ul>\n<\/div>\n\n\n\n<div class=\"wp-block-column is-layout-flow wp-block-column-is-layout-flow\">\n<figure class=\"wp-block-image size-full\"><img decoding=\"async\" width=\"1211\" height=\"750\" src=\"https:\/\/www.southvillabath.com\/wp-content\/uploads\/2026\/04\/Wholesale-Wall-hung-Toilet-SH-008-2.jpg\" alt=\"\" class=\"wp-image-1283\" srcset=\"https:\/\/www.southvillabath.com\/wp-content\/uploads\/2026\/04\/Wholesale-Wall-hung-Toilet-SH-008-2.jpg 1211w, https:\/\/www.southvillabath.com\/wp-content\/uploads\/2026\/04\/Wholesale-Wall-hung-Toilet-SH-008-2-300x186.jpg 300w, https:\/\/www.southvillabath.com\/wp-content\/uploads\/2026\/04\/Wholesale-Wall-hung-Toilet-SH-008-2-768x476.jpg 768w, https:\/\/www.southvillabath.com\/wp-content\/uploads\/2026\/04\/Wholesale-Wall-hung-Toilet-SH-008-2-18x12.jpg 18w, https:\/\/www.southvillabath.com\/wp-content\/uploads\/2026\/04\/Wholesale-Wall-hung-Toilet-SH-008-2-1200x743.jpg 1200w, https:\/\/www.southvillabath.com\/wp-content\/uploads\/2026\/04\/Wholesale-Wall-hung-Toilet-SH-008-2-600x372.jpg 600w\" sizes=\"(max-width: 1211px) 100vw, 1211px\" \/><\/figure>\n<\/div>\n<\/div>","protected":false},"excerpt":{"rendered":"<p data-pm-slice=\"0 0 []\">Gro\u00dfhandel f\u00fcr wandh\u00e4ngende Toiletten. Die wandh\u00e4ngende Toilette SH-008 ist eine hochentwickelte, platzsparende L\u00f6sung, die f\u00fcr den gehobenen kommerziellen und privaten Gro\u00dfhandelsmarkt entwickelt wurde. Die wandh\u00e4ngende Konfiguration bietet eine stilvolle und moderne \u00c4sthetik, die dem aktuellen Streben des Badezimmermarktes nach Minimalismus entspricht.<\/p>\n<p>Als Fachmann <a href=\"https:\/\/www.southvillabath.com\/de\/\" target=\"_blank\" rel=\"noopener\"><strong>Toilettenhersteller<\/strong><\/a>, bieten wir B2B-Partnern weltweit umfassenden OEM- und ODM-Support.<\/p>\n<h2><strong><b>Wandh\u00e4ngende Toilette <\/b><\/strong><strong><b>Spezifikation<\/b><\/strong><\/h2>\n<table>\n<tbody>\n<tr>\n<td><strong><b>Spezifikation<\/b><\/strong><\/td>\n<td><strong><b>Einzelheiten<\/b><\/strong><\/td>\n<\/tr>\n<tr>\n<td>Modell<\/td>\n<td>SH-008<\/td>\n<\/tr>\n<tr>\n<td>Toilette Typ<\/td>\n<td>Wandh\u00e4ngende Toilette<\/td>\n<\/tr>\n<tr>\n<td>Gr\u00f6\u00dfe<\/td>\n<td>515mm x 360mm x 360mm<\/td>\n<\/tr>\n<tr>\n<td>Flush-System<\/td>\n<td>Waschbar ohne Rand<\/td>\n<\/tr>\n<tr>\n<td>Merkmal Sitz<\/td>\n<td>Soft-Close-Sitz<\/td>\n<\/tr>\n<tr>\n<td>OEM- und ODM-Dienstleistungen<\/td>\n<td>Kundenspezifisches Logo, Farben, Verpackungen, Produktformen und Funktionen verf\u00fcgbar<\/td>\n<\/tr>\n<tr>\n<td>Entw\u00e4sserung Typ<\/td>\n<td>P-Falle: 180mm<\/td>\n<\/tr>\n<tr>\n<td>MOQ<\/td>\n<td>50 St\u00fcck, flexibel f\u00fcr weitere Diskussionen<\/td>\n<\/tr>\n<\/tbody>\n<\/table>\n<p>&nbsp;<\/p>\n<p><script src=\"chrome-extension:\/\/fpelahbljekknahkcaegamhcndkfpfnc\/iFrame.js\" type=\"text\/javascript\"><\/script><\/p>\n<p>\n<script src=\"chrome-extension:\/\/fpelahbljekknahkcaegamhcndkfpfnc\/iFrame.js\" type=\"text\/javascript\"><\/script><\/p>","protected":false},"featured_media":1282,"comment_status":"closed","ping_status":"closed","template":"","meta":{"_acf_changed":false},"product_brand":[],"product_cat":[19],"product_tag":[],"class_list":{"0":"post-1281","1":"product","2":"type-product","3":"status-publish","4":"has-post-thumbnail","6":"product_cat-wholesale-wall-hung-toilets","8":"first","9":"instock","10":"shipping-taxable","11":"product-type-simple"},"acf":[],"_links":{"self":[{"href":"https:\/\/www.southvillabath.com\/de\/wp-json\/wp\/v2\/product\/1281","targetHints":{"allow":["GET"]}}],"collection":[{"href":"https:\/\/www.southvillabath.com\/de\/wp-json\/wp\/v2\/product"}],"about":[{"href":"https:\/\/www.southvillabath.com\/de\/wp-json\/wp\/v2\/types\/product"}],"replies":[{"embeddable":true,"href":"https:\/\/www.southvillabath.com\/de\/wp-json\/wp\/v2\/comments?post=1281"}],"wp:featuredmedia":[{"embeddable":true,"href":"https:\/\/www.southvillabath.com\/de\/wp-json\/wp\/v2\/media\/1282"}],"wp:attachment":[{"href":"https:\/\/www.southvillabath.com\/de\/wp-json\/wp\/v2\/media?parent=1281"}],"wp:term":[{"taxonomy":"product_brand","embeddable":true,"href":"https:\/\/www.southvillabath.com\/de\/wp-json\/wp\/v2\/product_brand?post=1281"},{"taxonomy":"product_cat","embeddable":true,"href":"https:\/\/www.southvillabath.com\/de\/wp-json\/wp\/v2\/product_cat?post=1281"},{"taxonomy":"product_tag","embeddable":true,"href":"https:\/\/www.southvillabath.com\/de\/wp-json\/wp\/v2\/product_tag?post=1281"}],"curies":[{"name":"wp","href":"https:\/\/api.w.org\/{rel}","templated":true}]}}