{"id":1278,"date":"2026-04-09T00:54:33","date_gmt":"2026-04-09T00:54:33","guid":{"rendered":"https:\/\/www.southvillabath.com\/?post_type=product&#038;p=1278"},"modified":"2026-04-09T07:01:13","modified_gmt":"2026-04-09T07:01:13","slug":"factory-supply-custom-brand-toilet","status":"publish","type":"product","link":"https:\/\/www.southvillabath.com\/de\/product\/factory-supply-custom-brand-toilet\/","title":{"rendered":"Factory Supply Washdown Rimless Wall-hung Toilet SH-006 - Custom Brand &amp; OEM Hersteller"},"content":{"rendered":"<div class=\"wp-block-columns is-layout-flex wp-container-core-columns-is-layout-9d6595d7 wp-block-columns-is-layout-flex\">\n<div class=\"wp-block-column is-layout-flow wp-block-column-is-layout-flow\">\n<h3 class=\"wp-block-heading\">Wandh\u00e4ngende Toilette Merkmale<\/h3>\n\n\n\n<ul class=\"wp-block-list\">\n<li><strong>Leistungsstarke Keramik: <\/strong>Der SH-006 verf\u00fcgt \u00fcber eine hocheffiziente, randlose Sp\u00fclung, die versteckte Kanten eliminiert, und eine antibakterielle Glasur, die den Reinigungs- und Wartungsaufwand reduziert.<\/li>\n\n\n\n<li><strong>Umfassendes Custom Branding (OEM):<\/strong> Wir erm\u00f6glichen es unseren Partnern, ihre Markenpr\u00e4senz vollst\u00e4ndig zu individualisieren. Von ma\u00dfgeschneiderten Logos auf keramischen Scherben bis hin zu Markenrichtlinien und Verpackungen bietet unser Werk eine komplette White-Label-L\u00f6sung, die Ihre Marktidentit\u00e4t st\u00e4rkt.<\/li>\n\n\n\n<li><strong>Globale Exportbereitschaft:<\/strong> Wir unterst\u00fctzen Gro\u00dfimporteure durch strenge Qualit\u00e4tskontrollen und effiziente Logistik, damit Ihre Marke einen hervorragenden Ruf genie\u00dft.<\/li>\n<\/ul>\n<\/div>\n\n\n\n<div class=\"wp-block-column is-layout-flow wp-block-column-is-layout-flow\">\n<figure class=\"wp-block-image size-full\"><img decoding=\"async\" width=\"1211\" height=\"750\" src=\"https:\/\/www.southvillabath.com\/wp-content\/uploads\/2026\/04\/Wholesale-Wall-hung-Toilet-SH-006-2.jpg\" alt=\"\" class=\"wp-image-1280\" srcset=\"https:\/\/www.southvillabath.com\/wp-content\/uploads\/2026\/04\/Wholesale-Wall-hung-Toilet-SH-006-2.jpg 1211w, https:\/\/www.southvillabath.com\/wp-content\/uploads\/2026\/04\/Wholesale-Wall-hung-Toilet-SH-006-2-300x186.jpg 300w, https:\/\/www.southvillabath.com\/wp-content\/uploads\/2026\/04\/Wholesale-Wall-hung-Toilet-SH-006-2-768x476.jpg 768w, https:\/\/www.southvillabath.com\/wp-content\/uploads\/2026\/04\/Wholesale-Wall-hung-Toilet-SH-006-2-18x12.jpg 18w, https:\/\/www.southvillabath.com\/wp-content\/uploads\/2026\/04\/Wholesale-Wall-hung-Toilet-SH-006-2-1200x743.jpg 1200w, https:\/\/www.southvillabath.com\/wp-content\/uploads\/2026\/04\/Wholesale-Wall-hung-Toilet-SH-006-2-600x372.jpg 600w\" sizes=\"(max-width: 1211px) 100vw, 1211px\" \/><\/figure>\n<\/div>\n<\/div>","protected":false},"excerpt":{"rendered":"<p>Die SH-006 zeichnet sich durch ein schlankes, minimalistisches Design aus, in das eine Vielzahl fortschrittlicher Technologien integriert ist - darunter ein randloses Becken, eine antimikrobielle Verglasung und wassersparende Sp\u00fclsysteme - und ist damit das ideale Modell f\u00fcr die Entwicklung Ihrer eigenen Produktlinie.<\/p>\n<p>Als <a href=\"https:\/\/www.southvillabath.com\/de\/about-us\/\" target=\"_blank\" rel=\"noopener\"><strong>Toilettenfabrik<\/strong><\/a>, Wir sind uns der entscheidenden Bedeutung des Markenwerts f\u00fcr Gro\u00dfh\u00e4ndler und Gro\u00dfimporteure voll bewusst. Wir haben den hervorragend gestalteten SH-006 eingef\u00fchrt, um eine nahtlose Markenintegration und -anpassung f\u00fcr Ihr Unternehmen zu erm\u00f6glichen. Wir bieten eine umfassende Unterst\u00fctzung, die von lasergraviertem Logo-Branding und kundenspezifischem Verpackungsdesign f\u00fcr den Einzelhandel bis hin zu umfassenderen, detaillierten ODM- und OEM-Dienstleistungen reicht.<\/p>\n<p>Wenden Sie sich noch heute an uns, um Angebote von Gro\u00dfh\u00e4ndlern und Fachleuten zu erhalten. <a href=\"https:\/\/www.southvillabath.com\/de\/custom-toilet-service\/\" target=\"_blank\" rel=\"noopener\"><strong>individuelle Toilettenl\u00f6sungen<\/strong><\/a>.<\/p>\n<h2><strong><b>Wandh\u00e4ngende Toilette <\/b><\/strong><strong><b>Spezifikation<\/b><\/strong><\/h2>\n<table>\n<tbody>\n<tr>\n<td><strong><b>Spezifikation<\/b><\/strong><\/td>\n<td><strong><b>Einzelheiten<\/b><\/strong><\/td>\n<\/tr>\n<tr>\n<td>Modell<\/td>\n<td>SH-006<\/td>\n<\/tr>\n<tr>\n<td>Toilette Typ<\/td>\n<td>Wandh\u00e4ngende Toilette<\/td>\n<\/tr>\n<tr>\n<td>Gr\u00f6\u00dfe<\/td>\n<td>515mm x 360mm x 360mm<\/td>\n<\/tr>\n<tr>\n<td>Flush-System<\/td>\n<td>Waschbar ohne Rand<\/td>\n<\/tr>\n<tr>\n<td>Merkmal Sitz<\/td>\n<td>Soft-Close-Sitz<\/td>\n<\/tr>\n<tr>\n<td>OEM- und ODM-Dienstleistungen<\/td>\n<td>Kundenspezifisches Logo, Farben, Verpackungen, Produktformen und Funktionen verf\u00fcgbar<\/td>\n<\/tr>\n<tr>\n<td>Entw\u00e4sserung Typ<\/td>\n<td>P-Falle:180mm<\/td>\n<\/tr>\n<tr>\n<td>MOQ<\/td>\n<td>50 St\u00fcck, flexibel f\u00fcr weitere Diskussionen<\/td>\n<\/tr>\n<\/tbody>\n<\/table>\n<p>&nbsp;<\/p>\n<p>\n<script src=\"chrome-extension:\/\/fpelahbljekknahkcaegamhcndkfpfnc\/iFrame.js\" type=\"text\/javascript\"><\/script><\/p>","protected":false},"featured_media":1279,"comment_status":"closed","ping_status":"closed","template":"","meta":{"_acf_changed":false},"product_brand":[],"product_cat":[19],"product_tag":[],"class_list":{"0":"post-1278","1":"product","2":"type-product","3":"status-publish","4":"has-post-thumbnail","6":"product_cat-wholesale-wall-hung-toilets","8":"first","9":"instock","10":"shipping-taxable","11":"product-type-simple"},"acf":[],"_links":{"self":[{"href":"https:\/\/www.southvillabath.com\/de\/wp-json\/wp\/v2\/product\/1278","targetHints":{"allow":["GET"]}}],"collection":[{"href":"https:\/\/www.southvillabath.com\/de\/wp-json\/wp\/v2\/product"}],"about":[{"href":"https:\/\/www.southvillabath.com\/de\/wp-json\/wp\/v2\/types\/product"}],"replies":[{"embeddable":true,"href":"https:\/\/www.southvillabath.com\/de\/wp-json\/wp\/v2\/comments?post=1278"}],"wp:featuredmedia":[{"embeddable":true,"href":"https:\/\/www.southvillabath.com\/de\/wp-json\/wp\/v2\/media\/1279"}],"wp:attachment":[{"href":"https:\/\/www.southvillabath.com\/de\/wp-json\/wp\/v2\/media?parent=1278"}],"wp:term":[{"taxonomy":"product_brand","embeddable":true,"href":"https:\/\/www.southvillabath.com\/de\/wp-json\/wp\/v2\/product_brand?post=1278"},{"taxonomy":"product_cat","embeddable":true,"href":"https:\/\/www.southvillabath.com\/de\/wp-json\/wp\/v2\/product_cat?post=1278"},{"taxonomy":"product_tag","embeddable":true,"href":"https:\/\/www.southvillabath.com\/de\/wp-json\/wp\/v2\/product_tag?post=1278"}],"curies":[{"name":"wp","href":"https:\/\/api.w.org\/{rel}","templated":true}]}}