{"id":1274,"date":"2026-04-09T00:45:27","date_gmt":"2026-04-09T00:45:27","guid":{"rendered":"https:\/\/www.southvillabath.com\/?post_type=product&#038;p=1274"},"modified":"2026-04-09T03:38:31","modified_gmt":"2026-04-09T03:38:31","slug":"wholesale-modern-square-shape-wall-hung-toilet","status":"publish","type":"product","link":"https:\/\/www.southvillabath.com\/de\/product\/wholesale-modern-square-shape-wall-hung-toilet\/","title":{"rendered":"Gro\u00dfhandel Moderne quadratische Form wandh\u00e4ngende Toilette SH-010- Large-Size Wall Hung Toilette"},"content":{"rendered":"<div class=\"wp-block-columns is-layout-flex wp-container-core-columns-is-layout-9d6595d7 wp-block-columns-is-layout-flex\">\n<div class=\"wp-block-column is-layout-flow wp-block-column-is-layout-flow\">\n<h3 class=\"wp-block-heading\">Wandh\u00e4ngende Toilette Merkmale<\/h3>\n\n\n\n<ul class=\"wp-block-list\">\n<li><strong>Platzsparend und zeitgem\u00e4\u00dfes Design: <\/strong>Da die Toilette wandh\u00e4ngend ist, verf\u00fcgt sie \u00fcber ein verdecktes Tanksystem (in die Wand eingebaut). Dadurch entsteht ein schwebender Effekt, der kleine B\u00e4der deutlich gr\u00f6\u00dfer und offener wirken l\u00e4sst.<\/li>\n\n\n\n<li><strong>Verbesserte Hygiene und einfache Wartung: <\/strong>Der erh\u00f6hte Einbau erm\u00f6glicht einen vollst\u00e4ndigen Zugang zum Boden unter der Toilette, was die t\u00e4gliche Reinigung vereinfacht und versteckte Staubstellen beseitigt.<\/li>\n\n\n\n<li><strong>Hocheffiziente Waschstrahlsp\u00fclung:<\/strong> Die Toilette ist mit einem fortschrittlichen Sp\u00fclstrahlsystem ausgestattet und bietet eine starke und direkte Sp\u00fclleistung. Sie entfernt Abf\u00e4lle effizient und mit geringerem Verstopfungsrisiko, w\u00e4hrend der Sp\u00fclzyklus k\u00fcrzer und leiser ist.<\/li>\n\n\n\n<li><strong>Bequemes, gro\u00dfformatiges Design:<\/strong> Im Gegensatz zu vielen kompakten wandh\u00e4ngenden Modellen verf\u00fcgt die SH-010 \u00fcber ein gr\u00f6\u00dferes Becken (555 mm Tiefe), das einen h\u00f6heren Sitzkomfort bietet, vergleichbar mit den Standard-Toiletten mit verl\u00e4ngertem Becken.<\/li>\n\n\n\n<li><strong>Zuverl\u00e4ssige und standardisierte Technik:<\/strong>Das Produkt ist CE-zertifiziert, was die Einhaltung der europ\u00e4ischen Sicherheits- und Qualit\u00e4tsstandards gew\u00e4hrleistet. Seine 180-mm-P-Siphon-Konfiguration ist weitgehend kompatibel mit den g\u00e4ngigen Unterputz-Tr\u00e4gersystemen und erm\u00f6glicht eine einfache Integration und Installation.<\/li>\n\n\n\n<li><strong>OEM- und ODM-Anpassungsm\u00f6glichkeiten: <\/strong>Wir bieten einen umfassenden OEM- und ODM-Service, der kundenspezifische Designs, Logos, Verpackungen, Abmessungen, Sp\u00fclsysteme und Glasoberfl\u00e4chen unterst\u00fctzt.<\/li>\n<\/ul>\n<\/div>\n\n\n\n<div class=\"wp-block-column is-layout-flow wp-block-column-is-layout-flow\">\n<figure class=\"wp-block-image size-full\"><img decoding=\"async\" width=\"1214\" height=\"737\" src=\"https:\/\/www.southvillabath.com\/wp-content\/uploads\/2026\/04\/Wholesale-Wall-Hung-Toilet-SH-010-2.jpg\" alt=\"\" class=\"wp-image-1291\" srcset=\"https:\/\/www.southvillabath.com\/wp-content\/uploads\/2026\/04\/Wholesale-Wall-Hung-Toilet-SH-010-2.jpg 1214w, https:\/\/www.southvillabath.com\/wp-content\/uploads\/2026\/04\/Wholesale-Wall-Hung-Toilet-SH-010-2-300x182.jpg 300w, https:\/\/www.southvillabath.com\/wp-content\/uploads\/2026\/04\/Wholesale-Wall-Hung-Toilet-SH-010-2-768x466.jpg 768w, https:\/\/www.southvillabath.com\/wp-content\/uploads\/2026\/04\/Wholesale-Wall-Hung-Toilet-SH-010-2-18x12.jpg 18w, https:\/\/www.southvillabath.com\/wp-content\/uploads\/2026\/04\/Wholesale-Wall-Hung-Toilet-SH-010-2-1200x729.jpg 1200w, https:\/\/www.southvillabath.com\/wp-content\/uploads\/2026\/04\/Wholesale-Wall-Hung-Toilet-SH-010-2-600x364.jpg 600w\" sizes=\"(max-width: 1214px) 100vw, 1214px\" \/><\/figure>\n<\/div>\n<\/div>","protected":false},"excerpt":{"rendered":"<p data-pm-slice=\"0 0 []\">Die wandh\u00e4ngende Toilette SH-010 kombiniert ein elegantes, schwimmendes Design mit einer effizienten, sp\u00fclrandlosen Sp\u00fclung f\u00fcr moderne B\u00e4der. Die platzsparende Struktur sorgt f\u00fcr optische Offenheit, w\u00e4hrend die glatte, leicht zu reinigende Oberfl\u00e4che f\u00fcr hervorragende Hygiene sorgt.<\/p>\n<p>Als Fachmann <a href=\"https:\/\/www.southvillabath.com\/de\/\" target=\"_blank\" rel=\"noopener\"><strong>Toilettenhersteller<\/strong><\/a>, bieten wir B2B-Partnern weltweit umfassenden OEM- und ODM-Support.<\/p>\n<h2><strong><b>Wandh\u00e4ngende Toilette <\/b><\/strong><strong><b>Spezifikation<\/b><\/strong><\/h2>\n<table>\n<tbody>\n<tr>\n<td><strong><b>Spezifikation<\/b><\/strong><\/td>\n<td><strong><b>Einzelheiten<\/b><\/strong><\/td>\n<\/tr>\n<tr>\n<td>Modell<\/td>\n<td>SH-010<\/td>\n<\/tr>\n<tr>\n<td>Toilette Typ<\/td>\n<td>Wandh\u00e4ngende Toilette<\/td>\n<\/tr>\n<tr>\n<td>Gr\u00f6\u00dfe<\/td>\n<td>555mm x 360mm x 360mm<\/td>\n<\/tr>\n<tr>\n<td>Flush-System<\/td>\n<td>Waschbar Randlos<\/td>\n<\/tr>\n<tr>\n<td>Merkmal Sitz<\/td>\n<td>Soft-Close-Sitz<\/td>\n<\/tr>\n<tr>\n<td>OEM- und ODM-Dienstleistungen<\/td>\n<td>Kundenspezifisches Logo, Farben, Verpackungen, Produktformen und Funktionen verf\u00fcgbar<\/td>\n<\/tr>\n<tr>\n<td>Entw\u00e4sserung Typ<\/td>\n<td>P-Falle:180mm<\/td>\n<\/tr>\n<tr>\n<td>MOQ<\/td>\n<td>50 St\u00fcck, flexibel f\u00fcr weitere Diskussionen<\/td>\n<\/tr>\n<\/tbody>\n<\/table>\n<p>\n<script src=\"chrome-extension:\/\/fpelahbljekknahkcaegamhcndkfpfnc\/iFrame.js\" type=\"text\/javascript\"><\/script><\/p>","protected":false},"featured_media":1290,"comment_status":"closed","ping_status":"closed","template":"","meta":{"_acf_changed":false},"product_brand":[],"product_cat":[19],"product_tag":[],"class_list":{"0":"post-1274","1":"product","2":"type-product","3":"status-publish","4":"has-post-thumbnail","6":"product_cat-wholesale-wall-hung-toilets","8":"first","9":"instock","10":"shipping-taxable","11":"product-type-simple"},"acf":[],"_links":{"self":[{"href":"https:\/\/www.southvillabath.com\/de\/wp-json\/wp\/v2\/product\/1274","targetHints":{"allow":["GET"]}}],"collection":[{"href":"https:\/\/www.southvillabath.com\/de\/wp-json\/wp\/v2\/product"}],"about":[{"href":"https:\/\/www.southvillabath.com\/de\/wp-json\/wp\/v2\/types\/product"}],"replies":[{"embeddable":true,"href":"https:\/\/www.southvillabath.com\/de\/wp-json\/wp\/v2\/comments?post=1274"}],"wp:featuredmedia":[{"embeddable":true,"href":"https:\/\/www.southvillabath.com\/de\/wp-json\/wp\/v2\/media\/1290"}],"wp:attachment":[{"href":"https:\/\/www.southvillabath.com\/de\/wp-json\/wp\/v2\/media?parent=1274"}],"wp:term":[{"taxonomy":"product_brand","embeddable":true,"href":"https:\/\/www.southvillabath.com\/de\/wp-json\/wp\/v2\/product_brand?post=1274"},{"taxonomy":"product_cat","embeddable":true,"href":"https:\/\/www.southvillabath.com\/de\/wp-json\/wp\/v2\/product_cat?post=1274"},{"taxonomy":"product_tag","embeddable":true,"href":"https:\/\/www.southvillabath.com\/de\/wp-json\/wp\/v2\/product_tag?post=1274"}],"curies":[{"name":"wp","href":"https:\/\/api.w.org\/{rel}","templated":true}]}}