{"id":1270,"date":"2026-04-09T00:48:05","date_gmt":"2026-04-09T00:48:05","guid":{"rendered":"https:\/\/www.southvillabath.com\/?post_type=product&#038;p=1270"},"modified":"2026-04-09T03:38:14","modified_gmt":"2026-04-09T03:38:14","slug":"wholesale-high-quality-wall-hung-toilets","status":"publish","type":"product","link":"https:\/\/www.southvillabath.com\/de\/product\/wholesale-high-quality-wall-hung-toilets\/","title":{"rendered":"Gro\u00dfhandel Wandh\u00e4ngende Toilette SH-009 - Hochwertige Wandh\u00e4ngende Toilette Hersteller"},"content":{"rendered":"<div class=\"wp-block-columns is-layout-flex wp-container-core-columns-is-layout-9d6595d7 wp-block-columns-is-layout-flex\">\n<div class=\"wp-block-column is-layout-flow wp-block-column-is-layout-flow\">\n<h3 class=\"wp-block-heading\">Wandh\u00e4ngende Toilette Merkmale<\/h3>\n\n\n\n<ul class=\"wp-block-list\">\n<li><strong> Hochwertige Fertigung: <\/strong>Als Toilettenhersteller werden unsere wandh\u00e4ngenden Toiletten unter einem strengen Qualit\u00e4tsmanagementsystem produziert, um Langlebigkeit, Zuverl\u00e4ssigkeit und eine gleichbleibende Produktleistung bei Gro\u00dfauftr\u00e4gen zu gew\u00e4hrleisten.<\/li>\n\n\n\n<li><strong>Erstes randloses Design f\u00fcr die Hygiene: <\/strong>Die Toilette SH-009 verf\u00fcgt \u00fcber ein fortschrittliches randloses Sp\u00fclsystem, das sicherstellt, dass das gesamte Toilettenbecken bei jeder Sp\u00fclung gr\u00fcndlich gereinigt wird. Durch den Wegfall der traditionellen Konturen gibt es keine Verstecke mehr f\u00fcr Bakterien.<\/li>\n\n\n\n<li><strong>Zertifizierte Langlebigkeit und Qualit\u00e4t: <\/strong>Die Toilette SH-009 ist CE-zertifiziert und h\u00e4lt dem anspruchsvollen t\u00e4glichen Gebrauch stand. Die robuste Keramikkonstruktion und die stromlinienf\u00f6rmige Geometrie gew\u00e4hrleisten eine lange Lebensdauer.<\/li>\n\n\n\n<li><strong>Vielseitige Anwendung<\/strong>: Geeignet f\u00fcr eine Vielzahl von Umgebungen, einschlie\u00dflich Wohngeb\u00e4uden, Gastgewerbeprojekten und kommerziellen Entwicklungen.<\/li>\n\n\n\n<li><strong>Zuverl\u00e4ssige Fabrikversorgung: <\/strong>Als direkter Hersteller bieten wir stabile Produktionskapazit\u00e4ten, wettbewerbsf\u00e4hige Preise und eine zuverl\u00e4ssige Lieferung f\u00fcr Gro\u00dfhandels- und Gro\u00dfbestellungen.<\/li>\n<\/ul>\n<\/div>\n\n\n\n<div class=\"wp-block-column is-layout-flow wp-block-column-is-layout-flow\">\n<figure class=\"wp-block-image size-full\"><img decoding=\"async\" width=\"1211\" height=\"798\" src=\"https:\/\/www.southvillabath.com\/wp-content\/uploads\/2026\/04\/Wholesale-Wall-hung-Toilet-SH-009-2.jpg\" alt=\"\" class=\"wp-image-1285\" srcset=\"https:\/\/www.southvillabath.com\/wp-content\/uploads\/2026\/04\/Wholesale-Wall-hung-Toilet-SH-009-2.jpg 1211w, https:\/\/www.southvillabath.com\/wp-content\/uploads\/2026\/04\/Wholesale-Wall-hung-Toilet-SH-009-2-300x198.jpg 300w, https:\/\/www.southvillabath.com\/wp-content\/uploads\/2026\/04\/Wholesale-Wall-hung-Toilet-SH-009-2-768x506.jpg 768w, https:\/\/www.southvillabath.com\/wp-content\/uploads\/2026\/04\/Wholesale-Wall-hung-Toilet-SH-009-2-18x12.jpg 18w, https:\/\/www.southvillabath.com\/wp-content\/uploads\/2026\/04\/Wholesale-Wall-hung-Toilet-SH-009-2-1200x791.jpg 1200w, https:\/\/www.southvillabath.com\/wp-content\/uploads\/2026\/04\/Wholesale-Wall-hung-Toilet-SH-009-2-600x395.jpg 600w\" sizes=\"(max-width: 1211px) 100vw, 1211px\" \/><\/figure>\n<\/div>\n<\/div>","protected":false},"excerpt":{"rendered":"<p data-pm-slice=\"0 0 []\">Gro\u00dfhandel f\u00fcr wandmontierte Toiletten SH-009: Entwickelt, um die wachsende Nachfrage nach modernen, platzsparenden Badezimmerl\u00f6sungen sowohl im privaten als auch im gewerblichen Bereich zu befriedigen. Als ein spezialisiertes <a href=\"https:\/\/www.southvillabath.com\/de\/\" target=\"_blank\" rel=\"noopener\"><strong>Toilettenhersteller<\/strong><\/a>, Der SH-009 wird unter strengen Qualit\u00e4tskontrollstandards hergestellt und zeichnet sich durch Langlebigkeit und zuverl\u00e4ssige Leistung aus. Ideal f\u00fcr Distributoren und Importeure. Bitte kontaktieren Sie uns f\u00fcr Angebote zu Gro\u00dfmengenpreisen.<\/p>\n<h2><strong><b>Wandh\u00e4ngende Toilette <\/b><\/strong><strong><b>Spezifikation<\/b><\/strong><\/h2>\n<table>\n<tbody>\n<tr>\n<td><strong><b>Spezifikation<\/b><\/strong><\/td>\n<td><strong><b>Einzelheiten<\/b><\/strong><\/td>\n<\/tr>\n<tr>\n<td>Modell<\/td>\n<td>SH-009<\/td>\n<\/tr>\n<tr>\n<td>Toilette Typ<\/td>\n<td>Wandh\u00e4ngende Toilette<\/td>\n<\/tr>\n<tr>\n<td>Gr\u00f6\u00dfe<\/td>\n<td>535mm x 360mm x 360mm<\/td>\n<\/tr>\n<tr>\n<td>Flush-System<\/td>\n<td>Waschbar Randlos<\/td>\n<\/tr>\n<tr>\n<td>Merkmal Sitz<\/td>\n<td>Soft-Close-Sitz<\/td>\n<\/tr>\n<tr>\n<td>OEM- und ODM-Dienstleistungen<\/td>\n<td>Kundenspezifisches Logo, Farben, Verpackungen, Produktformen und Funktionen verf\u00fcgbar<\/td>\n<\/tr>\n<tr>\n<td>Entw\u00e4sserung Typ<\/td>\n<td>P-Falle:180mm<\/td>\n<\/tr>\n<tr>\n<td>MOQ<\/td>\n<td>50 St\u00fcck, flexibel f\u00fcr weitere Diskussionen<\/td>\n<\/tr>\n<\/tbody>\n<\/table>\n<p>&nbsp;<\/p>\n<p>\n<script src=\"chrome-extension:\/\/fpelahbljekknahkcaegamhcndkfpfnc\/iFrame.js\" type=\"text\/javascript\"><\/script><\/p>","protected":false},"featured_media":1284,"comment_status":"closed","ping_status":"closed","template":"","meta":{"_acf_changed":false},"product_brand":[],"product_cat":[19],"product_tag":[],"class_list":{"0":"post-1270","1":"product","2":"type-product","3":"status-publish","4":"has-post-thumbnail","6":"product_cat-wholesale-wall-hung-toilets","8":"first","9":"instock","10":"shipping-taxable","11":"product-type-simple"},"acf":[],"_links":{"self":[{"href":"https:\/\/www.southvillabath.com\/de\/wp-json\/wp\/v2\/product\/1270","targetHints":{"allow":["GET"]}}],"collection":[{"href":"https:\/\/www.southvillabath.com\/de\/wp-json\/wp\/v2\/product"}],"about":[{"href":"https:\/\/www.southvillabath.com\/de\/wp-json\/wp\/v2\/types\/product"}],"replies":[{"embeddable":true,"href":"https:\/\/www.southvillabath.com\/de\/wp-json\/wp\/v2\/comments?post=1270"}],"wp:featuredmedia":[{"embeddable":true,"href":"https:\/\/www.southvillabath.com\/de\/wp-json\/wp\/v2\/media\/1284"}],"wp:attachment":[{"href":"https:\/\/www.southvillabath.com\/de\/wp-json\/wp\/v2\/media?parent=1270"}],"wp:term":[{"taxonomy":"product_brand","embeddable":true,"href":"https:\/\/www.southvillabath.com\/de\/wp-json\/wp\/v2\/product_brand?post=1270"},{"taxonomy":"product_cat","embeddable":true,"href":"https:\/\/www.southvillabath.com\/de\/wp-json\/wp\/v2\/product_cat?post=1270"},{"taxonomy":"product_tag","embeddable":true,"href":"https:\/\/www.southvillabath.com\/de\/wp-json\/wp\/v2\/product_tag?post=1270"}],"curies":[{"name":"wp","href":"https:\/\/api.w.org\/{rel}","templated":true}]}}