{"id":1266,"date":"2026-04-09T00:59:23","date_gmt":"2026-04-09T00:59:23","guid":{"rendered":"https:\/\/www.southvillabath.com\/?post_type=product&#038;p=1266"},"modified":"2026-04-09T03:36:02","modified_gmt":"2026-04-09T03:36:02","slug":"wholesale-wall-hung-toilets-for-multiple-applications","status":"publish","type":"product","link":"https:\/\/www.southvillabath.com\/de\/product\/wholesale-wall-hung-toilets-for-multiple-applications\/","title":{"rendered":"Factory Supply Washdown Wall-hung Toilet SH-002 - geeignet f\u00fcr eine breite Palette von Anwendungsszenarien und Projekten"},"content":{"rendered":"<div class=\"wp-block-columns is-layout-flex wp-container-core-columns-is-layout-9d6595d7 wp-block-columns-is-layout-flex\">\n<div class=\"wp-block-column is-layout-flow wp-block-column-is-layout-flow\">\n<h3 class=\"wp-block-heading\">Wandh\u00e4ngende Toilette Merkmale<\/h3>\n\n\n\n<ul class=\"wp-block-list\">\n<li><strong>Vielseitige Anpassungsf\u00e4higkeit des Projekts<\/strong>: Die wandh\u00e4ngende Toilette SH-002 eignet sich f\u00fcr eine Vielzahl von Szenarien und Projekten, von Hochhauswohnungen bis hin zu Four Seasons Hotels, und bietet platzsparenden Komfort und einfache Reinigung.<\/li>\n\n\n\n<li><strong>Maximierte Raumeffizienz: <\/strong>Die wandh\u00e4ngende Konfiguration ist ideal f\u00fcr Renovierungen mit geringem Platzbedarf und Kleinstapartments. Das Anheben des Ger\u00e4ts vom Boden schafft ein Gef\u00fchl der Offenheit und vereinfacht die Wartung des Badezimmers f\u00fcr Hausverwalter in gewerblichen Einrichtungen.<\/li>\n\n\n\n<li><strong>B2B Bulk-Zuverl\u00e4ssigkeit:<\/strong> Wir bieten Importeuren und H\u00e4ndlern gleichbleibende, hohe Liefermengen. Unser Werk stellt sicher, dass jedes Ger\u00e4t die strengen CE-Normen erf\u00fcllt und die strukturelle Integrit\u00e4t bietet, die f\u00fcr den langfristigen Einsatz in stark frequentierten Gastst\u00e4tten- und Einzelhandelsumgebungen erforderlich ist.<\/li>\n<\/ul>\n<\/div>\n\n\n\n<div class=\"wp-block-column is-layout-flow wp-block-column-is-layout-flow\">\n<figure class=\"wp-block-image size-full\"><img decoding=\"async\" width=\"1211\" height=\"750\" src=\"https:\/\/www.southvillabath.com\/wp-content\/uploads\/2026\/04\/Wholesale-Wall-hung-Toilet-SH-002-2.jpg\" alt=\"\" class=\"wp-image-1269\" srcset=\"https:\/\/www.southvillabath.com\/wp-content\/uploads\/2026\/04\/Wholesale-Wall-hung-Toilet-SH-002-2.jpg 1211w, https:\/\/www.southvillabath.com\/wp-content\/uploads\/2026\/04\/Wholesale-Wall-hung-Toilet-SH-002-2-300x186.jpg 300w, https:\/\/www.southvillabath.com\/wp-content\/uploads\/2026\/04\/Wholesale-Wall-hung-Toilet-SH-002-2-768x476.jpg 768w, https:\/\/www.southvillabath.com\/wp-content\/uploads\/2026\/04\/Wholesale-Wall-hung-Toilet-SH-002-2-18x12.jpg 18w, https:\/\/www.southvillabath.com\/wp-content\/uploads\/2026\/04\/Wholesale-Wall-hung-Toilet-SH-002-2-1200x743.jpg 1200w, https:\/\/www.southvillabath.com\/wp-content\/uploads\/2026\/04\/Wholesale-Wall-hung-Toilet-SH-002-2-600x372.jpg 600w\" sizes=\"(max-width: 1211px) 100vw, 1211px\" \/><\/figure>\n<\/div>\n<\/div>","protected":false},"excerpt":{"rendered":"<p>Gro\u00dfhandel Washdown Wall-Hung Toiletten - Factory Direct. Die SH-002 Rimless Wall-Hung Toilet eignet sich ideal f\u00fcr st\u00e4dtische Wohnanlagen mit hoher Bebauungsdichte. Sie eignet sich ebenso gut f\u00fcr das Gastgewerbe; ihr \u201cschwimmendes\u201d Design erleichtert die schnelle Reinigung des Bodens, w\u00e4hrend die randlose Sch\u00fcssel einen hohen Hygienestandard in Hotelzimmern gew\u00e4hrleistet. Kontaktieren Sie uns f\u00fcr ein Angebot.<\/p>\n<h2><strong><b>Wandh\u00e4ngende Toilette <\/b><\/strong><strong><b>Spezifikation<\/b><\/strong><\/h2>\n<table>\n<tbody>\n<tr>\n<td><strong><b>Spezifikation<\/b><\/strong><\/td>\n<td><strong><b>Einzelheiten<\/b><\/strong><\/td>\n<\/tr>\n<tr>\n<td>Modell<\/td>\n<td>SH-002<\/td>\n<\/tr>\n<tr>\n<td>Toilette Typ<\/td>\n<td>Wandh\u00e4ngende Toilette<\/td>\n<\/tr>\n<tr>\n<td>Gr\u00f6\u00dfe<\/td>\n<td>490mm x 360mm x 360mm<\/td>\n<\/tr>\n<tr>\n<td>Flush-System<\/td>\n<td>Waschbar Randlos<\/td>\n<\/tr>\n<tr>\n<td>Merkmal Sitz<\/td>\n<td>Soft-Close-Sitz<\/td>\n<\/tr>\n<tr>\n<td>OEM- und ODM-Dienstleistungen<\/td>\n<td>Kundenspezifisches Logo, Farben, Verpackungen, Produktformen und Funktionen verf\u00fcgbar<\/td>\n<\/tr>\n<tr>\n<td>Entw\u00e4sserung Typ<\/td>\n<td>P-Falle: 180mm<\/td>\n<\/tr>\n<tr>\n<td>MOQ<\/td>\n<td>50 St\u00fcck, flexibel f\u00fcr weitere Diskussionen<\/td>\n<\/tr>\n<\/tbody>\n<\/table>\n<p>\n<script src=\"chrome-extension:\/\/fpelahbljekknahkcaegamhcndkfpfnc\/iFrame.js\" type=\"text\/javascript\"><\/script><\/p>","protected":false},"featured_media":1267,"comment_status":"closed","ping_status":"closed","template":"","meta":{"_acf_changed":false},"product_brand":[],"product_cat":[19],"product_tag":[],"class_list":{"0":"post-1266","1":"product","2":"type-product","3":"status-publish","4":"has-post-thumbnail","6":"product_cat-wholesale-wall-hung-toilets","8":"first","9":"instock","10":"shipping-taxable","11":"product-type-simple"},"acf":[],"_links":{"self":[{"href":"https:\/\/www.southvillabath.com\/de\/wp-json\/wp\/v2\/product\/1266","targetHints":{"allow":["GET"]}}],"collection":[{"href":"https:\/\/www.southvillabath.com\/de\/wp-json\/wp\/v2\/product"}],"about":[{"href":"https:\/\/www.southvillabath.com\/de\/wp-json\/wp\/v2\/types\/product"}],"replies":[{"embeddable":true,"href":"https:\/\/www.southvillabath.com\/de\/wp-json\/wp\/v2\/comments?post=1266"}],"wp:featuredmedia":[{"embeddable":true,"href":"https:\/\/www.southvillabath.com\/de\/wp-json\/wp\/v2\/media\/1267"}],"wp:attachment":[{"href":"https:\/\/www.southvillabath.com\/de\/wp-json\/wp\/v2\/media?parent=1266"}],"wp:term":[{"taxonomy":"product_brand","embeddable":true,"href":"https:\/\/www.southvillabath.com\/de\/wp-json\/wp\/v2\/product_brand?post=1266"},{"taxonomy":"product_cat","embeddable":true,"href":"https:\/\/www.southvillabath.com\/de\/wp-json\/wp\/v2\/product_cat?post=1266"},{"taxonomy":"product_tag","embeddable":true,"href":"https:\/\/www.southvillabath.com\/de\/wp-json\/wp\/v2\/product_tag?post=1266"}],"curies":[{"name":"wp","href":"https:\/\/api.w.org\/{rel}","templated":true}]}}