{"id":1261,"date":"2026-04-08T09:06:26","date_gmt":"2026-04-08T09:06:26","guid":{"rendered":"https:\/\/www.southvillabath.com\/?post_type=product&#038;p=1261"},"modified":"2026-04-09T01:42:03","modified_gmt":"2026-04-09T01:42:03","slug":"wholesale-high-value-high-performance-toilet-factory","status":"publish","type":"product","link":"https:\/\/www.southvillabath.com\/de\/product\/wholesale-high-value-high-performance-toilet-factory\/","title":{"rendered":"Gro\u00dfhandel Zweiteilige Toilette SH-5102 - Hohe Leistung, hohe Kosteneffizienz, einfach zu f\u00f6rdern"},"content":{"rendered":"<div class=\"wp-block-columns is-layout-flex wp-container-core-columns-is-layout-9d6595d7 wp-block-columns-is-layout-flex\">\n<div class=\"wp-block-column is-layout-flow wp-block-column-is-layout-flow\">\n<h3 class=\"wp-block-heading\">Zweiteilige Toilette Merkmale<\/h3>\n\n\n\n<ul class=\"wp-block-list\">\n<li><strong>Marktf\u00fchrendes Kosten-Nutzen-Verh\u00e4ltnis:<\/strong> Durch optimierte Fertigungsprozesse bieten wir die SH-5102 an, eine sp\u00fclrandlose Toilette der mittleren bis oberen Preisklasse, die das beste Preis-Leistungs-Verh\u00e4ltnis der Branche bietet. Als Hersteller von zweiteiligen Toiletten bieten wir wettbewerbsf\u00e4hige Fabrikpreise.<\/li>\n\n\n\n<li><strong>Leistungsstarke randlose Sp\u00fclung:<\/strong> Ausgestattet mit einem fortschrittlichen Sp\u00fclsystem liefert dieses Modell eine kraftvolle, leise und wassersparende Sp\u00fclung.<\/li>\n\n\n\n<li><strong>Leicht zu f\u00f6rdernde \u00c4sthetik:<\/strong> Mit ihrem minimalistischen Design ist die SH-5102 von Natur aus attraktiv und passt zu den aktuellen Trends in der Inneneinrichtung. Sein zweiteiliges Design bietet einen g\u00fcnstigeren Preis als einteilige Toiletten und vereinfacht die Wartung.<\/li>\n\n\n\n<li><strong>Totale Hygiene mit antibakterieller Verglasung: <\/strong>Die Toilette verf\u00fcgt \u00fcber selbstreinigendes antibakterielles Glas auf allen Innen- und Au\u00dfenfl\u00e4chen. Diese wartungsarme Eigenschaft ist ein wichtiger Faktor f\u00fcr unsere B2B-Kunden, die Hotels, Krankenh\u00e4user und Luxuswohnungen beliefern.<\/li>\n\n\n\n<li><strong>Versandfertige globale Konformit\u00e4t: <\/strong>Dieses Ger\u00e4t tr\u00e4gt sowohl das WaterMark- als auch das CE-Zeichen und ist f\u00fcr die wichtigsten internationalen M\u00e4rkte bereits zugelassen.<\/li>\n<\/ul>\n<\/div>\n\n\n\n<div class=\"wp-block-column is-layout-flow wp-block-column-is-layout-flow\">\n<figure class=\"wp-block-image size-full\"><img decoding=\"async\" width=\"728\" height=\"924\" src=\"https:\/\/www.southvillabath.com\/wp-content\/uploads\/2026\/04\/wholesale-two-piece-toilet-SH-5102-2.jpg\" alt=\"\" class=\"wp-image-1263\" srcset=\"https:\/\/www.southvillabath.com\/wp-content\/uploads\/2026\/04\/wholesale-two-piece-toilet-SH-5102-2.jpg 728w, https:\/\/www.southvillabath.com\/wp-content\/uploads\/2026\/04\/wholesale-two-piece-toilet-SH-5102-2-236x300.jpg 236w, https:\/\/www.southvillabath.com\/wp-content\/uploads\/2026\/04\/wholesale-two-piece-toilet-SH-5102-2-9x12.jpg 9w, https:\/\/www.southvillabath.com\/wp-content\/uploads\/2026\/04\/wholesale-two-piece-toilet-SH-5102-2-600x762.jpg 600w\" sizes=\"(max-width: 728px) 100vw, 728px\" \/><\/figure>\n<\/div>\n<\/div>","protected":false},"excerpt":{"rendered":"<p>Die zweiteilige sp\u00fclrandlose Toilette SH-5102 wurde speziell f\u00fcr den hart umk\u00e4mpften Gro\u00df- und Einzelhandelsmarkt entwickelt. Dieses Produkt stellt ein optimales Gleichgewicht zwischen hoher Leistung und au\u00dfergew\u00f6hnlichem Wert dar. Als Profi <a href=\"https:\/\/www.southvillabath.com\/de\/produkt-kategorie\/wholesale-two-piece-toilets\/\" target=\"_blank\" rel=\"noopener\"><strong>Gro\u00dfhandel zweiteilige Toilette Hersteller<\/strong><\/a>, Wir erm\u00f6glichen es Gro\u00dfabnehmern, wettbewerbsf\u00e4hige Einzelhandelspreise anzubieten und gleichzeitig gesunde Gewinnspannen im Gro\u00dfhandel zu erzielen.<\/p>\n<h2><strong><b>Zweiteilige Toilette <\/b><\/strong><strong><b>Spezifikation<\/b><\/strong><\/h2>\n<table>\n<tbody>\n<tr>\n<td><strong><b>Spezifikation<\/b><\/strong><\/td>\n<td><strong><b>Einzelheiten<\/b><\/strong><\/td>\n<\/tr>\n<tr>\n<td>Modell<\/td>\n<td>SH-5102<\/td>\n<\/tr>\n<tr>\n<td>Toilette Typ<\/td>\n<td>Zweiteilige Toilette<\/td>\n<\/tr>\n<tr>\n<td>Gr\u00f6\u00dfe<\/td>\n<td>620mm x 365mm x 830mm<\/td>\n<\/tr>\n<tr>\n<td>Flush-System<\/td>\n<td>\n<p>Waschbar Randlos<\/p>\n<\/td>\n<\/tr>\n<tr>\n<td>Merkmal Sitz<\/td>\n<td>Soft-Close-Sitz<\/td>\n<\/tr>\n<tr>\n<td>OEM- und ODM-Dienstleistungen<\/td>\n<td>Kundenspezifisches Logo, Farben, Verpackungen, Produktformen und Funktionen verf\u00fcgbar<\/td>\n<\/tr>\n<tr>\n<td>Entw\u00e4sserung Typ<\/td>\n<td>P-Klappe: 180mm; S-Klappe: 100\/250mm<\/td>\n<\/tr>\n<tr>\n<td>MOQ<\/td>\n<td>50 St\u00fcck, flexibel f\u00fcr weitere Diskussionen<\/td>\n<\/tr>\n<\/tbody>\n<\/table>\n<p>&nbsp;<\/p>\n<p>\n<script src=\"chrome-extension:\/\/fpelahbljekknahkcaegamhcndkfpfnc\/iFrame.js\" type=\"text\/javascript\"><\/script><\/p>","protected":false},"featured_media":1262,"comment_status":"closed","ping_status":"closed","template":"","meta":{"_acf_changed":false},"product_brand":[],"product_cat":[18],"product_tag":[],"class_list":{"0":"post-1261","1":"product","2":"type-product","3":"status-publish","4":"has-post-thumbnail","6":"product_cat-wholesale-two-piece-toilets","8":"first","9":"instock","10":"shipping-taxable","11":"product-type-simple"},"acf":[],"_links":{"self":[{"href":"https:\/\/www.southvillabath.com\/de\/wp-json\/wp\/v2\/product\/1261","targetHints":{"allow":["GET"]}}],"collection":[{"href":"https:\/\/www.southvillabath.com\/de\/wp-json\/wp\/v2\/product"}],"about":[{"href":"https:\/\/www.southvillabath.com\/de\/wp-json\/wp\/v2\/types\/product"}],"replies":[{"embeddable":true,"href":"https:\/\/www.southvillabath.com\/de\/wp-json\/wp\/v2\/comments?post=1261"}],"wp:featuredmedia":[{"embeddable":true,"href":"https:\/\/www.southvillabath.com\/de\/wp-json\/wp\/v2\/media\/1262"}],"wp:attachment":[{"href":"https:\/\/www.southvillabath.com\/de\/wp-json\/wp\/v2\/media?parent=1261"}],"wp:term":[{"taxonomy":"product_brand","embeddable":true,"href":"https:\/\/www.southvillabath.com\/de\/wp-json\/wp\/v2\/product_brand?post=1261"},{"taxonomy":"product_cat","embeddable":true,"href":"https:\/\/www.southvillabath.com\/de\/wp-json\/wp\/v2\/product_cat?post=1261"},{"taxonomy":"product_tag","embeddable":true,"href":"https:\/\/www.southvillabath.com\/de\/wp-json\/wp\/v2\/product_tag?post=1261"}],"curies":[{"name":"wp","href":"https:\/\/api.w.org\/{rel}","templated":true}]}}