{"id":1258,"date":"2026-04-08T09:05:40","date_gmt":"2026-04-08T09:05:40","guid":{"rendered":"https:\/\/www.southvillabath.com\/?post_type=product&#038;p=1258"},"modified":"2026-04-09T01:23:34","modified_gmt":"2026-04-09T01:23:34","slug":"factory-wholesale-best-selling-two-piece-toilets","status":"publish","type":"product","link":"https:\/\/www.southvillabath.com\/de\/product\/factory-wholesale-best-selling-two-piece-toilets\/","title":{"rendered":"Gro\u00dfhandel Runde Form zweiteilige Toilette SH-5101 - Hot-selling Toilette"},"content":{"rendered":"<div class=\"wp-block-columns is-layout-flex wp-container-core-columns-is-layout-9d6595d7 wp-block-columns-is-layout-flex\">\n<div class=\"wp-block-column is-layout-flow wp-block-column-is-layout-flow\">\n<h3 class=\"wp-block-heading\">Zweiteilige Toilette Merkmale<\/h3>\n\n\n\n<ul class=\"wp-block-list\">\n<li><strong>Ein marktbew\u00e4hrter Bestseller: <\/strong>Der SH-5101 ist unser weltweit am meisten nachgefragtes Modell und bietet Gro\u00dfh\u00e4ndlern eine risikoarme, ertragreiche Bestandsoption mit einer nachweislichen Erfolgsbilanz schneller Verk\u00e4ufe sowohl im Einzelhandel als auch in Projektkan\u00e4len.<\/li>\n\n\n\n<li><strong>Hocheffiziente rahmenlose Technologie:<\/strong> Das randlose Design ist der Hauptgrund f\u00fcr die Beliebtheit des SH-5101. Es bietet eine 360-Grad-Sp\u00fclung, die jeden Zentimeter des Beckens erreicht. Dadurch werden Bakterienfallen vermieden und der Bedarf an scharfen chemischen Reinigern reduziert.<\/li>\n\n\n\n<li><strong>Antibakterielle Premium-Verglasung: <\/strong>Jede Einheit ist mit einer speziellen selbstreinigenden Glasur und antibakteriell beschichteten Innenrohren ausgestattet. Dies verhindert das Anhaften von Abf\u00e4llen und sorgt daf\u00fcr, dass die Toilette hygienisch und geruchsfrei bleibt, selbst in stark frequentierten \u00f6ffentlichen oder gewerblichen Bereichen.<\/li>\n\n\n\n<li><strong>Skalierbare Fabrikproduktion und OEM: <\/strong>Als Toilettenhersteller verf\u00fcgen wir \u00fcber hohe Produktionskapazit\u00e4ten f\u00fcr den SH-5101, die eine stabile Versorgung bei Gro\u00dfbestellungen gew\u00e4hrleisten.<\/li>\n<\/ul>\n<\/div>\n\n\n\n<div class=\"wp-block-column is-layout-flow wp-block-column-is-layout-flow\">\n<figure class=\"wp-block-image size-full\"><img decoding=\"async\" width=\"728\" height=\"924\" src=\"https:\/\/www.southvillabath.com\/wp-content\/uploads\/2026\/04\/wholesale-two-piece-toilet-SH-5101-2.jpg\" alt=\"\" class=\"wp-image-1260\" srcset=\"https:\/\/www.southvillabath.com\/wp-content\/uploads\/2026\/04\/wholesale-two-piece-toilet-SH-5101-2.jpg 728w, https:\/\/www.southvillabath.com\/wp-content\/uploads\/2026\/04\/wholesale-two-piece-toilet-SH-5101-2-236x300.jpg 236w, https:\/\/www.southvillabath.com\/wp-content\/uploads\/2026\/04\/wholesale-two-piece-toilet-SH-5101-2-9x12.jpg 9w, https:\/\/www.southvillabath.com\/wp-content\/uploads\/2026\/04\/wholesale-two-piece-toilet-SH-5101-2-600x762.jpg 600w\" sizes=\"(max-width: 728px) 100vw, 728px\" \/><\/figure>\n<\/div>\n<\/div>","protected":false},"excerpt":{"rendered":"<p>Zweiteilige Toilette f\u00fcr den Gro\u00dfhandel. Als eine unserer meistverkauften Serien stellt die SH-5101 Washdown Toilet weiterhin neue Rekorde f\u00fcr das globale Exportvolumen auf. Dank der au\u00dfergew\u00f6hnlichen High-End-Rimless-Technologie, der glasbeschichteten internen Siphonkonstruktion und der wassersparenden Eigenschaften erfreut sich dieses Produkt bei B2B-K\u00e4ufern weltweit gro\u00dfer Beliebtheit. Der SH-5101 ist die ideale Wahl f\u00fcr globale Importeure und Gro\u00dfh\u00e4ndler, aber auch f\u00fcr Renovierungsunternehmen und gro\u00dfe Bautr\u00e4ger. Wenn Sie irgendwelche Projektanforderungen haben, z\u00f6gern Sie bitte nicht, uns zu kontaktieren.<\/p>\n<h2><strong><b>Zweiteilige Toilette <\/b><\/strong><strong><b>Spezifikation<\/b><\/strong><\/h2>\n<table>\n<tbody>\n<tr>\n<td><strong><b>Spezifikation<\/b><\/strong><\/td>\n<td><strong><b>Einzelheiten<\/b><\/strong><\/td>\n<\/tr>\n<tr>\n<td>Modell<\/td>\n<td>SH-5101<\/td>\n<\/tr>\n<tr>\n<td>Toilette Typ<\/td>\n<td>Zweiteilige Toilette<\/td>\n<\/tr>\n<tr>\n<td>Gr\u00f6\u00dfe<\/td>\n<td>620mm x 365mm x 830mm<\/td>\n<\/tr>\n<tr>\n<td>Flush-System<\/td>\n<td>\n<p>Waschbar Randlos<\/p>\n<\/td>\n<\/tr>\n<tr>\n<td>Merkmal Sitz<\/td>\n<td>Soft-Close-Sitz<\/td>\n<\/tr>\n<tr>\n<td>OEM- und ODM-Dienstleistungen<\/td>\n<td>Kundenspezifisches Logo, Farben, Verpackungen, Produktformen und Funktionen verf\u00fcgbar<\/td>\n<\/tr>\n<tr>\n<td>Entw\u00e4sserung Typ<\/td>\n<td>P-Klappe: 180mm \/ S-Klappe: 100\/250mm<\/td>\n<\/tr>\n<tr>\n<td>MOQ<\/td>\n<td>50 St\u00fcck, flexibel f\u00fcr weitere Diskussionen<\/td>\n<\/tr>\n<\/tbody>\n<\/table>\n<p>&nbsp;<\/p>\n<p>&nbsp;<\/p>\n<p>\n<script src=\"chrome-extension:\/\/fpelahbljekknahkcaegamhcndkfpfnc\/iFrame.js\" type=\"text\/javascript\"><\/script><\/p>","protected":false},"featured_media":1259,"comment_status":"closed","ping_status":"closed","template":"","meta":{"_acf_changed":false},"product_brand":[],"product_cat":[18],"product_tag":[],"class_list":{"0":"post-1258","1":"product","2":"type-product","3":"status-publish","4":"has-post-thumbnail","6":"product_cat-wholesale-two-piece-toilets","8":"first","9":"instock","10":"shipping-taxable","11":"product-type-simple"},"acf":[],"_links":{"self":[{"href":"https:\/\/www.southvillabath.com\/de\/wp-json\/wp\/v2\/product\/1258","targetHints":{"allow":["GET"]}}],"collection":[{"href":"https:\/\/www.southvillabath.com\/de\/wp-json\/wp\/v2\/product"}],"about":[{"href":"https:\/\/www.southvillabath.com\/de\/wp-json\/wp\/v2\/types\/product"}],"replies":[{"embeddable":true,"href":"https:\/\/www.southvillabath.com\/de\/wp-json\/wp\/v2\/comments?post=1258"}],"wp:featuredmedia":[{"embeddable":true,"href":"https:\/\/www.southvillabath.com\/de\/wp-json\/wp\/v2\/media\/1259"}],"wp:attachment":[{"href":"https:\/\/www.southvillabath.com\/de\/wp-json\/wp\/v2\/media?parent=1258"}],"wp:term":[{"taxonomy":"product_brand","embeddable":true,"href":"https:\/\/www.southvillabath.com\/de\/wp-json\/wp\/v2\/product_brand?post=1258"},{"taxonomy":"product_cat","embeddable":true,"href":"https:\/\/www.southvillabath.com\/de\/wp-json\/wp\/v2\/product_cat?post=1258"},{"taxonomy":"product_tag","embeddable":true,"href":"https:\/\/www.southvillabath.com\/de\/wp-json\/wp\/v2\/product_tag?post=1258"}],"curies":[{"name":"wp","href":"https:\/\/api.w.org\/{rel}","templated":true}]}}