{"id":1252,"date":"2026-04-09T01:00:53","date_gmt":"2026-04-09T01:00:53","guid":{"rendered":"https:\/\/www.southvillabath.com\/?post_type=product&#038;p=1252"},"modified":"2026-04-09T03:35:30","modified_gmt":"2026-04-09T03:35:30","slug":"wholesale-wall-hung-toilet-factory","status":"publish","type":"product","link":"https:\/\/www.southvillabath.com\/de\/product\/wholesale-wall-hung-toilet-factory\/","title":{"rendered":"Gro\u00dfhandel Washdown Wall-hung Toilet SH-001 - Toilette Factory Supply, die B2B-Beschaffung Kosten reduziert"},"content":{"rendered":"<div class=\"wp-block-columns is-layout-flex wp-container-core-columns-is-layout-9d6595d7 wp-block-columns-is-layout-flex\">\n<div class=\"wp-block-column is-layout-flow wp-block-column-is-layout-flow\">\n<h3 class=\"wp-block-heading\">Wandh\u00e4ngende Toilette Merkmale<\/h3>\n\n\n\n<ul class=\"wp-block-list\">\n<li><strong>Werksdirekte Lieferung: <\/strong>Wenn Sie Toiletten in gro\u00dfen Mengen direkt von unserem Werk beziehen, k\u00f6nnen Sie die Kosten erheblich senken und gesunde Gewinnspannen beibehalten.<\/li>\n\n\n\n<li><strong>Konkurrenzf\u00e4hige Farbauswahl:<\/strong> Die wandmontierte Toilette SH-001 ist in einer Vielzahl von Farben erh\u00e4ltlich, darunter Mattschwarz, Grau, Gr\u00fcn und Khaki, wodurch Ihr Produktbestand um weitere Optionen erg\u00e4nzt wird.<\/li>\n\n\n\n<li><strong>OEM- und ODM-Unterst\u00fctzung: <\/strong>Wir bieten professionelle Anpassungsm\u00f6glichkeiten - vom individuellen Logodruck bis hin zu ma\u00dfgeschneiderten Verpackungen in Exportqualit\u00e4t - um sicherzustellen, dass Ihre Marke auf dem lokalen Markt auff\u00e4llt.<\/li>\n\n\n\n<li><strong>Robuste Produktionskapazit\u00e4t und logistische Unterst\u00fctzung: <\/strong>Unser Werk ist in der Lage, gro\u00dfe Mengen an Auftr\u00e4gen zu bearbeiten, so dass zuverl\u00e4ssige und konstante Lieferzeiten gew\u00e4hrleistet sind.<\/li>\n<\/ul>\n<\/div>\n\n\n\n<div class=\"wp-block-column is-layout-flow wp-block-column-is-layout-flow\">\n<figure class=\"wp-block-image size-full\"><img decoding=\"async\" width=\"1211\" height=\"750\" src=\"https:\/\/www.southvillabath.com\/wp-content\/uploads\/2026\/04\/Wholesale-Wall-hung-Toilet-SH-001-1.jpg\" alt=\"\" class=\"wp-image-1265\" srcset=\"https:\/\/www.southvillabath.com\/wp-content\/uploads\/2026\/04\/Wholesale-Wall-hung-Toilet-SH-001-1.jpg 1211w, https:\/\/www.southvillabath.com\/wp-content\/uploads\/2026\/04\/Wholesale-Wall-hung-Toilet-SH-001-1-300x186.jpg 300w, https:\/\/www.southvillabath.com\/wp-content\/uploads\/2026\/04\/Wholesale-Wall-hung-Toilet-SH-001-1-768x476.jpg 768w, https:\/\/www.southvillabath.com\/wp-content\/uploads\/2026\/04\/Wholesale-Wall-hung-Toilet-SH-001-1-18x12.jpg 18w, https:\/\/www.southvillabath.com\/wp-content\/uploads\/2026\/04\/Wholesale-Wall-hung-Toilet-SH-001-1-1200x743.jpg 1200w, https:\/\/www.southvillabath.com\/wp-content\/uploads\/2026\/04\/Wholesale-Wall-hung-Toilet-SH-001-1-600x372.jpg 600w\" sizes=\"(max-width: 1211px) 100vw, 1211px\" \/><\/figure>\n<\/div>\n<\/div>","protected":false},"excerpt":{"rendered":"<p>Als spezialisierte <a href=\"https:\/\/www.southvillabath.com\/de\/\" target=\"_blank\" rel=\"noopener\"><strong>Toilettenhersteller<\/strong><\/a>, konzentrieren wir uns auf eine<strong> \u201cModell \u201dDirekte Quelle\"<\/strong>, Wir helfen globalen K\u00e4ufern, ihre B2B-Beschaffungskosten erheblich zu reduzieren. Unsere Fabrik erm\u00f6glicht es Ihnen, qualitativ hochwertige, designorientierte wandh\u00e4ngende Toiletten im Gro\u00dfhandel zu Direktpreisen zu erwerben, damit Sie auf dem globalen Markt wettbewerbsf\u00e4hig bleiben.<\/p>\n<p>Jedes unserer wandh\u00e4ngenden WCs ist mit einem leistungsstarken, sp\u00fclrandlosen Sp\u00fclsystem ausgestattet und CE-zertifiziert. Abgesehen von unseren Preisvorteilen bieten wir Ihnen als Zulieferer einen umfassenden OEM\/ODM-Support, der Sie bei der Entwicklung Ihrer eigenen Produkte mit Eigenmarke unterst\u00fctzt. Wir laden Sie ein, uns zu kontaktieren.<\/p>\n<h2><strong><b>Wandh\u00e4ngende Toilette <\/b><\/strong><strong><b>Spezifikation<\/b><\/strong><\/h2>\n<table>\n<tbody>\n<tr>\n<td><strong><b>Spezifikation<\/b><\/strong><\/td>\n<td><strong><b>Einzelheiten<\/b><\/strong><\/td>\n<\/tr>\n<tr>\n<td>Modell<\/td>\n<td>SH-001<\/td>\n<\/tr>\n<tr>\n<td>Toilette Typ<\/td>\n<td>Wandh\u00e4ngende Toilette<\/td>\n<\/tr>\n<tr>\n<td>Gr\u00f6\u00dfe<\/td>\n<td>490mm x 360mm x 360mm<\/td>\n<\/tr>\n<tr>\n<td>Flush-System<\/td>\n<td>Waschbar Randlos<\/td>\n<\/tr>\n<tr>\n<td>Merkmal Sitz<\/td>\n<td>Soft-Close-Sitz<\/td>\n<\/tr>\n<tr>\n<td>OEM- und ODM-Dienstleistungen<\/td>\n<td>Kundenspezifisches Logo, Farben, Verpackungen, Produktformen und Funktionen verf\u00fcgbar<\/td>\n<\/tr>\n<tr>\n<td>Entw\u00e4sserung Typ<\/td>\n<td>P-Falle: 180mm<\/td>\n<\/tr>\n<tr>\n<td>MOQ<\/td>\n<td>50 St\u00fcck, flexibel f\u00fcr weitere Diskussionen<\/td>\n<\/tr>\n<\/tbody>\n<\/table>\n<p>\n<script src=\"chrome-extension:\/\/fpelahbljekknahkcaegamhcndkfpfnc\/iFrame.js\" type=\"text\/javascript\"><\/script><\/p>","protected":false},"featured_media":1264,"comment_status":"closed","ping_status":"closed","template":"","meta":{"_acf_changed":false},"product_brand":[],"product_cat":[19],"product_tag":[],"class_list":{"0":"post-1252","1":"product","2":"type-product","3":"status-publish","4":"has-post-thumbnail","6":"product_cat-wholesale-wall-hung-toilets","8":"first","9":"instock","10":"shipping-taxable","11":"product-type-simple"},"acf":[],"_links":{"self":[{"href":"https:\/\/www.southvillabath.com\/de\/wp-json\/wp\/v2\/product\/1252","targetHints":{"allow":["GET"]}}],"collection":[{"href":"https:\/\/www.southvillabath.com\/de\/wp-json\/wp\/v2\/product"}],"about":[{"href":"https:\/\/www.southvillabath.com\/de\/wp-json\/wp\/v2\/types\/product"}],"replies":[{"embeddable":true,"href":"https:\/\/www.southvillabath.com\/de\/wp-json\/wp\/v2\/comments?post=1252"}],"wp:featuredmedia":[{"embeddable":true,"href":"https:\/\/www.southvillabath.com\/de\/wp-json\/wp\/v2\/media\/1264"}],"wp:attachment":[{"href":"https:\/\/www.southvillabath.com\/de\/wp-json\/wp\/v2\/media?parent=1252"}],"wp:term":[{"taxonomy":"product_brand","embeddable":true,"href":"https:\/\/www.southvillabath.com\/de\/wp-json\/wp\/v2\/product_brand?post=1252"},{"taxonomy":"product_cat","embeddable":true,"href":"https:\/\/www.southvillabath.com\/de\/wp-json\/wp\/v2\/product_cat?post=1252"},{"taxonomy":"product_tag","embeddable":true,"href":"https:\/\/www.southvillabath.com\/de\/wp-json\/wp\/v2\/product_tag?post=1252"}],"curies":[{"name":"wp","href":"https:\/\/api.w.org\/{rel}","templated":true}]}}