{"id":1160,"date":"2026-04-08T09:06:46","date_gmt":"2026-04-08T09:06:46","guid":{"rendered":"https:\/\/www.southvillabath.com\/?post_type=product&#038;p=1160"},"modified":"2026-04-09T02:01:03","modified_gmt":"2026-04-09T02:01:03","slug":"wholesale-new-design-two-piece-toilets","status":"publish","type":"product","link":"https:\/\/www.southvillabath.com\/de\/product\/wholesale-new-design-two-piece-toilets\/","title":{"rendered":"Gro\u00dfhandel neues Design zweiteilige Toilette SH-5118 - Hot-selling Toilette"},"content":{"rendered":"<div class=\"wp-block-columns is-layout-flex wp-container-core-columns-is-layout-9d6595d7 wp-block-columns-is-layout-flex\">\n<div class=\"wp-block-column is-layout-flow wp-block-column-is-layout-flow\">\n<h3 class=\"wp-block-heading\">Zweiteilige Toilette Merkmale<\/h3>\n\n\n\n<ul class=\"wp-block-list\">\n<li><strong>Innovatives Design des ausgestellten Rocks:<\/strong> Der SH-5118 zeichnet sich durch einen einzigartigen, ausgestellten Sockel aus, der ihn von handels\u00fcblichen Modellen abhebt. Diese zukunftsweisende \u00c4sthetik sorgt f\u00fcr ein hochwertiges, individuelles Aussehen, das Innenarchitekten und Premium-Einzelhandelskunden anspricht.<\/li>\n\n\n\n<li><strong>Felgenlose Technologie der n\u00e4chsten Generation:<\/strong> Dieses neue Design l\u00f6st sich von den veralteten Sch\u00fcsseln mit Rand und verwendet ein hocheffizientes Absp\u00fclsystem. Der randlose Innenraum bietet eine leistungsstarke 360-Grad-Sp\u00fclung, die f\u00fcr maximale Hygiene und ein modernes Benutzererlebnis sorgt, das sich auf wettbewerbsintensiven M\u00e4rkten leichter verkaufen l\u00e4sst.<\/li>\n\n\n\n<li><strong>Exklusives OEM\/ODM-Branding<\/strong>: Als neues Design ist die SH-5118 der perfekte Kandidat f\u00fcr Private Labeling. Unsere Toilettenfabrik kann das Branding und die Verpackung anpassen, so dass Gro\u00dfh\u00e4ndler diese moderne Silhouette unter ihrem eigenen Premium-Markennamen einf\u00fchren k\u00f6nnen.<\/li>\n\n\n\n<li><strong>Direkte Preisgestaltung ab Werk:<\/strong> \u00a0Indem Sie direkt von unserer Produktionsst\u00e4tte beziehen, umgehen Sie die Gewinnspannen der Handelsunternehmen. Dieses Direct-to-Factory-Modell garantiert Ihnen den g\u00fcnstigsten Gro\u00dfhandelspreis.<\/li>\n<\/ul>\n<\/div>\n\n\n\n<div class=\"wp-block-column is-layout-flow wp-block-column-is-layout-flow\">\n<figure class=\"wp-block-image size-full\"><img decoding=\"async\" width=\"750\" height=\"1662\" src=\"https:\/\/www.southvillabath.com\/wp-content\/uploads\/2026\/04\/wholesale-two-piece-toilet-2.jpg\" alt=\"\" class=\"wp-image-1246\" srcset=\"https:\/\/www.southvillabath.com\/wp-content\/uploads\/2026\/04\/wholesale-two-piece-toilet-2.jpg 750w, https:\/\/www.southvillabath.com\/wp-content\/uploads\/2026\/04\/wholesale-two-piece-toilet-2-135x300.jpg 135w, https:\/\/www.southvillabath.com\/wp-content\/uploads\/2026\/04\/wholesale-two-piece-toilet-2-5x12.jpg 5w, https:\/\/www.southvillabath.com\/wp-content\/uploads\/2026\/04\/wholesale-two-piece-toilet-2-600x1330.jpg 600w\" sizes=\"(max-width: 750px) 100vw, 750px\" \/><\/figure>\n<\/div>\n<\/div>","protected":false},"excerpt":{"rendered":"<p>Zweiteilige, sp\u00fclrandlose Toilette f\u00fcr den Gro\u00dfhandel, mit unserem neuesten kreativen Design. Die SH-5118 bricht die Form mit einer frischen, modernen Silhouette, die sich durch ihren unverwechselbaren ausgestellten, vollst\u00e4ndig umrandeten Boden auszeichnet. Die SH-5118 verf\u00fcgt \u00fcber einen vollst\u00e4ndig ummantelten Siphon, der die \u00fcberladenen Linien traditioneller Sanit\u00e4ranlagen eliminiert und eine glatte, skulpturale Form schafft, die ebenso sch\u00f6n wie pflegeleicht ist.\u00a0<\/p>\n<p>Kontaktieren Sie South Villa Toilet Factory, um das beste Angebot zu erhalten.<\/p>\n<h2><strong><b>Zweiteilige Toilette <\/b><\/strong><strong><b>Spezifikation<\/b><\/strong><\/h2>\n<table>\n<tbody>\n<tr>\n<td><strong><b>Spezifikation<\/b><\/strong><\/td>\n<td><strong><b>Einzelheiten<\/b><\/strong><\/td>\n<\/tr>\n<tr>\n<td>Modell<\/td>\n<td>SH-5118<\/td>\n<\/tr>\n<tr>\n<td>Toilette Typ<\/td>\n<td>Zweiteilige Toilette<\/td>\n<\/tr>\n<tr>\n<td>Gr\u00f6\u00dfe<\/td>\n<td>650mm x 340mm x 770mm<\/td>\n<\/tr>\n<tr>\n<td>Flush-System<\/td>\n<td>\n<p>Waschbar Randlos<\/p>\n<\/td>\n<\/tr>\n<tr>\n<td>Merkmal Sitz<\/td>\n<td>Soft-Close-Sitz<\/td>\n<\/tr>\n<tr>\n<td>OEM- und ODM-Dienstleistungen<\/td>\n<td>Kundenspezifisches Logo, Farben, Verpackungen, Produktformen und Funktionen verf\u00fcgbar<\/td>\n<\/tr>\n<tr>\n<td>Entw\u00e4sserung Typ<\/td>\n<td>P-Klappe: 180mm \/ S-Klappe: 250mm<\/td>\n<\/tr>\n<tr>\n<td>MOQ<\/td>\n<td>50 St\u00fcck, flexibel f\u00fcr weitere Diskussionen<\/td>\n<\/tr>\n<\/tbody>\n<\/table>\n<p>&nbsp;<\/p>\n<p>\n<script src=\"chrome-extension:\/\/fpelahbljekknahkcaegamhcndkfpfnc\/iFrame.js\" type=\"text\/javascript\"><\/script><\/p>","protected":false},"featured_media":1123,"comment_status":"closed","ping_status":"closed","template":"","meta":{"_acf_changed":false},"product_brand":[],"product_cat":[18],"product_tag":[],"class_list":{"0":"post-1160","1":"product","2":"type-product","3":"status-publish","4":"has-post-thumbnail","6":"product_cat-wholesale-two-piece-toilets","8":"first","9":"instock","10":"shipping-taxable","11":"product-type-simple"},"acf":[],"_links":{"self":[{"href":"https:\/\/www.southvillabath.com\/de\/wp-json\/wp\/v2\/product\/1160","targetHints":{"allow":["GET"]}}],"collection":[{"href":"https:\/\/www.southvillabath.com\/de\/wp-json\/wp\/v2\/product"}],"about":[{"href":"https:\/\/www.southvillabath.com\/de\/wp-json\/wp\/v2\/types\/product"}],"replies":[{"embeddable":true,"href":"https:\/\/www.southvillabath.com\/de\/wp-json\/wp\/v2\/comments?post=1160"}],"wp:featuredmedia":[{"embeddable":true,"href":"https:\/\/www.southvillabath.com\/de\/wp-json\/wp\/v2\/media\/1123"}],"wp:attachment":[{"href":"https:\/\/www.southvillabath.com\/de\/wp-json\/wp\/v2\/media?parent=1160"}],"wp:term":[{"taxonomy":"product_brand","embeddable":true,"href":"https:\/\/www.southvillabath.com\/de\/wp-json\/wp\/v2\/product_brand?post=1160"},{"taxonomy":"product_cat","embeddable":true,"href":"https:\/\/www.southvillabath.com\/de\/wp-json\/wp\/v2\/product_cat?post=1160"},{"taxonomy":"product_tag","embeddable":true,"href":"https:\/\/www.southvillabath.com\/de\/wp-json\/wp\/v2\/product_tag?post=1160"}],"curies":[{"name":"wp","href":"https:\/\/api.w.org\/{rel}","templated":true}]}}