{"id":1099,"date":"2026-03-24T02:21:08","date_gmt":"2026-03-24T02:21:08","guid":{"rendered":"https:\/\/www.southvillabath.com\/?post_type=product&#038;p=1099"},"modified":"2026-04-06T07:29:50","modified_gmt":"2026-04-06T07:29:50","slug":"oem-and-odm-toilet-factory-supply","status":"publish","type":"product","link":"https:\/\/www.southvillabath.com\/de\/product\/oem-and-odm-toilet-factory-supply\/","title":{"rendered":"OEM und ODM Zweiteilige Toilette Factory Supply: SH-5117 - Technische Unterst\u00fctzung und zuverl\u00e4ssiger Kundendienst"},"content":{"rendered":"<div class=\"wp-block-columns is-layout-flex wp-container-core-columns-is-layout-9d6595d7 wp-block-columns-is-layout-flex\">\n<div class=\"wp-block-column is-layout-flow wp-block-column-is-layout-flow\">\n<h3 class=\"wp-block-heading\">Zweiteilige Toilette Merkmale<\/h3>\n\n\n\n<ul class=\"wp-block-list\">\n<li><strong>Hochwertig: <\/strong>Unsere Toiletten werden unter Verwendung hochwertiger Materialien und pr\u00e4ziser Fertigungsstandards hergestellt, die eine zuverl\u00e4ssige Leistung und stabile Funktionalit\u00e4t gew\u00e4hrleisten. Dies schafft sowohl bei B2B-K\u00e4ufern als auch bei Endverbrauchern Vertrauen in die Sicherheit und den langfristigen Wert.<\/li>\n\n\n\n<li><strong>Kundenspezifisches Toilettendesign und Markenunterst\u00fctzung:<\/strong> Die SH-5117 unterst\u00fctzt einen umfassenden OEM- und ODM-Service, der es Unternehmen erm\u00f6glicht, das Design, die Farben, Logos und Funktionen der Toilette an ihre Markenidentit\u00e4t anzupassen und marktspezifische Anforderungen zu erf\u00fcllen.<\/li>\n\n\n\n<li><strong>Umfassende Garantie: <\/strong>Wir bieten eine 5-Jahres-Garantie auf den Keramikk\u00f6rper und eine 2-Jahres-Garantie auf das Zubeh\u00f6r, einschlie\u00dflich des Sp\u00fclmechanismus und des Sitzes, um eine langfristige Zuverl\u00e4ssigkeit zu gew\u00e4hrleisten.<\/li>\n\n\n\n<li><strong>Vollst\u00e4ndiges Support-System: <\/strong>Wir bieten Ersatzteile und direkte technische Unterst\u00fctzung, um Sie oder Ihre Endkunden bei der effizienten L\u00f6sung von Problemen zu unterst\u00fctzen und Betriebsunterbrechungen zu minimieren.<\/li>\n<\/ul>\n<\/div>\n\n\n\n<div class=\"wp-block-column is-layout-flow wp-block-column-is-layout-flow\">\n<figure class=\"wp-block-image size-full\"><img decoding=\"async\" width=\"807\" height=\"1575\" src=\"https:\/\/www.southvillabath.com\/wp-content\/uploads\/2026\/03\/toilet-factory-supply-sh-5117-dimensiont.webp\" alt=\"toilette fabrik liefern sh-5117 dimensiont\" class=\"wp-image-1101\" srcset=\"https:\/\/www.southvillabath.com\/wp-content\/uploads\/2026\/03\/toilet-factory-supply-sh-5117-dimensiont.webp 807w, https:\/\/www.southvillabath.com\/wp-content\/uploads\/2026\/03\/toilet-factory-supply-sh-5117-dimensiont-154x300.webp 154w, https:\/\/www.southvillabath.com\/wp-content\/uploads\/2026\/03\/toilet-factory-supply-sh-5117-dimensiont-768x1499.webp 768w, https:\/\/www.southvillabath.com\/wp-content\/uploads\/2026\/03\/toilet-factory-supply-sh-5117-dimensiont-6x12.webp 6w, https:\/\/www.southvillabath.com\/wp-content\/uploads\/2026\/03\/toilet-factory-supply-sh-5117-dimensiont-600x1171.webp 600w\" sizes=\"(max-width: 807px) 100vw, 807px\" \/><\/figure>\n<\/div>\n<\/div>","protected":false},"excerpt":{"rendered":"<p data-pm-slice=\"0 0 []\">Gro\u00dfhandel mit hochwertigen Toiletten. Unsere Toilettenfabrik bietet einen umfassenden Kundendienst, einschlie\u00dflich Garantien, Ersatzteile und fachkundige technische Unterst\u00fctzung. B2B-K\u00e4ufer profitieren von einer schnellen Probleml\u00f6sung, minimalen Projektunterbrechungen und langfristiger Zuverl\u00e4ssigkeit. Kontaktieren Sie uns f\u00fcr einen Werkspreis.<\/p>\n<h2><strong><b>Zweiteilige Toilette <\/b><\/strong><strong><b>Spezifikation<\/b><\/strong><\/h2>\n<table>\n<tbody>\n<tr>\n<td><strong><b>Spezifikation<\/b><\/strong><\/td>\n<td><strong><b>Einzelheiten<\/b><\/strong><\/td>\n<\/tr>\n<tr>\n<td>Modell<\/td>\n<td>SH-5117<\/td>\n<\/tr>\n<tr>\n<td>Toilette Typ<\/td>\n<td>Zweiteilige Toilette<\/td>\n<\/tr>\n<tr>\n<td>Gr\u00f6\u00dfe<\/td>\n<td>650mm x 340mm x 770mm<\/td>\n<\/tr>\n<tr>\n<td>Flush-System<\/td>\n<td>Waschbar Randlos<\/td>\n<\/tr>\n<tr>\n<td>Merkmal Sitz<\/td>\n<td>Soft-Close-Sitz<\/td>\n<\/tr>\n<tr>\n<td>OEM- und ODM-Dienstleistungen<\/td>\n<td>Kundenspezifisches Logo, Farben, Verpackungen, Produktformen und Funktionen verf\u00fcgbar<\/td>\n<\/tr>\n<tr>\n<td>Entw\u00e4sserung Typ<\/td>\n<td>P-Klappe: 180mm \/ S-Klappe: 250mm<\/td>\n<\/tr>\n<tr>\n<td>MOQ<\/td>\n<td>50 St\u00fcck, flexibel f\u00fcr weitere Diskussionen<\/td>\n<\/tr>\n<\/tbody>\n<\/table>\n<p>&nbsp;<\/p><\/p>","protected":false},"featured_media":1100,"comment_status":"closed","ping_status":"closed","template":"","meta":{"_acf_changed":false},"product_brand":[],"product_cat":[18],"product_tag":[],"class_list":{"0":"post-1099","1":"product","2":"type-product","3":"status-publish","4":"has-post-thumbnail","6":"product_cat-wholesale-two-piece-toilets","8":"first","9":"instock","10":"shipping-taxable","11":"product-type-simple"},"acf":[],"_links":{"self":[{"href":"https:\/\/www.southvillabath.com\/de\/wp-json\/wp\/v2\/product\/1099","targetHints":{"allow":["GET"]}}],"collection":[{"href":"https:\/\/www.southvillabath.com\/de\/wp-json\/wp\/v2\/product"}],"about":[{"href":"https:\/\/www.southvillabath.com\/de\/wp-json\/wp\/v2\/types\/product"}],"replies":[{"embeddable":true,"href":"https:\/\/www.southvillabath.com\/de\/wp-json\/wp\/v2\/comments?post=1099"}],"wp:featuredmedia":[{"embeddable":true,"href":"https:\/\/www.southvillabath.com\/de\/wp-json\/wp\/v2\/media\/1100"}],"wp:attachment":[{"href":"https:\/\/www.southvillabath.com\/de\/wp-json\/wp\/v2\/media?parent=1099"}],"wp:term":[{"taxonomy":"product_brand","embeddable":true,"href":"https:\/\/www.southvillabath.com\/de\/wp-json\/wp\/v2\/product_brand?post=1099"},{"taxonomy":"product_cat","embeddable":true,"href":"https:\/\/www.southvillabath.com\/de\/wp-json\/wp\/v2\/product_cat?post=1099"},{"taxonomy":"product_tag","embeddable":true,"href":"https:\/\/www.southvillabath.com\/de\/wp-json\/wp\/v2\/product_tag?post=1099"}],"curies":[{"name":"wp","href":"https:\/\/api.w.org\/{rel}","templated":true}]}}